{"id":14903,"date":"2022-05-11T15:13:02","date_gmt":"2022-05-11T15:13:02","guid":{"rendered":"https:\/\/clinicachela.com\/tractaments\/implants-dentals\/"},"modified":"2025-12-09T10:11:02","modified_gmt":"2025-12-09T10:11:02","slug":"implants-dentals","status":"publish","type":"page","link":"https:\/\/clinicachela.com\/ca\/tractaments\/implants-dentals\/","title":{"rendered":"Implants dentals"},"content":{"rendered":"<section class=\"l-section wpb_row us_custom_e2490876 height_medium\"><div class=\"l-section-h i-cf\"><div class=\"g-cols vc_row via_flex valign_top type_default stacking_default\"><div class=\"vc_col-sm-12 wpb_column vc_column_container\"><div class=\"vc_column-inner\"><div class=\"wpb_wrapper\"><div class=\"w-vwrapper us_custom_06df0cb2 align_none valign_top\"><div class=\"w-separator us_custom_7b04da34 has_text_color size_medium with_line width_default thick_3 style_solid color_border align_center\"><div class=\"w-separator-h\"><\/div><\/div><div class=\"w-hwrapper us_custom_04e2c52e service-breadcrumbs has_text_color valign_top align_none\"><span><span><a href=\"https:\/\/clinicachela.com\/ca\/inici2\/\">Inicio<\/a><\/span><\/span><\/div><h1 class=\"w-text us_custom_792e20c8\"><span class=\"w-text-h\"><span class=\"w-text-value\">Implants dentals<\/span><\/span><\/h1><div class=\"w-separator us_custom_7b04da34 has_text_color size_medium with_line width_default thick_3 style_solid color_border align_center\"><div class=\"w-separator-h\"><\/div><\/div><\/div><\/div><\/div><\/div><\/div><\/div><\/section><section class=\"l-section wpb_row height_medium with_img\"><div class=\"l-section-img lazyload\" role=\"img\" data-img-width=\"1349\" data-img-height=\"899\" style=\"background-image:inherit;background-repeat: no-repeat;\" data-bg-image=\"url(https:\/\/clinicachela.com\/wp-content\/uploads\/2022\/05\/img-tratamientos-03.jpg)\"><\/div><div class=\"l-section-overlay\" style=\"background:rgba(255,255,255,0.45)\"><\/div><div class=\"l-section-h i-cf\"><div class=\"g-cols vc_row via_flex valign_top type_default stacking_default\"><div class=\"vc_col-sm-12 wpb_column vc_column_container\"><div class=\"vc_column-inner\"><div class=\"wpb_wrapper\"><div class=\"w-grid type_grid layout_330 cols_4\" id=\"us_grid_1\" style=\"--columns:4;--gap:.5rem;\"><style>@media (max-width:1280px){#us_grid_1{--columns:3!important}}@media (max-width:1024px){#us_grid_1{--columns:2!important}}@media (max-width:600px){#us_grid_1{--columns:1!important}}.layout_330 .w-grid-item-h{box-shadow:0 0.1rem 0.2rem rgba(0,0,0,0.1),0 0.33rem 1rem rgba(0,0,0,0.1);transition-duration:0.3s}.no-touch .layout_330 .w-grid-item-h:hover{box-shadow:0 0rem 0rem rgba(0,0,0,0.1),0 0rem 0rem rgba(0,0,0,0.15);z-index:4}.layout_330 .usg_vwrapper_1{background:rgba(255,255,255,0.75) no-repeat center center \/ 30rem!important;padding:1.5rem 1.5rem 4.5rem 1.5rem!important}.layout_330 .usg_post_image_1{width:8rem!important;margin-left:auto!important;margin-right:auto!important}.layout_330 .usg_post_title_1{font-weight:700!important;font-size:1.4rem!important;margin-bottom:.6rem!important;padding-bottom:.6rem!important;border-bottom-width:2px!important;border-color:#262626!important;border-bottom-style:solid!important}.layout_330 .usg_post_content_1{font-size:.8rem!important}.layout_330 .usg_btn_1{font-family:var(--font-family)!important;font-weight:400!important;font-size:2rem!important;width:fit-content!important;position:absolute!important;bottom:1.5rem!important;background:transparent!important;padding:.2rem .8rem .2rem .8rem!important}<\/style><div class=\"w-grid-list\">\t<article class=\"w-grid-item size_1x1 post-15481 tratamientos type-tratamientos status-publish has-post-thumbnail hentry\" data-id=\"15481\">\r\n\t\t<div class=\"w-grid-item-h\">\r\n\t\t\t\t\t\t<div class=\"w-vwrapper usg_vwrapper_1 align_none valign_top\"><div class=\"w-post-elm post_image usg_post_image_1 has_width\"><a href=\"https:\/\/clinicachela.com\/implantes-dentales-en-un-dia\/\" aria-label=\"Dents en un dia\"><img decoding=\"async\" data-src=\"https:\/\/clinicachela.com\/wp-content\/uploads\/2022\/05\/vector-06.svg\" class=\"attachment-full size-full wp-post-image lazyload\" alt=\"\" src=\"data:image\/svg+xml;base64,PHN2ZyB3aWR0aD0iMSIgaGVpZ2h0PSIxIiB4bWxucz0iaHR0cDovL3d3dy53My5vcmcvMjAwMC9zdmciPjwvc3ZnPg==\" \/><\/a><\/div><h3 class=\"w-post-elm post_title usg_post_title_1 titulo-grid entry-title color_link_inherit\"><a href=\"https:\/\/clinicachela.com\/implantes-dentales-en-un-dia\/\">Dents en un dia<\/a><\/h3><div class=\"w-post-elm post_content usg_post_content_1\"><p>La revolucion\u00e0ria t\u00e8cnica All-On-Four \u00e9s una soluci\u00f3 que permet col\u00b7locar 4 implants i fixar una pr\u00f2tesi superior, inferior o totes dues, el mateix dia de la cirurgia.<\/p>\n<\/div><a class=\"w-btn us-btn-style_1 usg_btn_1\" href=\"https:\/\/clinicachela.com\/implantes-dentales-en-un-dia\/\"><span class=\"w-btn-label\">><\/span><\/a><\/div>\t\t<\/div>\r\n\t\t\t<\/article>\r\n\t<article class=\"w-grid-item size_1x1 post-15478 tratamientos type-tratamientos status-publish has-post-thumbnail hentry\" data-id=\"15478\">\r\n\t\t<div class=\"w-grid-item-h\">\r\n\t\t\t\t\t\t<div class=\"w-vwrapper usg_vwrapper_1 align_none valign_top\"><div class=\"w-post-elm post_image usg_post_image_1 has_width\"><a href=\"https:\/\/clinicachela.com\/implantes-cigomaticos\/\" aria-label=\"Implants zigom\u00e0tics\"><img decoding=\"async\" data-src=\"https:\/\/clinicachela.com\/wp-content\/uploads\/2022\/05\/vector-07.svg\" class=\"attachment-full size-full wp-post-image lazyload\" alt=\"\" src=\"data:image\/svg+xml;base64,PHN2ZyB3aWR0aD0iMSIgaGVpZ2h0PSIxIiB4bWxucz0iaHR0cDovL3d3dy53My5vcmcvMjAwMC9zdmciPjwvc3ZnPg==\" \/><\/a><\/div><h3 class=\"w-post-elm post_title usg_post_title_1 titulo-grid entry-title color_link_inherit\"><a href=\"https:\/\/clinicachela.com\/implantes-cigomaticos\/\">Implants zigom\u00e0tics<\/a><\/h3><div class=\"w-post-elm post_content usg_post_content_1\"><p>Aquests implants es col\u00b7loquen a l&#8217;os del p\u00f2mul i estan orientats a aquells pacients que pateixen una atr\u00f2fia a l&#8217;os maxil\u00b7lar, permetent aix\u00ed un excel\u00b7lent resultat quant a funci\u00f3 i est\u00e8tica. El Dr. Chela dicta confer\u00e8ncies a nivell nacional sobre aquesta t\u00e8cnica. <\/p>\n<\/div><a class=\"w-btn us-btn-style_1 usg_btn_1\" href=\"https:\/\/clinicachela.com\/implantes-cigomaticos\/\"><span class=\"w-btn-label\">><\/span><\/a><\/div>\t\t<\/div>\r\n\t\t\t<\/article>\r\n\t<article class=\"w-grid-item size_1x1 post-15477 tratamientos type-tratamientos status-publish has-post-thumbnail hentry\" data-id=\"15477\">\r\n\t\t<div class=\"w-grid-item-h\">\r\n\t\t\t\t\t\t<div class=\"w-vwrapper usg_vwrapper_1 align_none valign_top\"><div class=\"w-post-elm post_image usg_post_image_1 has_width\"><a href=\"https:\/\/clinicachela.com\/cirugia-guiada-minimamente-invasiva\/\" aria-label=\"Cirurgia guiada per ordinador\"><img decoding=\"async\" data-src=\"https:\/\/clinicachela.com\/wp-content\/uploads\/2022\/05\/vector-08.svg\" class=\"attachment-full size-full wp-post-image lazyload\" alt=\"\" src=\"data:image\/svg+xml;base64,PHN2ZyB3aWR0aD0iMSIgaGVpZ2h0PSIxIiB4bWxucz0iaHR0cDovL3d3dy53My5vcmcvMjAwMC9zdmciPjwvc3ZnPg==\" \/><\/a><\/div><h3 class=\"w-post-elm post_title usg_post_title_1 titulo-grid entry-title color_link_inherit\"><a href=\"https:\/\/clinicachela.com\/cirugia-guiada-minimamente-invasiva\/\">Cirurgia guiada per ordinador<\/a><\/h3><div class=\"w-post-elm post_content usg_post_content_1\"><p>La cirurgia guiada per ordinador permet mesurar amb m\u00e0xima exactitud i planificar de manera virtual la col\u00b7locaci\u00f3 dels implants abans de la intervenci\u00f3, a m\u00e9s evita fer punts de sutura.<\/p>\n<\/div><a class=\"w-btn us-btn-style_1 usg_btn_1\" href=\"https:\/\/clinicachela.com\/cirugia-guiada-minimamente-invasiva\/\"><span class=\"w-btn-label\">><\/span><\/a><\/div>\t\t<\/div>\r\n\t\t\t<\/article>\r\n\t<article class=\"w-grid-item size_1x1 post-15475 tratamientos type-tratamientos status-publish has-post-thumbnail hentry\" data-id=\"15475\">\r\n\t\t<div class=\"w-grid-item-h\">\r\n\t\t\t\t\t\t<div class=\"w-vwrapper usg_vwrapper_1 align_none valign_top\"><div class=\"w-post-elm post_image usg_post_image_1 has_width\"><a href=\"https:\/\/clinicachela.com\/regeneracion-injerto-oseo\/\" aria-label=\"T\u00e8cniques de regeneraci\u00f3\"><img decoding=\"async\" data-src=\"https:\/\/clinicachela.com\/wp-content\/uploads\/2022\/05\/vector-09.svg\" class=\"attachment-full size-full wp-post-image lazyload\" alt=\"\" src=\"data:image\/svg+xml;base64,PHN2ZyB3aWR0aD0iMSIgaGVpZ2h0PSIxIiB4bWxucz0iaHR0cDovL3d3dy53My5vcmcvMjAwMC9zdmciPjwvc3ZnPg==\" \/><\/a><\/div><h3 class=\"w-post-elm post_title usg_post_title_1 titulo-grid entry-title color_link_inherit\"><a href=\"https:\/\/clinicachela.com\/regeneracion-injerto-oseo\/\">T\u00e8cniques de regeneraci\u00f3<\/a><\/h3><div class=\"w-post-elm post_content usg_post_content_1\"><p>La regeneraci\u00f3 o empelt ossi \u00e9s un procediment que busca facilitar la formaci\u00f3 de pinyol en els defectes maxil\u00b7lars, assegurant un major \u00e8xit en la col\u00b7locaci\u00f3 dels implants.<\/p>\n<\/div><a class=\"w-btn us-btn-style_1 usg_btn_1\" href=\"https:\/\/clinicachela.com\/regeneracion-injerto-oseo\/\"><span class=\"w-btn-label\">><\/span><\/a><\/div>\t\t<\/div>\r\n\t\t\t<\/article>\r\n\t<article class=\"w-grid-item size_1x1 post-15473 tratamientos type-tratamientos status-publish has-post-thumbnail hentry\" data-id=\"15473\">\r\n\t\t<div class=\"w-grid-item-h\">\r\n\t\t\t\t\t\t<div class=\"w-vwrapper usg_vwrapper_1 align_none valign_top\"><div class=\"w-post-elm post_image usg_post_image_1 has_width\"><a href=\"https:\/\/clinicachela.com\/sedacion-consciente\/\" aria-label=\"Sedaci\u00f3 conscient\"><img decoding=\"async\" data-src=\"https:\/\/clinicachela.com\/wp-content\/uploads\/2022\/05\/vector-10.svg\" class=\"attachment-full size-full wp-post-image lazyload\" alt=\"\" src=\"data:image\/svg+xml;base64,PHN2ZyB3aWR0aD0iMSIgaGVpZ2h0PSIxIiB4bWxucz0iaHR0cDovL3d3dy53My5vcmcvMjAwMC9zdmciPjwvc3ZnPg==\" \/><\/a><\/div><h3 class=\"w-post-elm post_title usg_post_title_1 titulo-grid entry-title color_link_inherit\"><a href=\"https:\/\/clinicachela.com\/sedacion-consciente\/\">Sedaci\u00f3 conscient<\/a><\/h3><div class=\"w-post-elm post_content usg_post_content_1\"><p>Aquesta t\u00e8cnica totalment segura far\u00e0 m\u00e9s suportable i agradable la teva visita, el seu objectiu principal \u00e9s que els nostres pacients afrontin la seva intervenci\u00f3 amb la m\u00e0xima tranquil\u00b7litat i relaxaci\u00f3.<\/p>\n<\/div><a class=\"w-btn us-btn-style_1 usg_btn_1\" href=\"https:\/\/clinicachela.com\/sedacion-consciente\/\"><span class=\"w-btn-label\">><\/span><\/a><\/div>\t\t<\/div>\r\n\t\t\t<\/article>\r\n\t<article class=\"w-grid-item size_1x1 post-15471 tratamientos type-tratamientos status-publish has-post-thumbnail hentry\" data-id=\"15471\">\r\n\t\t<div class=\"w-grid-item-h\">\r\n\t\t\t\t\t\t<div class=\"w-vwrapper usg_vwrapper_1 align_none valign_top\"><div class=\"w-post-elm post_image usg_post_image_1 has_width\"><a href=\"https:\/\/clinicachela.com\/preguntas-frecuentes\/\" aria-label=\"FAQs\"><img decoding=\"async\" data-src=\"https:\/\/clinicachela.com\/wp-content\/uploads\/2022\/05\/vector-11.svg\" class=\"attachment-full size-full wp-post-image lazyload\" alt=\"\" src=\"data:image\/svg+xml;base64,PHN2ZyB3aWR0aD0iMSIgaGVpZ2h0PSIxIiB4bWxucz0iaHR0cDovL3d3dy53My5vcmcvMjAwMC9zdmciPjwvc3ZnPg==\" \/><\/a><\/div><h3 class=\"w-post-elm post_title usg_post_title_1 titulo-grid entry-title color_link_inherit\"><a href=\"https:\/\/clinicachela.com\/preguntas-frecuentes\/\">FAQs<\/a><\/h3><div class=\"w-post-elm post_content usg_post_content_1\"><p>Si tens algun dubte, aqu\u00ed t&#8217;ajudem a resoldre&#8217;ls.<\/p>\n<\/div><a class=\"w-btn us-btn-style_1 usg_btn_1\" href=\"https:\/\/clinicachela.com\/preguntas-frecuentes\/\"><span class=\"w-btn-label\">><\/span><\/a><\/div>\t\t<\/div>\r\n\t\t\t<\/article>\r\n<\/div><div class=\"w-grid-preloader\">\t<div class=\"g-preloader type_1\">\r\n\t\t<div><\/div>\r\n\t<\/div>\r\n\t<\/div>\t<div class=\"w-grid-json hidden\" onclick='return {&quot;action&quot;:&quot;us_ajax_grid&quot;,&quot;infinite_scroll&quot;:0,&quot;max_num_pages&quot;:1,&quot;pagination&quot;:&quot;none&quot;,&quot;template_vars&quot;:{&quot;columns&quot;:&quot;4&quot;,&quot;exclude_items&quot;:&quot;none&quot;,&quot;img_size&quot;:&quot;default&quot;,&quot;ignore_items_size&quot;:0,&quot;items_layout&quot;:&quot;330&quot;,&quot;items_offset&quot;:&quot;1&quot;,&quot;load_animation&quot;:&quot;none&quot;,&quot;overriding_link&quot;:&quot;{\\&quot;url\\&quot;:\\&quot;\\&quot;}&quot;,&quot;post_id&quot;:0,&quot;query_args&quot;:{&quot;ignore_sticky_posts&quot;:1,&quot;post_type&quot;:&quot;any&quot;,&quot;post__in&quot;:[&quot;309&quot;,&quot;316&quot;,&quot;317&quot;,&quot;318&quot;,&quot;319&quot;,&quot;320&quot;],&quot;posts_per_page&quot;:&quot;100&quot;},&quot;orderby_query_args&quot;:{&quot;orderby&quot;:{&quot;post__in&quot;:&quot;ASC&quot;},&quot;order&quot;:&quot;ASC&quot;},&quot;type&quot;:&quot;grid&quot;,&quot;us_grid_post_type&quot;:&quot;ids&quot;,&quot;us_grid_ajax_index&quot;:1,&quot;us_grid_filter_query_string&quot;:null,&quot;us_grid_index&quot;:1,&quot;page_args&quot;:[],&quot;lang&quot;:&quot;ca&quot;}}'><\/div>\r\n\t<\/div><\/div><\/div><\/div><\/div><\/div><\/section><section class=\"l-section wpb_row us_custom_e47d7875 height_medium\"><div class=\"l-section-h i-cf\"><div class=\"g-cols vc_row via_flex valign_top type_default stacking_default\"><div class=\"vc_col-sm-12 wpb_column vc_column_container\"><div class=\"vc_column-inner\"><div class=\"wpb_wrapper\"><div class=\"g-cols wpb_row us_custom_efc17075 via_flex valign_top type_default stacking_default\"><div class=\"vc_col-sm-12 wpb_column vc_column_container\"><div class=\"vc_column-inner\"><div class=\"wpb_wrapper\"><h2 class=\"w-text us_custom_cd795cfd has_text_color\"><span class=\"w-text-h\"><span class=\"w-text-value\">Qu\u00e8 s\u00f3n els implants dentals?<\/span><\/span><\/h2><div class=\"w-separator size_small with_line width_default thick_1 style_solid color_text align_center\"><div class=\"w-separator-h\"><\/div><\/div><div class=\"wpb_text_column\"><div class=\"wpb_wrapper\"><p>S\u00f3n cadascun dels substituts de les arrels dentals que es col\u00b7loquen a l&#8217;os maxil\u00b7lar tant superior com inferior mitjan\u00e7ant diferents t\u00e8cniques per a la posterior incorporaci\u00f3 de les pr\u00f2tesis o corones dentals. Aquestes corones o pr\u00f2tesis s\u00f3n pr\u00e8viament seleccionades i creades de manera personalitzada i amb la tecnologia m\u00e9s avan\u00e7ada del mercat.<\/p>\n<p>Aquests tenen com a objectiu <strong>restaurar la imatge est\u00e8tica del pacient o que pugui seguir amb les funcions pr\u00f2pies<\/strong> que t\u00e9 aquesta part del cos.<\/p>\n<p>Sens dubte s\u00f3n la millor opci\u00f3 en cas que les peces dentals que es tinguin estiguin deteriorades o s&#8217;hagin perdut tant per impactes indesitjats com per l&#8217;extracci\u00f3 d&#8217;aquests a causa de causes necess\u00e0ries.<\/p>\n<\/div><\/div><\/div><\/div><\/div><\/div><\/div><\/div><\/div><\/div><\/div><\/section><section class=\"l-section wpb_row height_large\"><div class=\"l-section-h i-cf\"><div class=\"g-cols vc_row via_flex valign_top type_default stacking_default\"><div class=\"vc_col-sm-12 wpb_column vc_column_container\"><div class=\"vc_column-inner\"><div class=\"wpb_wrapper\"><h3 class=\"w-text us_custom_46e53a39\"><span class=\"w-text-h\"><span class=\"w-text-value\">Testimonis<\/span><\/span><\/h3><div class=\"w-separator size_small with_line width_default thick_1 style_solid color_text align_center\"><div class=\"w-separator-h\"><\/div><\/div><div class=\"w-grid testimonial-carrousel type_carousel layout_366 items_3\" id=\"us_grid_2\" style=\"--items:3;--gap:1rem;\"><style>.layout_366 .w-grid-item-h{box-shadow:0 0.1rem 0.2rem rgba(0,0,0,0.1),0 0.33rem 1rem rgba(0,0,0,0.1);transition-duration:0.3s}.layout_366 .usg_vwrapper_1{padding:3rem!important;background:url(https:\/\/clinicachela.com\/wp-content\/uploads\/2022\/05\/vector-23.svg) no-repeat center center \/ 8rem!important}.layout_366 .usg_post_title_1{font-family:var(--h1-font-family)!important;font-weight:700!important;font-size:1.2rem!important;padding-bottom:2rem!important;position:absolute!important;left:0!important;bottom:0!important;right:0!important}.layout_366 .usg_post_image_1{width:8rem!important;margin-left:auto!important;margin-right:auto!important;border-radius:20rem!important}.layout_366 .usg_post_content_1{margin-top:2rem!important;margin-bottom:4rem!important}@media (min-width:1025px) and (max-width:1280px){.layout_366 .usg_vwrapper_1{padding:3rem!important}}@media (min-width:601px) and (max-width:1024px){.layout_366 .usg_vwrapper_1{padding:2rem!important}}@media (max-width:600px){.layout_366 .usg_vwrapper_1{padding:1.5rem!important}}<\/style><div class=\"w-grid-list owl-carousel valign_stretch dotstyle_circle navstyle_circle navpos_outside owl-responsive-2000 with_dots with_arrows\" style=\"--transition-duration:350ms;--arrows-size:1.5rem;\">\t<article class=\"w-grid-item post-15628 attachment type-attachment status-inherit hentry\" data-id=\"15628\">\r\n\t\t<div class=\"w-grid-item-h\">\r\n\t\t\t\t\t\t<div class=\"w-vwrapper usg_vwrapper_1 align_none valign_top\"><div class=\"w-post-elm post_image usg_post_image_1 has_width\"><a href=\"https:\/\/clinicachela.com\/ca\/img-testimonio-01\/\" aria-label=\"Mariona Chesa\"><img decoding=\"async\" width=\"1024\" height=\"1024\" data-src=\"https:\/\/clinicachela.com\/wp-content\/uploads\/2025\/02\/img-testimonio-01.jpg\" class=\"attachment-full size-full lazyload\" alt=\"\" src=\"data:image\/svg+xml;base64,PHN2ZyB3aWR0aD0iMSIgaGVpZ2h0PSIxIiB4bWxucz0iaHR0cDovL3d3dy53My5vcmcvMjAwMC9zdmciPjwvc3ZnPg==\" style=\"--smush-placeholder-width: 1024px; --smush-placeholder-aspect-ratio: 1024\/1024;\" \/><\/a><\/div><div class=\"w-post-elm post_content usg_post_content_1\">Vaig anar a fer-me una neteja i vaig quedar encantada. Molt recomanable pel tracte i la professionalitat dels seus treballadors. Tornar\u00e9 sense dubte.<\/div><span class=\"w-post-elm post_title usg_post_title_1 align_center entry-title color_link_inherit\">Mariona Chesa<\/span><\/div>\t\t<\/div>\r\n\t\t\t<\/article>\r\n\t<article class=\"w-grid-item post-15626 attachment type-attachment status-inherit hentry\" data-id=\"15626\">\r\n\t\t<div class=\"w-grid-item-h\">\r\n\t\t\t\t\t\t<div class=\"w-vwrapper usg_vwrapper_1 align_none valign_top\"><div class=\"w-post-elm post_image usg_post_image_1 has_width\"><a href=\"https:\/\/clinicachela.com\/ca\/img-testimonio-02\/\" aria-label=\"Tania Ser\u00e9s\"><img decoding=\"async\" width=\"1024\" height=\"1024\" data-src=\"https:\/\/clinicachela.com\/wp-content\/uploads\/2025\/02\/img-testimonio-02.jpg\" class=\"attachment-full size-full lazyload\" alt=\"\" src=\"data:image\/svg+xml;base64,PHN2ZyB3aWR0aD0iMSIgaGVpZ2h0PSIxIiB4bWxucz0iaHR0cDovL3d3dy53My5vcmcvMjAwMC9zdmciPjwvc3ZnPg==\" style=\"--smush-placeholder-width: 1024px; --smush-placeholder-aspect-ratio: 1024\/1024;\" \/><\/a><\/div><div class=\"w-post-elm post_content usg_post_content_1\">Grans professionals. Un tracte molt bo i professional cap al client, et transmeten molta confian\u00e7a i seguretat. Estic molt contenta des de la meva primera visita, els professionals s\u00f3n molt perfeccionistes a l\u2019hora de fer la seva feina. Sens dubte, el recomano totalment.<\/div><span class=\"w-post-elm post_title usg_post_title_1 align_center entry-title color_link_inherit\">Tania Ser\u00e9s<\/span><\/div>\t\t<\/div>\r\n\t\t\t<\/article>\r\n\t<article class=\"w-grid-item post-15624 attachment type-attachment status-inherit hentry\" data-id=\"15624\">\r\n\t\t<div class=\"w-grid-item-h\">\r\n\t\t\t\t\t\t<div class=\"w-vwrapper usg_vwrapper_1 align_none valign_top\"><div class=\"w-post-elm post_image usg_post_image_1 has_width\"><a href=\"https:\/\/clinicachela.com\/ca\/img-testimonio-03\/\" aria-label=\"Jaume Leal\"><img decoding=\"async\" width=\"1024\" height=\"1024\" data-src=\"https:\/\/clinicachela.com\/wp-content\/uploads\/2025\/02\/img-testimonio-03.jpg\" class=\"attachment-full size-full lazyload\" alt=\"\" src=\"data:image\/svg+xml;base64,PHN2ZyB3aWR0aD0iMSIgaGVpZ2h0PSIxIiB4bWxucz0iaHR0cDovL3d3dy53My5vcmcvMjAwMC9zdmciPjwvc3ZnPg==\" style=\"--smush-placeholder-width: 1024px; --smush-placeholder-aspect-ratio: 1024\/1024;\" \/><\/a><\/div><div class=\"w-post-elm post_content usg_post_content_1\">Fa molts anys que em tracto a la Cl\u00ednica Chela i m'he fet tota mena de tractaments. L'\u00faltim ha estat Invisalign amb l'ortodoncista i he quedat s\u00faper content amb el resultat. La meva cl\u00ednica de confian\u00e7a des del minut u, a m\u00e9s de les instal\u00b7lacions, que s\u00f3n meravelloses. Gr\u00e0cies, equip.<\/div><span class=\"w-post-elm post_title usg_post_title_1 align_center entry-title color_link_inherit\">Jaume Leal<\/span><\/div>\t\t<\/div>\r\n\t\t\t<\/article>\r\n\t<article class=\"w-grid-item post-15622 attachment type-attachment status-inherit hentry\" data-id=\"15622\">\r\n\t\t<div class=\"w-grid-item-h\">\r\n\t\t\t\t\t\t<div class=\"w-vwrapper usg_vwrapper_1 align_none valign_top\"><div class=\"w-post-elm post_image usg_post_image_1 has_width\"><a href=\"https:\/\/clinicachela.com\/ca\/img-testimonio-04\/\" aria-label=\"V\u00edctor D\u00edaz\"><img decoding=\"async\" width=\"1024\" height=\"1024\" data-src=\"https:\/\/clinicachela.com\/wp-content\/uploads\/2025\/02\/img-testimonio-04.jpg\" class=\"attachment-full size-full lazyload\" alt=\"\" src=\"data:image\/svg+xml;base64,PHN2ZyB3aWR0aD0iMSIgaGVpZ2h0PSIxIiB4bWxucz0iaHR0cDovL3d3dy53My5vcmcvMjAwMC9zdmciPjwvc3ZnPg==\" style=\"--smush-placeholder-width: 1024px; --smush-placeholder-aspect-ratio: 1024\/1024;\" \/><\/a><\/div><div class=\"w-post-elm post_content usg_post_content_1\">La meva experi\u00e8ncia en aquesta cl\u00ednica va ser insuperable, un gran tracte per part de tot el professional que hi treballa; per\u00f2, en especial, m\u2019agradaria destacar la feina de la Daniela. Em fa molt respecte anar al dentista i fer-me neteges bucals, i ella, com a gran professional i higienista que \u00e9s, em va ajudar en tot moment a relaxar-me durant el tractament.<\/div><span class=\"w-post-elm post_title usg_post_title_1 align_center entry-title color_link_inherit\">V\u00edctor D\u00edaz<\/span><\/div>\t\t<\/div>\r\n\t\t\t<\/article>\r\n<\/div>\t<div class=\"g-preloader type_1\">\r\n\t\t<div><\/div>\r\n\t<\/div>\r\n\t\t<div class=\"w-grid-json hidden\" onclick='return {&quot;action&quot;:&quot;us_ajax_grid&quot;,&quot;infinite_scroll&quot;:0,&quot;max_num_pages&quot;:1,&quot;pagination&quot;:&quot;none&quot;,&quot;template_vars&quot;:{&quot;columns&quot;:&quot;&quot;,&quot;exclude_items&quot;:&quot;none&quot;,&quot;img_size&quot;:&quot;default&quot;,&quot;ignore_items_size&quot;:0,&quot;items_layout&quot;:&quot;366&quot;,&quot;items_offset&quot;:&quot;0px&quot;,&quot;load_animation&quot;:&quot;none&quot;,&quot;overriding_link&quot;:&quot;%7B%22url%22%3A%22%22%7D&quot;,&quot;post_id&quot;:0,&quot;query_args&quot;:{&quot;post_type&quot;:[&quot;attachment&quot;],&quot;post__in&quot;:[&quot;15628&quot;,&quot;15626&quot;,&quot;15624&quot;,&quot;15622&quot;],&quot;post_status&quot;:&quot;inherit&quot;,&quot;post_mime_type&quot;:&quot;image&quot;,&quot;posts_per_page&quot;:&quot;10&quot;},&quot;orderby_query_args&quot;:{&quot;orderby&quot;:{&quot;post__in&quot;:&quot;ASC&quot;},&quot;order&quot;:&quot;ASC&quot;},&quot;type&quot;:&quot;carousel&quot;,&quot;us_grid_post_type&quot;:&quot;attachment&quot;,&quot;us_grid_ajax_index&quot;:2,&quot;us_grid_filter_query_string&quot;:null,&quot;us_grid_index&quot;:2,&quot;page_args&quot;:[],&quot;lang&quot;:&quot;ca&quot;},&quot;carousel_settings&quot;:{&quot;aria_labels&quot;:{&quot;prev&quot;:&quot;Anterior&quot;,&quot;next&quot;:&quot;Seg\\u00fcent&quot;},&quot;autoplayContinual&quot;:false,&quot;autoplayHoverPause&quot;:false,&quot;autoplayTimeout&quot;:3000,&quot;autoWidth&quot;:false,&quot;smartSpeed&quot;:350,&quot;margin&quot;:0,&quot;mouseDrag&quot;:true,&quot;rtl&quot;:false,&quot;slideBy&quot;:&quot;1&quot;,&quot;touchDrag&quot;:true,&quot;slideTransition&quot;:&quot;&quot;,&quot;responsive&quot;:{&quot;0&quot;:{&quot;autoHeight&quot;:false,&quot;autoplay&quot;:true,&quot;autoWidth&quot;:false,&quot;center&quot;:false,&quot;dots&quot;:true,&quot;items&quot;:1,&quot;loop&quot;:true,&quot;nav&quot;:false,&quot;stagePadding&quot;:0,&quot;slideBy&quot;:&quot;1&quot;},&quot;601&quot;:{&quot;autoHeight&quot;:false,&quot;autoplay&quot;:true,&quot;autoWidth&quot;:false,&quot;center&quot;:false,&quot;dots&quot;:true,&quot;items&quot;:2,&quot;loop&quot;:true,&quot;nav&quot;:true,&quot;stagePadding&quot;:0,&quot;slideBy&quot;:&quot;1&quot;},&quot;1025&quot;:{&quot;autoHeight&quot;:false,&quot;autoplay&quot;:true,&quot;autoWidth&quot;:false,&quot;center&quot;:false,&quot;dots&quot;:true,&quot;items&quot;:3,&quot;loop&quot;:true,&quot;nav&quot;:true,&quot;stagePadding&quot;:0,&quot;slideBy&quot;:&quot;1&quot;},&quot;1281&quot;:{&quot;items&quot;:3,&quot;autoplay&quot;:false,&quot;center&quot;:false,&quot;dots&quot;:true,&quot;nav&quot;:true,&quot;autoHeight&quot;:false,&quot;autoWidth&quot;:false,&quot;loop&quot;:true,&quot;stagePadding&quot;:0}}}}'><\/div>\r\n\t<\/div><\/div><\/div><\/div><\/div><\/div><\/section>\n","protected":false},"excerpt":{"rendered":"La meva experi\u00e8ncia en aquesta cl\u00ednica va ser insuperable, un gran tracte per part de tot el professional que hi treballa; per\u00f2, en especial, m\u2019agradaria destacar la feina de la Daniela. Em fa molt respecte anar al dentista i fer-me neteges bucals, i ella, com a gran professional i higienista que \u00e9s, em va ajudar...","protected":false},"author":5,"featured_media":0,"parent":14902,"menu_order":0,"comment_status":"closed","ping_status":"closed","template":"","meta":{"_acf_changed":false,"footnotes":""},"class_list":["post-14903","page","type-page","status-publish","hentry"],"acf":[],"_links":{"self":[{"href":"https:\/\/clinicachela.com\/ca\/wp-json\/wp\/v2\/pages\/14903"}],"collection":[{"href":"https:\/\/clinicachela.com\/ca\/wp-json\/wp\/v2\/pages"}],"about":[{"href":"https:\/\/clinicachela.com\/ca\/wp-json\/wp\/v2\/types\/page"}],"author":[{"embeddable":true,"href":"https:\/\/clinicachela.com\/ca\/wp-json\/wp\/v2\/users\/5"}],"replies":[{"embeddable":true,"href":"https:\/\/clinicachela.com\/ca\/wp-json\/wp\/v2\/comments?post=14903"}],"version-history":[{"count":13,"href":"https:\/\/clinicachela.com\/ca\/wp-json\/wp\/v2\/pages\/14903\/revisions"}],"predecessor-version":[{"id":36576,"href":"https:\/\/clinicachela.com\/ca\/wp-json\/wp\/v2\/pages\/14903\/revisions\/36576"}],"up":[{"embeddable":true,"href":"https:\/\/clinicachela.com\/ca\/wp-json\/wp\/v2\/pages\/14902"}],"wp:attachment":[{"href":"https:\/\/clinicachela.com\/ca\/wp-json\/wp\/v2\/media?parent=14903"}],"curies":[{"name":"wp","href":"https:\/\/api.w.org\/{rel}","templated":true}]}}