{"id":14911,"date":"2022-05-11T15:11:36","date_gmt":"2022-05-11T15:11:36","guid":{"rendered":"https:\/\/clinicachela.com\/tractaments\/implants-dentals\/implants-i-dents-en-un-dia\/"},"modified":"2026-03-24T07:30:02","modified_gmt":"2026-03-24T07:30:02","slug":"implants-i-dents-en-un-dia","status":"publish","type":"page","link":"https:\/\/clinicachela.com\/ca\/tractaments\/implants-dentals\/implants-i-dents-en-un-dia\/","title":{"rendered":"Implants i dents en un dia"},"content":{"rendered":"<section class=\"l-section wpb_row us_custom_9f6155f5 height_medium width_full\"><div class=\"l-section-h i-cf\"><div class=\"g-cols vc_row via_flex valign_middle type_default stacking_default\"><div class=\"vc_col-sm-12 wpb_column vc_column_container\"><div class=\"vc_column-inner\"><div class=\"wpb_wrapper\"><div class=\"g-cols wpb_row us_custom_eb9413fd service-breadcrumbs has_text_color via_flex valign_top type_default stacking_default\"><div class=\"vc_col-sm-12 wpb_column vc_column_container\"><div class=\"vc_column-inner\"><div class=\"wpb_wrapper\"><span><span><a href=\"https:\/\/clinicachela.com\/ca\/inici2\/\">Inici<\/a><\/span><\/span><\/div><\/div><\/div><\/div><div class=\"w-image us_custom_1c8143e8 align_center\"><div class=\"w-image-h\"><img decoding=\"async\" width=\"150\" height=\"150\" data-src=\"https:\/\/clinicachela.com\/wp-content\/uploads\/2022\/05\/vector-06.svg\" class=\"attachment-thumbnail size-thumbnail lazyload\" alt=\"\" src=\"data:image\/svg+xml;base64,PHN2ZyB3aWR0aD0iMSIgaGVpZ2h0PSIxIiB4bWxucz0iaHR0cDovL3d3dy53My5vcmcvMjAwMC9zdmciPjwvc3ZnPg==\" style=\"--smush-placeholder-width: 150px; --smush-placeholder-aspect-ratio: 150\/150;\" \/><\/div><\/div><h1 class=\"w-text us_custom_40a79c96\"><span class=\"w-text-h\"><span class=\"w-text-value\">Implants i dents en un dia<\/span><\/span><\/h1><\/div><\/div><\/div><\/div><\/div><\/section><section class=\"l-section wpb_row us_custom_cbb5e471 height_medium\"><div class=\"l-section-h i-cf\"><div class=\"g-cols vc_row via_flex valign_top type_default stacking_default\"><div class=\"vc_col-sm-12 wpb_column vc_column_container\"><div class=\"vc_column-inner\"><div class=\"wpb_wrapper\"><\/div><\/div><\/div><\/div><\/div><\/section><section class=\"l-section wpb_row us_custom_e47d7875 height_medium\"><div class=\"l-section-h i-cf\"><div class=\"g-cols vc_row via_flex valign_top type_default stacking_default\"><div class=\"vc_col-sm-12 wpb_column vc_column_container\"><div class=\"vc_column-inner\"><div class=\"wpb_wrapper\"><div class=\"g-cols wpb_row us_custom_efc17075 via_flex valign_top type_default stacking_default\"><div class=\"vc_col-sm-12 wpb_column vc_column_container\"><div class=\"vc_column-inner\"><div class=\"wpb_wrapper\"><div class=\"wpb_text_column\"><div class=\"wpb_wrapper\"><p>Opcions despr\u00e9s de la col\u00b7locaci\u00f3 dels implants dentals<\/p>\n<\/div><\/div><\/div><\/div><\/div><\/div><div class=\"g-cols wpb_row via_flex valign_top type_default stacking_default\" style=\"--additional-gap:1.5rem;\"><div class=\"vc_col-sm-4 wpb_column vc_column_container\"><div class=\"vc_column-inner us_custom_92b2762d\"><div class=\"wpb_wrapper\"><h2 class=\"w-text us_custom_a16e6009\"><span class=\"w-text-h\"><span class=\"w-text-value\">Implants de c\u00e0rrega immediata<\/span><\/span><\/h2><div class=\"w-separator us_custom_c5787b44 size_small with_line width_default thick_1 style_solid color_text align_center\"><div class=\"w-separator-h\"><\/div><\/div><div class=\"wpb_text_column\"><div class=\"wpb_wrapper\"><p>Els implants i la pr\u00f2tesi fixa es col\u00b7loquen el mateix dia de la intervenci\u00f3.<\/p>\n<\/div><\/div><\/div><\/div><\/div><div class=\"vc_col-sm-4 wpb_column vc_column_container\"><div class=\"vc_column-inner us_custom_92b2762d\"><div class=\"wpb_wrapper\"><h2 class=\"w-text us_custom_a16e6009\"><span class=\"w-text-h\"><span class=\"w-text-value\">Implants de c\u00e0rrega convencional<\/span><\/span><\/h2><div class=\"w-separator us_custom_c5787b44 size_small with_line width_default thick_1 style_solid color_text align_center\"><div class=\"w-separator-h\"><\/div><\/div><div class=\"wpb_text_column\"><div class=\"wpb_wrapper\"><p>La pr\u00f2tesi es col\u00b7loca despr\u00e9s dun per\u00edode dosteointegraci\u00f3 dels implants de 2 a 4 mesos.<\/p>\n<\/div><\/div><\/div><\/div><\/div><div class=\"vc_col-sm-4 wpb_column vc_column_container\"><div class=\"vc_column-inner us_custom_92b2762d\"><div class=\"wpb_wrapper\"><h2 class=\"w-text us_custom_a16e6009\"><span class=\"w-text-h\"><span class=\"w-text-value\">Implants de c\u00e0rrega<\/span><\/span><\/h2><h2 class=\"w-text us_custom_a16e6009\"><span class=\"w-text-h\"><span class=\"w-text-value\">tardana<\/span><\/span><\/h2><div class=\"w-separator us_custom_c5787b44 size_small with_line width_default thick_1 style_solid color_text align_center\"><div class=\"w-separator-h\"><\/div><\/div><div class=\"wpb_text_column\"><div class=\"wpb_wrapper\"><p>En un segon procediment, passats 6 mesos de curaci\u00f3 dels implants, es pot col\u00b7locar la pr\u00f2tesi definitiva.<\/p>\n<\/div><\/div><\/div><\/div><\/div><\/div><\/div><\/div><\/div><\/div><\/div><\/section><section class=\"l-section wpb_row height_medium\"><div class=\"l-section-h i-cf\"><div class=\"g-cols vc_row via_flex valign_top type_default stacking_default\"><div class=\"vc_col-sm-12 wpb_column vc_column_container\"><div class=\"vc_column-inner\"><div class=\"wpb_wrapper\"><h3 class=\"w-text us_custom_b2efa1d7 has_text_color\"><span class=\"w-text-h\"><span class=\"w-text-value\">M\u00e8tode All-on-4<\/span><\/span><\/h3><div class=\"w-separator size_small with_line width_default thick_1 style_solid color_text align_center\"><div class=\"w-separator-h\"><\/div><\/div><div class=\"g-cols wpb_row via_flex valign_top type_default stacking_default\"><div class=\"vc_col-sm-6 wpb_column vc_column_container\"><div class=\"vc_column-inner\"><div class=\"wpb_wrapper\"><div class=\"wpb_text_column\"><div class=\"wpb_wrapper\"><p>A CLINICA CHELA IMPLANTOLOGIA som experts en la revolucion\u00e0ria t\u00e8cnica All-On-4, que consisteix en la col\u00b7locaci\u00f3 estrat\u00e8gica de 4 implants que simplifiquen i agiliten el resultat final amb <strong>NOM\u00c9S UN DIA<\/strong> de tractament. D&#8217;aquesta manera, assegurem la fixaci\u00f3 correcta de la pr\u00f2tesi evitant aix\u00ed la sobrec\u00e0rrega de l&#8217;os.<\/p>\n<p>Ha quedat demostrat que <strong>l&#8217;\u00e8xit de la restauraci\u00f3 dental no resideix a realitzar m\u00e9s implants<\/strong> , sin\u00f3 en la qualitat dels mateixos i de l&#8217;os en qu\u00e8 s&#8217;ancoren. Hi ha diferents t\u00e8cniques de col\u00b7locaci\u00f3 d&#8217;implants que s&#8217;adapten a les necessitats de cada pacient.<\/p>\n<p>El m\u00e8tode All-On-4 \u00e9s la soluci\u00f3 m\u00e9s moderna per reempla\u00e7ar totes les peces dentals en tan sols 24 HORES. Menor cost, m\u00e9s rapidesa, sense empelts i obtenint un resultat final sorprenent, amb m\u00ednimes mol\u00e8sties per al pacient i sobretot, millorant-ne la qualitat de vida.<\/p>\n<\/div><\/div><\/div><\/div><\/div><div class=\"vc_col-sm-6 wpb_column vc_column_container\"><div class=\"vc_column-inner\"><div class=\"wpb_wrapper\"><div class=\"w-image us_custom_4edece6e align_none\"><div class=\"w-image-h\"><img decoding=\"async\" width=\"1024\" height=\"817\" data-src=\"https:\/\/clinicachela.com\/wp-content\/uploads\/2022\/06\/img-dientes-un-dia-02-1024x817.jpg\" class=\"attachment-large size-large lazyload\" alt=\"\" data-srcset=\"https:\/\/clinicachela.com\/wp-content\/uploads\/2022\/06\/img-dientes-un-dia-02-1024x817.jpg 1024w, https:\/\/clinicachela.com\/wp-content\/uploads\/2022\/06\/img-dientes-un-dia-02-300x239.jpg 300w, https:\/\/clinicachela.com\/wp-content\/uploads\/2022\/06\/img-dientes-un-dia-02.jpg 1734w\" data-sizes=\"(max-width: 1024px) 100vw, 1024px\" src=\"data:image\/svg+xml;base64,PHN2ZyB3aWR0aD0iMSIgaGVpZ2h0PSIxIiB4bWxucz0iaHR0cDovL3d3dy53My5vcmcvMjAwMC9zdmciPjwvc3ZnPg==\" style=\"--smush-placeholder-width: 1024px; --smush-placeholder-aspect-ratio: 1024\/817;\" \/><\/div><\/div><\/div><\/div><\/div><\/div><\/div><\/div><\/div><\/div><\/div><\/section>\n","protected":false},"excerpt":{"rendered":"IniciImplants i dents en un diaOpcions despr\u00e9s de la col\u00b7locaci\u00f3 dels implants dentals Implants de c\u00e0rrega immediataEls implants i la pr\u00f2tesi fixa es col\u00b7loquen el mateix dia de la intervenci\u00f3. Implants de c\u00e0rrega convencionalLa pr\u00f2tesi es col\u00b7loca despr\u00e9s dun per\u00edode dosteointegraci\u00f3 dels implants de 2 a 4 mesos. Implants de c\u00e0rregatardanaEn un segon procediment, passats...","protected":false},"author":5,"featured_media":0,"parent":14903,"menu_order":0,"comment_status":"closed","ping_status":"closed","template":"","meta":{"_acf_changed":false,"footnotes":""},"class_list":["post-14911","page","type-page","status-publish","hentry"],"acf":[],"_links":{"self":[{"href":"https:\/\/clinicachela.com\/ca\/wp-json\/wp\/v2\/pages\/14911"}],"collection":[{"href":"https:\/\/clinicachela.com\/ca\/wp-json\/wp\/v2\/pages"}],"about":[{"href":"https:\/\/clinicachela.com\/ca\/wp-json\/wp\/v2\/types\/page"}],"author":[{"embeddable":true,"href":"https:\/\/clinicachela.com\/ca\/wp-json\/wp\/v2\/users\/5"}],"replies":[{"embeddable":true,"href":"https:\/\/clinicachela.com\/ca\/wp-json\/wp\/v2\/comments?post=14911"}],"version-history":[{"count":14,"href":"https:\/\/clinicachela.com\/ca\/wp-json\/wp\/v2\/pages\/14911\/revisions"}],"predecessor-version":[{"id":38439,"href":"https:\/\/clinicachela.com\/ca\/wp-json\/wp\/v2\/pages\/14911\/revisions\/38439"}],"up":[{"embeddable":true,"href":"https:\/\/clinicachela.com\/ca\/wp-json\/wp\/v2\/pages\/14903"}],"wp:attachment":[{"href":"https:\/\/clinicachela.com\/ca\/wp-json\/wp\/v2\/media?parent=14911"}],"curies":[{"name":"wp","href":"https:\/\/api.w.org\/{rel}","templated":true}]}}