{"id":14914,"date":"2022-05-11T15:28:11","date_gmt":"2022-05-11T15:28:11","guid":{"rendered":"https:\/\/clinicachela.com\/tractaments\/implants-dentals\/cirurgia-guiada-per-ordinador\/"},"modified":"2026-03-24T07:50:53","modified_gmt":"2026-03-24T07:50:53","slug":"cirurgia-guiada-per-ordinador","status":"publish","type":"page","link":"https:\/\/clinicachela.com\/ca\/tractaments\/implants-dentals\/cirurgia-guiada-per-ordinador\/","title":{"rendered":"Cirurgia guiada per ordinador"},"content":{"rendered":"<section class=\"l-section wpb_row us_custom_9f6155f5 height_medium width_full\"><div class=\"l-section-h i-cf\"><div class=\"g-cols vc_row via_flex valign_middle type_default stacking_default\"><div class=\"vc_col-sm-12 wpb_column vc_column_container\"><div class=\"vc_column-inner\"><div class=\"wpb_wrapper\"><div class=\"g-cols wpb_row us_custom_eb9413fd service-breadcrumbs has_text_color via_flex valign_top type_default stacking_default\"><div class=\"vc_col-sm-12 wpb_column vc_column_container\"><div class=\"vc_column-inner\"><div class=\"wpb_wrapper\"><span><span><a href=\"https:\/\/clinicachela.com\/ca\/inici2\/\">Inicio<\/a><\/span><\/span><\/div><\/div><\/div><\/div><div class=\"w-image us_custom_a6110299 align_center\"><div class=\"w-image-h\"><img decoding=\"async\" width=\"150\" height=\"150\" data-src=\"https:\/\/clinicachela.com\/wp-content\/uploads\/2022\/05\/vector-08.svg\" class=\"attachment-thumbnail size-thumbnail lazyload\" alt=\"\" src=\"data:image\/svg+xml;base64,PHN2ZyB3aWR0aD0iMSIgaGVpZ2h0PSIxIiB4bWxucz0iaHR0cDovL3d3dy53My5vcmcvMjAwMC9zdmciPjwvc3ZnPg==\" style=\"--smush-placeholder-width: 150px; --smush-placeholder-aspect-ratio: 150\/150;\" \/><\/div><\/div><h1 class=\"w-text us_custom_c6bac996\"><span class=\"w-text-h\"><span class=\"w-text-value\">Cirurgia guiada per ordinador<\/span><\/span><\/h1><\/div><\/div><\/div><\/div><\/div><\/section><section class=\"l-section wpb_row us_custom_c765d8cf height_medium\"><div class=\"l-section-h i-cf\"><div class=\"g-cols vc_row via_flex valign_top type_default stacking_default\"><div class=\"vc_col-sm-12 wpb_column vc_column_container\"><div class=\"vc_column-inner\"><div class=\"wpb_wrapper\"><\/div><\/div><\/div><\/div><\/div><\/section><section class=\"l-section wpb_row us_custom_e47d7875 height_medium\"><div class=\"l-section-h i-cf\"><div class=\"g-cols vc_row via_flex valign_top type_default stacking_default\"><div class=\"vc_col-sm-12 wpb_column vc_column_container\"><div class=\"vc_column-inner\"><div class=\"wpb_wrapper\"><div class=\"g-cols wpb_row us_custom_efc17075 via_flex valign_top type_default stacking_default\"><div class=\"vc_col-sm-12 wpb_column vc_column_container\"><div class=\"vc_column-inner\"><div class=\"wpb_wrapper\"><div class=\"wpb_text_column\"><div class=\"wpb_wrapper\"><p>La cirurgia guiada per ordinador \u00e9s m\u00ednimament invasiva i molt predictible ja que empra un programari que permet simular virtualment la intervenci\u00f3 quir\u00fargica oferint una major seguretat.<\/p>\n<\/div><\/div><\/div><\/div><\/div><\/div><div class=\"g-cols wpb_row via_flex valign_top type_default stacking_default\" style=\"--additional-gap:1.5rem;\"><div class=\"vc_col-sm-4 wpb_column vc_column_container\"><div class=\"vc_column-inner us_custom_92b2762d\"><div class=\"wpb_wrapper\"><div class=\"w-text us_custom_b911298e has_text_color\"><span class=\"w-text-h\"><span class=\"w-text-value\">01<\/span><\/span><\/div><div class=\"wpb_text_column\"><div class=\"wpb_wrapper\"><p>Realitzem un estudi i una valoraci\u00f3 de cada pacient, segons l&#8217;anatomia i altres factors decisius, per determinar la idone\u00eftat d&#8217;utilitzaci\u00f3 d&#8217;aquesta t\u00e8cnica.<\/p>\n<\/div><\/div><\/div><\/div><\/div><div class=\"vc_col-sm-4 wpb_column vc_column_container\"><div class=\"vc_column-inner us_custom_92b2762d\"><div class=\"wpb_wrapper\"><div class=\"w-text us_custom_b911298e has_text_color\"><span class=\"w-text-h\"><span class=\"w-text-value\">02<\/span><\/span><\/div><div class=\"wpb_text_column\"><div class=\"wpb_wrapper\"><p>Utilitzem un TAC digital en 3D que ens d\u00f3na informaci\u00f3 de l&#8217;os existent a la zona que es rehabilitar\u00e0. Mitjan\u00e7ant el programari, l&#8217;implant\u00f2leg pot fer una planificaci\u00f3 virtual de la posici\u00f3 exacta on els implants han de ser col\u00b7locats.<\/p>\n<\/div><\/div><\/div><\/div><\/div><div class=\"vc_col-sm-4 wpb_column vc_column_container\"><div class=\"vc_column-inner us_custom_92b2762d\"><div class=\"wpb_wrapper\"><div class=\"w-text us_custom_b911298e has_text_color\"><span class=\"w-text-h\"><span class=\"w-text-value\">03<\/span><\/span><\/div><div class=\"wpb_text_column\"><div class=\"wpb_wrapper\"><p>El programari permet crear una f\u00e8rula quir\u00fargica que servir\u00e0 de guia en el moment de la intervenci\u00f3, proporcionant exactitud sense la necessitat de fer cap tipus d&#8217;incisi\u00f3 a la geniva.<\/p>\n<\/div><\/div><\/div><\/div><\/div><\/div><\/div><\/div><\/div><\/div><\/div><\/section><section class=\"l-section wpb_row height_medium\"><div class=\"l-section-h i-cf\"><div class=\"g-cols vc_row via_flex valign_top type_default stacking_default\"><div class=\"vc_col-sm-12 wpb_column vc_column_container\"><div class=\"vc_column-inner\"><div class=\"wpb_wrapper\"><div class=\"g-cols wpb_row us_custom_3257a9f0 via_flex valign_top type_default stacking_default\"><div class=\"vc_col-sm-12 wpb_column vc_column_container\"><div class=\"vc_column-inner\"><div class=\"wpb_wrapper\"><h2 class=\"w-text us_custom_d7b22167\"><span class=\"w-text-h\"><span class=\"w-text-value\">Quins avantatges t\u00e9 aquesta t\u00e8cnica dental?<\/span><\/span><\/h2><\/div><\/div><\/div><\/div><div class=\"g-cols wpb_row via_flex valign_top type_default stacking_default\"><div class=\"vc_col-sm-3 wpb_column vc_column_container\"><div class=\"vc_column-inner\"><div class=\"wpb_wrapper\"><h3 class=\"w-text us_custom_c4df72d4\"><span class=\"w-text-h\"><span class=\"w-text-value\">M\u00e0xima<\/span><\/span><\/h3><h3 class=\"w-text us_custom_c4df72d4\"><span class=\"w-text-h\"><span class=\"w-text-value\">precisi\u00f3<\/span><\/span><\/h3><div class=\"w-separator size_small with_line width_default thick_1 style_solid color_text align_center\"><div class=\"w-separator-h\"><\/div><\/div><div class=\"wpb_text_column\"><div class=\"wpb_wrapper\"><p>S&#8217;assegura la col\u00b7locaci\u00f3 dels implants exactament a la posici\u00f3 planificada.<\/p>\n<\/div><\/div><\/div><\/div><\/div><div class=\"vc_col-sm-3 wpb_column vc_column_container\"><div class=\"vc_column-inner\"><div class=\"wpb_wrapper\"><h3 class=\"w-text us_custom_c4df72d4\"><span class=\"w-text-h\"><span class=\"w-text-value\">Facilitat per<\/span><\/span><\/h3><h3 class=\"w-text us_custom_c4df72d4\"><span class=\"w-text-h\"><span class=\"w-text-value\">l&#039;expert<\/span><\/span><\/h3><div class=\"w-separator size_small with_line width_default thick_1 style_solid color_text align_center\"><div class=\"w-separator-h\"><\/div><\/div><div class=\"wpb_text_column\"><div class=\"wpb_wrapper\"><p>Eliminem el marge d&#8217;error considerablement augmentant aix\u00ed la seguretat.<\/p>\n<\/div><\/div><\/div><\/div><\/div><div class=\"vc_col-sm-3 wpb_column vc_column_container\"><div class=\"vc_column-inner\"><div class=\"wpb_wrapper\"><h3 class=\"w-text us_custom_c4df72d4\"><span class=\"w-text-h\"><span class=\"w-text-value\">Tranquil\u00b7litat per<\/span><\/span><\/h3><h3 class=\"w-text us_custom_c4df72d4\"><span class=\"w-text-h\"><span class=\"w-text-value\">el pacient<\/span><\/span><\/h3><div class=\"w-separator size_small with_line width_default thick_1 style_solid color_text align_center\"><div class=\"w-separator-h\"><\/div><\/div><div class=\"wpb_text_column\"><div class=\"wpb_wrapper\"><p>Es minimitza el dolor i la inflamaci\u00f3 postoperat\u00f2ria.<\/p>\n<\/div><\/div><\/div><\/div><\/div><div class=\"vc_col-sm-3 wpb_column vc_column_container\"><div class=\"vc_column-inner\"><div class=\"wpb_wrapper\"><h3 class=\"w-text us_custom_c4df72d4\"><span class=\"w-text-h\"><span class=\"w-text-value\">Rapidesa<\/span><\/span><\/h3><h3 class=\"w-text us_custom_c4df72d4\"><span class=\"w-text-h\"><span class=\"w-text-value\">i senzillesa<\/span><\/span><\/h3><div class=\"w-separator size_small with_line width_default thick_1 style_solid color_text align_center\"><div class=\"w-separator-h\"><\/div><\/div><div class=\"wpb_text_column\"><div class=\"wpb_wrapper\"><p>En un menor temps quir\u00fargic aconseguim un excel\u00b7lent resultat.<\/p>\n<\/div><\/div><\/div><\/div><\/div><\/div><\/div><\/div><\/div><\/div><\/div><\/section>\n","protected":false},"excerpt":{"rendered":"InicioCirurgia guiada per ordinadorLa cirurgia guiada per ordinador \u00e9s m\u00ednimament invasiva i molt predictible ja que empra un programari que permet simular virtualment la intervenci\u00f3 quir\u00fargica oferint una major seguretat. 01Realitzem un estudi i una valoraci\u00f3 de cada pacient, segons l&#8217;anatomia i altres factors decisius, per determinar la idone\u00eftat d&#8217;utilitzaci\u00f3 d&#8217;aquesta t\u00e8cnica. 02Utilitzem un TAC...","protected":false},"author":5,"featured_media":0,"parent":14903,"menu_order":0,"comment_status":"closed","ping_status":"closed","template":"","meta":{"_acf_changed":false,"footnotes":""},"class_list":["post-14914","page","type-page","status-publish","hentry"],"acf":[],"_links":{"self":[{"href":"https:\/\/clinicachela.com\/ca\/wp-json\/wp\/v2\/pages\/14914"}],"collection":[{"href":"https:\/\/clinicachela.com\/ca\/wp-json\/wp\/v2\/pages"}],"about":[{"href":"https:\/\/clinicachela.com\/ca\/wp-json\/wp\/v2\/types\/page"}],"author":[{"embeddable":true,"href":"https:\/\/clinicachela.com\/ca\/wp-json\/wp\/v2\/users\/5"}],"replies":[{"embeddable":true,"href":"https:\/\/clinicachela.com\/ca\/wp-json\/wp\/v2\/comments?post=14914"}],"version-history":[{"count":11,"href":"https:\/\/clinicachela.com\/ca\/wp-json\/wp\/v2\/pages\/14914\/revisions"}],"predecessor-version":[{"id":38456,"href":"https:\/\/clinicachela.com\/ca\/wp-json\/wp\/v2\/pages\/14914\/revisions\/38456"}],"up":[{"embeddable":true,"href":"https:\/\/clinicachela.com\/ca\/wp-json\/wp\/v2\/pages\/14903"}],"wp:attachment":[{"href":"https:\/\/clinicachela.com\/ca\/wp-json\/wp\/v2\/media?parent=14914"}],"curies":[{"name":"wp","href":"https:\/\/api.w.org\/{rel}","templated":true}]}}