{"id":14926,"date":"2022-05-11T15:31:50","date_gmt":"2022-05-11T15:31:50","guid":{"rendered":"https:\/\/clinicachela.com\/tractaments\/estetica-dental\/"},"modified":"2026-03-24T08:50:40","modified_gmt":"2026-03-24T08:50:40","slug":"estetica-dental","status":"publish","type":"page","link":"https:\/\/clinicachela.com\/ca\/tractaments\/estetica-dental\/","title":{"rendered":"Est\u00e8tica Dental"},"content":{"rendered":"<section class=\"l-section wpb_row us_custom_9f6155f5 height_medium width_full\"><div class=\"l-section-h i-cf\"><div class=\"g-cols vc_row via_flex valign_middle type_default stacking_default\"><div class=\"vc_col-sm-12 wpb_column vc_column_container\"><div class=\"vc_column-inner\"><div class=\"wpb_wrapper\"><div class=\"g-cols wpb_row us_custom_eb9413fd service-breadcrumbs has_text_color via_flex valign_top type_default stacking_default\"><div class=\"vc_col-sm-12 wpb_column vc_column_container\"><div class=\"vc_column-inner\"><div class=\"wpb_wrapper\"><span><span><a href=\"https:\/\/clinicachela.com\/ca\/inici2\/\">Inicio<\/a><\/span><\/span><\/div><\/div><\/div><\/div><div class=\"w-image us_custom_d28dd2e8 align_center\"><div class=\"w-image-h\"><img decoding=\"async\" width=\"150\" height=\"150\" data-src=\"https:\/\/clinicachela.com\/wp-content\/uploads\/2022\/05\/vector-12.svg\" class=\"attachment-thumbnail size-thumbnail lazyload\" alt=\"\" src=\"data:image\/svg+xml;base64,PHN2ZyB3aWR0aD0iMSIgaGVpZ2h0PSIxIiB4bWxucz0iaHR0cDovL3d3dy53My5vcmcvMjAwMC9zdmciPjwvc3ZnPg==\" style=\"--smush-placeholder-width: 150px; --smush-placeholder-aspect-ratio: 150\/150;\" \/><\/div><\/div><h1 class=\"w-text us_custom_2ac9b593\"><span class=\"w-text-h\"><span class=\"w-text-value\">Est\u00e8tica dental<\/span><\/span><\/h1><\/div><\/div><\/div><\/div><\/div><\/section><section class=\"l-section wpb_row us_custom_88ecef09 height_medium\"><div class=\"l-section-h i-cf\"><div class=\"g-cols vc_row via_flex valign_top type_default stacking_default\"><div class=\"vc_col-sm-12 wpb_column vc_column_container\"><div class=\"vc_column-inner\"><div class=\"wpb_wrapper\"><\/div><\/div><\/div><\/div><\/div><\/section><section class=\"l-section wpb_row height_medium\"><div class=\"l-section-h i-cf\"><div class=\"g-cols vc_row via_flex valign_top type_default stacking_default\"><div class=\"vc_col-sm-12 wpb_column vc_column_container\"><div class=\"vc_column-inner\"><div class=\"wpb_wrapper\"><div class=\"wpb_text_column\"><div class=\"wpb_wrapper\"><p>Estar a gust amb el teu somriure t\u00e9 una gran repercussi\u00f3 a la teva vida. Quan aquesta no us brinda seguretat i confian\u00e7a, podeu condicionar el vostre dia a dia. <\/p>\n<p>Cada cop \u00e9s m\u00e9s freq\u00fcent que arribin pacients a les nostres consultes buscant una soluci\u00f3 als problemes est\u00e8tics que els afecten. Per aix\u00f2, el nostre objectiu \u00e9s complir amb els seus anhels d&#8217;embellir el somriure brindant-los diferents tractaments i garantint-los qualitat, seguretat i efic\u00e0cia.<\/p>\n<\/div><\/div><\/div><\/div><\/div><\/div><\/div><\/section><section class=\"l-section wpb_row us_custom_e47d7875 height_large\"><div class=\"l-section-h i-cf\"><div class=\"g-cols vc_row via_flex valign_top type_default stacking_default\"><div class=\"vc_col-sm-12 wpb_column vc_column_container\"><div class=\"vc_column-inner\"><div class=\"wpb_wrapper\"><div class=\"g-cols wpb_row us_custom_4f24afa8 via_flex valign_top type_default stacking_default\"><div class=\"vc_col-sm-12 wpb_column vc_column_container\"><div class=\"vc_column-inner\"><div class=\"wpb_wrapper\"><h2 class=\"w-text us_custom_b2efa1d7 has_text_color\"><span class=\"w-text-h\"><span class=\"w-text-value\">Tipus d&#039;Est\u00e8tica Dental<\/span><\/span><\/h2><div class=\"w-separator size_small with_line width_default thick_1 style_solid color_text align_center\"><div class=\"w-separator-h\"><\/div><\/div><\/div><\/div><\/div><\/div><div class=\"g-cols wpb_row via_flex valign_top type_default stacking_default\" style=\"--additional-gap:4rem;\"><div class=\"vc_col-sm-6 wpb_column vc_column_container\"><div class=\"vc_column-inner us_custom_92b2762d\"><div class=\"wpb_wrapper\"><h2 class=\"w-text us_custom_a16e6009\"><span class=\"w-text-h\"><span class=\"w-text-value\">Carilles de porcellana<\/span><\/span><\/h2><div class=\"w-separator us_custom_c5787b44 size_small with_line width_default thick_1 style_solid color_text align_center\"><div class=\"w-separator-h\"><\/div><\/div><div class=\"wpb_text_column\"><div class=\"wpb_wrapper\"><p>Les facetes de porcellana s\u00f3n unes fines l\u00e0mines que es col\u00b7loquen sobre la dent o dents a tractar, una alternativa ideal per recuperar el teu somriure. \u00c9s un tipus de restauraci\u00f3 que busca corregir dents desalineades, fracturades, tacades, separades o gastades. \u00c9s una de les t\u00e8cniques menys agressives i amb m\u00e9s i millors resultats al sector de l&#8217;est\u00e8tica dental.<\/p>\n<\/div><\/div><div class=\"w-btn-wrapper align_none\"><a class=\"w-btn us-btn-style_3 us_custom_cdf14ffd\" title=\"Carilles de Porcellana\" href=\"https:\/\/clinicachela.com\/ca\/tractaments\/estetica-dental\/carilles-de-porcellana\/\"><span class=\"w-btn-label\">&gt;<\/span><\/a><\/div><\/div><\/div><\/div><div class=\"vc_col-sm-6 wpb_column vc_column_container\"><div class=\"vc_column-inner us_custom_92b2762d\"><div class=\"wpb_wrapper\"><h2 class=\"w-text us_custom_a16e6009\"><span class=\"w-text-h\"><span class=\"w-text-value\">Blanquejament dental<\/span><\/span><\/h2><div class=\"w-separator us_custom_c5787b44 size_small with_line width_default thick_1 style_solid color_text align_center\"><div class=\"w-separator-h\"><\/div><\/div><div class=\"wpb_text_column\"><div class=\"wpb_wrapper\"><p>\u00c9s un dels tractaments m\u00e9s sol\u00b7licitats per la seva senzillesa i rapidesa. Podem aclarir diversos tons el color de les dents i eliminar les taques presents a la superf\u00edcie, assegurant-te un nou somriure en aproximadament una hora.<\/p>\n<\/div><\/div><div class=\"w-btn-wrapper align_none\"><a class=\"w-btn us-btn-style_3 us_custom_cdf14ffd\" title=\"Blanquejament Dental\" href=\"https:\/\/clinicachela.com\/ca\/tractaments\/estetica-dental\/blanquejament-dental\/\"><span class=\"w-btn-label\">&gt;<\/span><\/a><\/div><\/div><\/div><\/div><\/div><\/div><\/div><\/div><\/div><\/div><\/section>\n","protected":false},"excerpt":{"rendered":"InicioEst\u00e8tica dentalEstar a gust amb el teu somriure t\u00e9 una gran repercussi\u00f3 a la teva vida. Quan aquesta no us brinda seguretat i confian\u00e7a, podeu condicionar el vostre dia a dia. Cada cop \u00e9s m\u00e9s freq\u00fcent que arribin pacients a les nostres consultes buscant una soluci\u00f3 als problemes est\u00e8tics que els afecten. Per aix\u00f2, el...","protected":false},"author":5,"featured_media":0,"parent":14902,"menu_order":0,"comment_status":"closed","ping_status":"closed","template":"","meta":{"_acf_changed":false,"footnotes":""},"class_list":["post-14926","page","type-page","status-publish","hentry"],"acf":[],"_links":{"self":[{"href":"https:\/\/clinicachela.com\/ca\/wp-json\/wp\/v2\/pages\/14926"}],"collection":[{"href":"https:\/\/clinicachela.com\/ca\/wp-json\/wp\/v2\/pages"}],"about":[{"href":"https:\/\/clinicachela.com\/ca\/wp-json\/wp\/v2\/types\/page"}],"author":[{"embeddable":true,"href":"https:\/\/clinicachela.com\/ca\/wp-json\/wp\/v2\/users\/5"}],"replies":[{"embeddable":true,"href":"https:\/\/clinicachela.com\/ca\/wp-json\/wp\/v2\/comments?post=14926"}],"version-history":[{"count":20,"href":"https:\/\/clinicachela.com\/ca\/wp-json\/wp\/v2\/pages\/14926\/revisions"}],"predecessor-version":[{"id":38482,"href":"https:\/\/clinicachela.com\/ca\/wp-json\/wp\/v2\/pages\/14926\/revisions\/38482"}],"up":[{"embeddable":true,"href":"https:\/\/clinicachela.com\/ca\/wp-json\/wp\/v2\/pages\/14902"}],"wp:attachment":[{"href":"https:\/\/clinicachela.com\/ca\/wp-json\/wp\/v2\/media?parent=14926"}],"curies":[{"name":"wp","href":"https:\/\/api.w.org\/{rel}","templated":true}]}}