{"id":14929,"date":"2022-05-11T15:30:34","date_gmt":"2022-05-11T15:30:34","guid":{"rendered":"https:\/\/clinicachela.com\/tractaments\/implants-dentals\/sedacio-conscient\/"},"modified":"2026-03-24T08:06:11","modified_gmt":"2026-03-24T08:06:11","slug":"sedacio-conscient","status":"publish","type":"page","link":"https:\/\/clinicachela.com\/ca\/tractaments\/implants-dentals\/sedacio-conscient\/","title":{"rendered":"Sedaci\u00f3 Conscient"},"content":{"rendered":"<section class=\"l-section wpb_row us_custom_9f6155f5 height_medium width_full\"><div class=\"l-section-h i-cf\"><div class=\"g-cols vc_row via_flex valign_middle type_default stacking_default\"><div class=\"vc_col-sm-12 wpb_column vc_column_container\"><div class=\"vc_column-inner\"><div class=\"wpb_wrapper\"><div class=\"g-cols wpb_row us_custom_eb9413fd service-breadcrumbs has_text_color via_flex valign_top type_default stacking_default\"><div class=\"vc_col-sm-12 wpb_column vc_column_container\"><div class=\"vc_column-inner\"><div class=\"wpb_wrapper\"><span><span><a href=\"https:\/\/clinicachela.com\/ca\/inici2\/\">Inicio<\/a><\/span><\/span><\/div><\/div><\/div><\/div><div class=\"w-image us_custom_09aef192 align_center\"><div class=\"w-image-h\"><img decoding=\"async\" width=\"150\" height=\"150\" data-src=\"https:\/\/clinicachela.com\/wp-content\/uploads\/2022\/05\/vector-10.svg\" class=\"attachment-thumbnail size-thumbnail lazyload\" alt=\"\" src=\"data:image\/svg+xml;base64,PHN2ZyB3aWR0aD0iMSIgaGVpZ2h0PSIxIiB4bWxucz0iaHR0cDovL3d3dy53My5vcmcvMjAwMC9zdmciPjwvc3ZnPg==\" style=\"--smush-placeholder-width: 150px; --smush-placeholder-aspect-ratio: 150\/150;\" \/><\/div><\/div><h1 class=\"w-text us_custom_87427113\"><span class=\"w-text-h\"><span class=\"w-text-value\">Sedaci\u00f3 conscient<\/span><\/span><\/h1><\/div><\/div><\/div><\/div><\/div><\/section><section class=\"l-section wpb_row us_custom_125c6059 height_medium\"><div class=\"l-section-h i-cf\"><div class=\"g-cols vc_row via_flex valign_top type_default stacking_default\"><div class=\"vc_col-sm-12 wpb_column vc_column_container\"><div class=\"vc_column-inner\"><div class=\"wpb_wrapper\"><\/div><\/div><\/div><\/div><\/div><\/section><section class=\"l-section wpb_row us_custom_e47d7875 height_medium\"><div class=\"l-section-h i-cf\"><div class=\"g-cols vc_row via_flex valign_top type_default stacking_default\"><div class=\"vc_col-sm-12 wpb_column vc_column_container\"><div class=\"vc_column-inner\"><div class=\"wpb_wrapper\"><div class=\"wpb_text_column\"><div class=\"wpb_wrapper\"><p>La sedaci\u00f3 conscient \u00e9s una t\u00e8cnica que mitjan\u00e7ant l&#8217;aplicaci\u00f3 d&#8217;un f\u00e0rmac de manera intravenosa facilita la relaxaci\u00f3 dels pacients. Est\u00e0 indicada per a persones que senten un alt nivell d&#8217;estr\u00e8s, de por i d&#8217;ansietat quan han d&#8217;acudir al dentista i sotmetre&#8217;s a un tractament.<\/p>\n<p>A <strong>Cl\u00ednica Chela<\/strong> disposem d\u00b4un equip propi d\u00b4anestesistes per dur a terme aquesta t\u00e8cnica amb tota la seguretat i garantia per als nostres pacients.<\/p>\n<\/div><\/div><\/div><\/div><\/div><\/div><\/div><\/section><section class=\"l-section wpb_row height_large\"><div class=\"l-section-h i-cf\"><div class=\"g-cols vc_row via_flex valign_top type_default stacking_default\"><div class=\"vc_col-sm-12 wpb_column vc_column_container\"><div class=\"vc_column-inner\"><div class=\"wpb_wrapper\"><div class=\"g-cols wpb_row via_flex valign_top type_default stacking_default\"><div class=\"vc_col-sm-6 wpb_column vc_column_container\"><div class=\"vc_column-inner\"><div class=\"wpb_wrapper\"><h2 class=\"w-text us_custom_b2efa1d7 has_text_color\"><span class=\"w-text-h\"><span class=\"w-text-value\">Quina reacci\u00f3 tenen els pacients amb la sedaci\u00f3 i quins possibles efectes secundaris hi ha?<\/span><\/span><\/h2><div class=\"w-separator size_small with_line width_default thick_1 style_solid color_text align_center\"><div class=\"w-separator-h\"><\/div><\/div><div class=\"wpb_text_column\"><div class=\"wpb_wrapper\"><p>A la <strong>sedaci\u00f3 conscient<\/strong> , el pacient mant\u00e9 la capacitat de respondre a les nostres peticions, ia m\u00e9s conserva l&#8217;activitat respirat\u00f2ria. Es troba <strong>relaxat i sense estr\u00e8s<\/strong> . Aix\u00ed mateix, en finalitzar el tractament, pot fer una vida totalment normal.<\/p>\n<p>Els possibles efectes secundaris no van m\u00e9s enll\u00e0 de sentir n\u00e0usees i mal de cap.<\/p>\n<\/div><\/div><\/div><\/div><\/div><div class=\"vc_col-sm-6 wpb_column vc_column_container\"><div class=\"vc_column-inner\"><div class=\"wpb_wrapper\"><h2 class=\"w-text us_custom_b2efa1d7 has_text_color\"><span class=\"w-text-h\"><span class=\"w-text-value\">Hi ha riscos<\/span><\/span><\/h2><h2 class=\"w-text us_custom_b2efa1d7 has_text_color\"><span class=\"w-text-h\"><span class=\"w-text-value\">en estar conscient?<\/span><\/span><\/h2><div class=\"w-separator size_small with_line width_default thick_1 style_solid color_text align_center\"><div class=\"w-separator-h\"><\/div><\/div><div class=\"wpb_text_column\"><div class=\"wpb_wrapper\"><p>No hi ha cap risc. Tenim una \u00e0mplia experi\u00e8ncia aplicant aquesta t\u00e8cnica i comptem amb els m\u00e9s destacats especialistes per assegurar el benestar dels nostres pacients.<\/p>\n<\/div><\/div><\/div><\/div><\/div><\/div><\/div><\/div><\/div><\/div><\/div><\/section>\n","protected":false},"excerpt":{"rendered":"InicioSedaci\u00f3 conscientLa sedaci\u00f3 conscient \u00e9s una t\u00e8cnica que mitjan\u00e7ant l&#8217;aplicaci\u00f3 d&#8217;un f\u00e0rmac de manera intravenosa facilita la relaxaci\u00f3 dels pacients. Est\u00e0 indicada per a persones que senten un alt nivell d&#8217;estr\u00e8s, de por i d&#8217;ansietat quan han d&#8217;acudir al dentista i sotmetre&#8217;s a un tractament. A Cl\u00ednica Chela disposem d\u00b4un equip propi d\u00b4anestesistes per dur...","protected":false},"author":5,"featured_media":0,"parent":14903,"menu_order":0,"comment_status":"closed","ping_status":"closed","template":"","meta":{"_acf_changed":false,"footnotes":""},"class_list":["post-14929","page","type-page","status-publish","hentry"],"acf":[],"_links":{"self":[{"href":"https:\/\/clinicachela.com\/ca\/wp-json\/wp\/v2\/pages\/14929"}],"collection":[{"href":"https:\/\/clinicachela.com\/ca\/wp-json\/wp\/v2\/pages"}],"about":[{"href":"https:\/\/clinicachela.com\/ca\/wp-json\/wp\/v2\/types\/page"}],"author":[{"embeddable":true,"href":"https:\/\/clinicachela.com\/ca\/wp-json\/wp\/v2\/users\/5"}],"replies":[{"embeddable":true,"href":"https:\/\/clinicachela.com\/ca\/wp-json\/wp\/v2\/comments?post=14929"}],"version-history":[{"count":15,"href":"https:\/\/clinicachela.com\/ca\/wp-json\/wp\/v2\/pages\/14929\/revisions"}],"predecessor-version":[{"id":38475,"href":"https:\/\/clinicachela.com\/ca\/wp-json\/wp\/v2\/pages\/14929\/revisions\/38475"}],"up":[{"embeddable":true,"href":"https:\/\/clinicachela.com\/ca\/wp-json\/wp\/v2\/pages\/14903"}],"wp:attachment":[{"href":"https:\/\/clinicachela.com\/ca\/wp-json\/wp\/v2\/media?parent=14929"}],"curies":[{"name":"wp","href":"https:\/\/api.w.org\/{rel}","templated":true}]}}