{"id":14933,"date":"2022-05-11T15:27:19","date_gmt":"2022-05-11T15:27:19","guid":{"rendered":"https:\/\/clinicachela.com\/tractaments\/implants-dentals\/implants-cigomatics\/"},"modified":"2026-03-24T08:48:35","modified_gmt":"2026-03-24T08:48:35","slug":"implants-cigomatics","status":"publish","type":"page","link":"https:\/\/clinicachela.com\/ca\/tractaments\/implants-dentals\/implants-cigomatics\/","title":{"rendered":"Implants Cigom\u00e0tics"},"content":{"rendered":"<section class=\"l-section wpb_row us_custom_9f6155f5 height_medium width_full\"><div class=\"l-section-h i-cf\"><div class=\"g-cols vc_row via_flex valign_middle type_default stacking_default\"><div class=\"vc_col-sm-12 wpb_column vc_column_container\"><div class=\"vc_column-inner\"><div class=\"wpb_wrapper\"><div class=\"g-cols wpb_row us_custom_eb9413fd service-breadcrumbs has_text_color via_flex valign_top type_default stacking_default\"><div class=\"vc_col-sm-12 wpb_column vc_column_container\"><div class=\"vc_column-inner\"><div class=\"wpb_wrapper\"><span><span><a href=\"https:\/\/clinicachela.com\/ca\/inici2\/\">Inicio<\/a><\/span><\/span><\/div><\/div><\/div><\/div><div class=\"w-image us_custom_d28dd2e8 align_center\"><div class=\"w-image-h\"><img decoding=\"async\" width=\"150\" height=\"150\" data-src=\"https:\/\/clinicachela.com\/wp-content\/uploads\/2022\/05\/vector-07.svg\" class=\"attachment-thumbnail size-thumbnail lazyload\" alt=\"\" src=\"data:image\/svg+xml;base64,PHN2ZyB3aWR0aD0iMSIgaGVpZ2h0PSIxIiB4bWxucz0iaHR0cDovL3d3dy53My5vcmcvMjAwMC9zdmciPjwvc3ZnPg==\" style=\"--smush-placeholder-width: 150px; --smush-placeholder-aspect-ratio: 150\/150;\" \/><\/div><\/div><h1 class=\"w-text us_custom_87427113\"><span class=\"w-text-h\"><span class=\"w-text-value\">Implants zigom\u00e0tics<\/span><\/span><\/h1><\/div><\/div><\/div><\/div><\/div><\/section><section class=\"l-section wpb_row us_custom_0f457714 height_medium\"><div class=\"l-section-h i-cf\"><div class=\"g-cols vc_row via_flex valign_top type_default stacking_default\"><div class=\"vc_col-sm-12 wpb_column vc_column_container\"><div class=\"vc_column-inner\"><div class=\"wpb_wrapper\"><\/div><\/div><\/div><\/div><\/div><\/section><section class=\"l-section wpb_row us_custom_e47d7875 height_medium\"><div class=\"l-section-h i-cf\"><div class=\"g-cols vc_row via_flex valign_top type_default stacking_default\"><div class=\"vc_col-sm-12 wpb_column vc_column_container\"><div class=\"vc_column-inner\"><div class=\"wpb_wrapper\"><div class=\"g-cols wpb_row us_custom_4f24afa8 via_flex valign_top type_default stacking_default\"><div class=\"vc_col-sm-12 wpb_column vc_column_container\"><div class=\"vc_column-inner\"><div class=\"wpb_wrapper\"><div class=\"wpb_text_column us_custom_b4198c51\"><div class=\"wpb_wrapper\"><p>Els implants zigom\u00e0tics es col\u00b7loquen a l&#8217;os del p\u00f2mul i ens permeten oferir un tractament revolucionari, proporcionant als pacients que no tenen qualitat i quantitat d&#8217;os maxil\u00b7lar, una soluci\u00f3 segura i confortable per recuperar la seva funcionalitat i est\u00e8tica dental des del primer dia.<\/p>\n<\/div><\/div><\/div><\/div><\/div><\/div><div class=\"g-cols wpb_row via_flex valign_top type_default stacking_default\"><div class=\"vc_col-sm-3 wpb_column vc_column_container\"><div class=\"vc_column-inner\"><div class=\"wpb_wrapper\"><div class=\"w-separator size_small with_line width_default thick_1 style_solid color_text align_center\"><div class=\"w-separator-h\"><\/div><\/div><div class=\"wpb_text_column us_custom_5e14175e\"><div class=\"wpb_wrapper\"><p>\u00c9s una alternativa als empelts ossis ia les elevacions sinusals, ja que ens ofereix un postoperatori millor.<\/p>\n<\/div><\/div><div class=\"w-separator hide_on_tablets hide_on_mobiles size_small with_line width_default thick_1 style_solid color_text align_center\"><div class=\"w-separator-h\"><\/div><\/div><\/div><\/div><\/div><div class=\"vc_col-sm-3 wpb_column vc_column_container\"><div class=\"vc_column-inner\"><div class=\"wpb_wrapper\"><div class=\"w-separator size_small with_line width_default thick_1 style_solid color_text align_center\"><div class=\"w-separator-h\"><\/div><\/div><div class=\"wpb_text_column us_custom_5e14175e\"><div class=\"wpb_wrapper\"><p>Actualment, aquesta t\u00e8cnica es realitza en pacients parcialment o totalment ed\u00e8ntols amb abs\u00e8ncia completa de pinyol.<\/p>\n<\/div><\/div><div class=\"w-separator hide_on_tablets hide_on_mobiles size_small with_line width_default thick_1 style_solid color_text align_center\"><div class=\"w-separator-h\"><\/div><\/div><\/div><\/div><\/div><div class=\"vc_col-sm-3 wpb_column vc_column_container\"><div class=\"vc_column-inner\"><div class=\"wpb_wrapper\"><div class=\"w-separator size_small with_line width_default thick_1 style_solid color_text align_center\"><div class=\"w-separator-h\"><\/div><\/div><div class=\"wpb_text_column us_custom_5e14175e\"><div class=\"wpb_wrapper\"><p>El tractament complet pot durar nom\u00e9s 24 hores, evitant llargs processos.<\/p>\n<\/div><\/div><div class=\"w-separator hide_on_tablets hide_on_mobiles size_small with_line width_default thick_1 style_solid color_text align_center\"><div class=\"w-separator-h\"><\/div><\/div><\/div><\/div><\/div><div class=\"vc_col-sm-3 wpb_column vc_column_container\"><div class=\"vc_column-inner\"><div class=\"wpb_wrapper\"><div class=\"w-separator size_small with_line width_default thick_1 style_solid color_text align_center\"><div class=\"w-separator-h\"><\/div><\/div><div class=\"wpb_text_column us_custom_5e14175e\"><div class=\"wpb_wrapper\"><p>Gr\u00e0cies a la darrera tecnologia, aquest procediment substitueix les antigues dentadures postisses<br \/>\n removibles.<\/p>\n<\/div><\/div><div class=\"w-separator hide_on_tablets hide_on_mobiles size_small with_line width_default thick_1 style_solid color_text align_center\"><div class=\"w-separator-h\"><\/div><\/div><\/div><\/div><\/div><\/div><\/div><\/div><\/div><\/div><\/div><\/section><section class=\"l-section wpb_row height_large\"><div class=\"l-section-h i-cf\"><div class=\"g-cols vc_row via_flex valign_top type_default stacking_default\"><div class=\"vc_col-sm-12 wpb_column vc_column_container\"><div class=\"vc_column-inner\"><div class=\"wpb_wrapper\"><div class=\"g-cols wpb_row via_flex valign_top type_default stacking_default\"><div class=\"vc_col-sm-6 wpb_column vc_column_container\"><div class=\"vc_column-inner\"><div class=\"wpb_wrapper\"><h2 class=\"w-text us_custom_b2efa1d7 has_text_color\"><span class=\"w-text-h\"><span class=\"w-text-value\">Quan es col\u00b7loquen i quines t\u00e8cniques es fan servir?<\/span><\/span><\/h2><div class=\"w-separator size_small with_line width_default thick_1 style_solid color_text align_center\"><div class=\"w-separator-h\"><\/div><\/div><div class=\"wpb_text_column\"><div class=\"wpb_wrapper\"><p>Aquest tipus d&#8217;implants dentals es col\u00b7loquen en persones que han perdut les dents a una edat primerenca i que han portat dentadura postissa molt de temps.<\/p>\n<p>Hi ha dues modalitats:<\/p>\n<ul>\n<li><strong>H\u00edbrid<\/strong> : per a pacients que han perdut os a la part posterior del maxil\u00b7lar. Es col\u00b7loquen dos implants est\u00e0ndard al sector anterior, i dos implants tipus cigoma (os del p\u00f2mul) a la part posterior.<\/li>\n<li><strong>Cigoma<\/strong> : pacients en qu\u00e8 l&#8217;os maxil\u00b7lar est\u00e0 totalment perdut. Es col\u00b7loquen quatre implants de tipus cigoma. Amb aquesta t\u00e8cnica es poden rehabilitar el 100% dels casos sense necessitat d&#8217;empelts de pinyol.<\/li>\n<\/ul>\n<\/div><\/div><\/div><\/div><\/div><div class=\"vc_col-sm-6 wpb_column vc_column_container\"><div class=\"vc_column-inner\"><div class=\"wpb_wrapper\"><h2 class=\"w-text us_custom_b2efa1d7 has_text_color\"><span class=\"w-text-h\"><span class=\"w-text-value\">Tipus de pacients per a una correcta col\u00b7locaci\u00f3<\/span><\/span><\/h2><div class=\"w-separator size_small with_line width_default thick_1 style_solid color_text align_center\"><div class=\"w-separator-h\"><\/div><\/div><div class=\"wpb_text_column\"><div class=\"wpb_wrapper\"><p>Aquests implants es col\u00b7loquen en pacients amb p\u00e8rdua parcial o total de les peces dentals i en casos d&#8217;atr\u00f2fia \u00f2ssia maxil\u00b7lar severa. Ofereixen resultats excel\u00b7lents en la rehabilitaci\u00f3 prot\u00e8sica d&#8217;una arcada completa.<\/p>\n<\/div><\/div><\/div><\/div><\/div><\/div><\/div><\/div><\/div><\/div><\/div><\/section><section class=\"l-section wpb_row us_custom_e47d7875 height_large\"><div class=\"l-section-h i-cf\"><div class=\"g-cols vc_row via_flex valign_top type_default stacking_default\"><div class=\"vc_col-sm-12 wpb_column vc_column_container\"><div class=\"vc_column-inner\"><div class=\"wpb_wrapper\"><div class=\"g-cols wpb_row via_flex valign_top type_default stacking_default\"><div class=\"vc_col-sm-12 wpb_column vc_column_container\"><div class=\"vc_column-inner\"><div class=\"wpb_wrapper\"><h2 class=\"w-text us_custom_b2efa1d7 has_text_color\"><span class=\"w-text-h\"><span class=\"w-text-value\">Per qu\u00e8 el Dr. Chela \u00e9s un dels majors experts en cirurgia zigom\u00e0tica?<\/span><\/span><\/h2><div class=\"w-separator size_small with_line width_default thick_1 style_solid color_text align_center\"><div class=\"w-separator-h\"><\/div><\/div><div class=\"wpb_text_column us_custom_f2eec366\"><div class=\"wpb_wrapper\"><p>El Dr. Chela compta amb una gran experi\u00e8ncia en implants zigom\u00e0tics. Aquesta t\u00e8cnica es fa amb una sedaci\u00f3 conscient, que no requereix hospitalitzaci\u00f3. Lexperi\u00e8ncia del doctor \u00e9s fonamental per a l\u00e8xit del tractament.<\/p>\n<\/div><\/div><div class=\"w-btn-wrapper align_none\"><a class=\"w-btn us-btn-style_1\" target=\"_blank\" href=\"https:\/\/clinicachela.com\/ca\/equip-huma\/\"><span class=\"w-btn-label\">Coneix el doctor<\/span><\/a><\/div><\/div><\/div><\/div><\/div><\/div><\/div><\/div><\/div><\/div><\/section>\n","protected":false},"excerpt":{"rendered":"InicioImplants zigom\u00e0ticsEls implants zigom\u00e0tics es col\u00b7loquen a l&#8217;os del p\u00f2mul i ens permeten oferir un tractament revolucionari, proporcionant als pacients que no tenen qualitat i quantitat d&#8217;os maxil\u00b7lar, una soluci\u00f3 segura i confortable per recuperar la seva funcionalitat i est\u00e8tica dental des del primer dia. \u00c9s una alternativa als empelts ossis ia les elevacions sinusals,...","protected":false},"author":5,"featured_media":0,"parent":14903,"menu_order":0,"comment_status":"closed","ping_status":"closed","template":"","meta":{"_acf_changed":false,"footnotes":""},"class_list":["post-14933","page","type-page","status-publish","hentry"],"acf":[],"_links":{"self":[{"href":"https:\/\/clinicachela.com\/ca\/wp-json\/wp\/v2\/pages\/14933"}],"collection":[{"href":"https:\/\/clinicachela.com\/ca\/wp-json\/wp\/v2\/pages"}],"about":[{"href":"https:\/\/clinicachela.com\/ca\/wp-json\/wp\/v2\/types\/page"}],"author":[{"embeddable":true,"href":"https:\/\/clinicachela.com\/ca\/wp-json\/wp\/v2\/users\/5"}],"replies":[{"embeddable":true,"href":"https:\/\/clinicachela.com\/ca\/wp-json\/wp\/v2\/comments?post=14933"}],"version-history":[{"count":20,"href":"https:\/\/clinicachela.com\/ca\/wp-json\/wp\/v2\/pages\/14933\/revisions"}],"predecessor-version":[{"id":38479,"href":"https:\/\/clinicachela.com\/ca\/wp-json\/wp\/v2\/pages\/14933\/revisions\/38479"}],"up":[{"embeddable":true,"href":"https:\/\/clinicachela.com\/ca\/wp-json\/wp\/v2\/pages\/14903"}],"wp:attachment":[{"href":"https:\/\/clinicachela.com\/ca\/wp-json\/wp\/v2\/media?parent=14933"}],"curies":[{"name":"wp","href":"https:\/\/api.w.org\/{rel}","templated":true}]}}