{"id":14963,"date":"2022-05-29T17:43:15","date_gmt":"2022-05-29T17:43:15","guid":{"rendered":"https:\/\/clinicachela.com\/cliniques\/"},"modified":"2025-02-25T12:11:46","modified_gmt":"2025-02-25T12:11:46","slug":"cliniques","status":"publish","type":"page","link":"https:\/\/clinicachela.com\/ca\/cliniques\/","title":{"rendered":"Cl\u00edniques"},"content":{"rendered":"<section class=\"l-section wpb_row us_custom_e2490876 height_medium\"><div class=\"l-section-h i-cf\"><div class=\"g-cols vc_row via_flex valign_top type_default stacking_default\"><div class=\"vc_col-sm-12 wpb_column vc_column_container\"><div class=\"vc_column-inner\"><div class=\"wpb_wrapper\"><div class=\"w-vwrapper us_custom_06df0cb2 align_none valign_top\"><div class=\"w-separator us_custom_7b04da34 has_text_color size_medium with_line width_default thick_3 style_solid color_border align_center\"><div class=\"w-separator-h\"><\/div><\/div><div class=\"w-hwrapper us_custom_04e2c52e service-breadcrumbs has_text_color valign_top align_none\"><span><span><a href=\"https:\/\/clinicachela.com\/ca\/inici2\/\">Inicio<\/a><\/span><\/span><\/div><h1 class=\"w-text us_custom_792e20c8\"><span class=\"w-text-h\"><span class=\"w-text-value\">Cl\u00edniques Dentals del Dr. Chela<\/span><\/span><\/h1><div class=\"w-separator us_custom_7b04da34 has_text_color size_medium with_line width_default thick_3 style_solid color_border align_center\"><div class=\"w-separator-h\"><\/div><\/div><\/div><\/div><\/div><\/div><\/div><\/div><\/section><section class=\"l-section wpb_row us_custom_e47d7875 height_medium\"><div class=\"l-section-h i-cf\"><div class=\"g-cols vc_row via_flex valign_top type_default stacking_default\"><div class=\"vc_col-sm-12 wpb_column vc_column_container\"><div class=\"vc_column-inner\"><div class=\"wpb_wrapper\"><div class=\"g-cols wpb_row us_custom_efc17075 via_flex valign_top type_default stacking_default\"><div class=\"vc_col-sm-12 wpb_column vc_column_container\"><div class=\"vc_column-inner\"><div class=\"wpb_wrapper\"><div class=\"wpb_text_column\"><div class=\"wpb_wrapper\"><p>Actualment, podr\u00e0s trobar-nos a les nostres <strong>cl\u00edniques dentals a Lleida, Lleida (Ortod\u00f2ncia), Balaguer, Mollerussa, Almacelles, Bin\u00e8far, Mons\u00f3 i Barbastre<\/strong> . En elles et sentir\u00e0s c\u00f2mode i tranquil, a m\u00e9s s\u00f3n la millor opci\u00f3 per a la cura de la higiene i la salut de les teves dents. <strong>Comptar\u00e0s amb la millor atenci\u00f3 i assessoria per part dels nostres dentistes professionals<\/strong> encarregats de millorar la teva qualitat bucodental. <\/p>\n<p>A continuaci\u00f3 podr\u00e0s trobar la teva cl\u00ednica m\u00e9s propera i com arribar-hi.<\/p>\n<\/div><\/div><\/div><\/div><\/div><\/div><div class=\"w-grid type_grid layout_624 cols_4\" id=\"us_grid_1\" style=\"--columns:4;--gap:1.5rem;\" data-filterable=\"true\"><style>@media (max-width:1280px){#us_grid_1{--columns:3!important}}@media (max-width:1024px){#us_grid_1{--columns:2!important}}@media (max-width:600px){#us_grid_1{--columns:1!important}}.layout_624 .w-grid-item-h{}.layout_624 .usg_post_title_1{font-weight:700!important}.layout_624 .usg_post_image_1{margin-bottom:0!important}.layout_624 .usg_vwrapper_1{margin-top:.8rem!important;margin-bottom:2.5rem!important;border-top-width:4!important;border-color:#262626!important;border-top-style:solid!important}<\/style><div class=\"w-grid-list\">\t<article class=\"w-grid-item size_1x1 post-15402 wpsl_stores type-wpsl_stores status-publish has-post-thumbnail hentry\" data-id=\"15402\">\r\n\t\t<div class=\"w-grid-item-h\">\r\n\t\t\t\t\t\t<h3 class=\"w-post-elm post_title usg_post_title_1 entry-title color_link_inherit\">Cl\u00ednica Dental Lleida<\/h3><div class=\"w-vwrapper usg_vwrapper_1 align_none valign_top\"><div class=\"w-post-elm post_image usg_post_image_1 has_ratio\"><a href=\"https:\/\/clinicachela.com\/ca\/clinica-dental\/clinica-dental-lleida\/\" aria-label=\"Cl\u00ednica Dental Lleida\"><img decoding=\"async\" width=\"800\" height=\"498\" data-src=\"https:\/\/clinicachela.com\/wp-content\/uploads\/2022\/05\/clinicachela-lleida-naranja.jpg\" class=\"attachment-full size-full wp-post-image lazyload\" alt=\"\" src=\"data:image\/svg+xml;base64,PHN2ZyB3aWR0aD0iMSIgaGVpZ2h0PSIxIiB4bWxucz0iaHR0cDovL3d3dy53My5vcmcvMjAwMC9zdmciPjwvc3ZnPg==\" style=\"--smush-placeholder-width: 800px; --smush-placeholder-aspect-ratio: 800\/498;\" \/><\/a><div style=\"padding-bottom:66.6667%\"><\/div><\/div><\/div>\t\t<\/div>\r\n\t\t\t<\/article>\r\n\t<article class=\"w-grid-item size_1x1 post-15404 wpsl_stores type-wpsl_stores status-publish has-post-thumbnail hentry\" data-id=\"15404\">\r\n\t\t<div class=\"w-grid-item-h\">\r\n\t\t\t\t\t\t<h3 class=\"w-post-elm post_title usg_post_title_1 entry-title color_link_inherit\">Cl\u00ednica Lleida Ortod\u00f2ncia<\/h3><div class=\"w-vwrapper usg_vwrapper_1 align_none valign_top\"><div class=\"w-post-elm post_image usg_post_image_1 has_ratio\"><a href=\"https:\/\/clinicachela.com\/ca\/clinica-dental\/clinica-lleida-ortodoncia\/\" aria-label=\"Cl\u00ednica Lleida Ortod\u00f2ncia\"><img decoding=\"async\" width=\"768\" height=\"470\" data-src=\"https:\/\/clinicachela.com\/wp-content\/uploads\/2022\/05\/cvvnhj.png\" class=\"attachment-full size-full wp-post-image lazyload\" alt=\"\" src=\"data:image\/svg+xml;base64,PHN2ZyB3aWR0aD0iMSIgaGVpZ2h0PSIxIiB4bWxucz0iaHR0cDovL3d3dy53My5vcmcvMjAwMC9zdmciPjwvc3ZnPg==\" style=\"--smush-placeholder-width: 768px; --smush-placeholder-aspect-ratio: 768\/470;\" \/><\/a><div style=\"padding-bottom:66.6667%\"><\/div><\/div><\/div>\t\t<\/div>\r\n\t\t\t<\/article>\r\n\t<article class=\"w-grid-item size_1x1 post-15407 wpsl_stores type-wpsl_stores status-publish has-post-thumbnail hentry\" data-id=\"15407\">\r\n\t\t<div class=\"w-grid-item-h\">\r\n\t\t\t\t\t\t<h3 class=\"w-post-elm post_title usg_post_title_1 entry-title color_link_inherit\">Cl\u00ednica Dental a Balaguer<\/h3><div class=\"w-vwrapper usg_vwrapper_1 align_none valign_top\"><div class=\"w-post-elm post_image usg_post_image_1 has_ratio\"><a href=\"https:\/\/clinicachela.com\/ca\/clinica-dental\/clinica-dental-a-balaguer\/\" aria-label=\"Cl\u00ednica Dental a Balaguer\"><img decoding=\"async\" width=\"383\" height=\"500\" data-src=\"https:\/\/clinicachela.com\/wp-content\/uploads\/2022\/05\/clinica-dental-balaguer4.jpg\" class=\"attachment-full size-full wp-post-image lazyload\" alt=\"\" src=\"data:image\/svg+xml;base64,PHN2ZyB3aWR0aD0iMSIgaGVpZ2h0PSIxIiB4bWxucz0iaHR0cDovL3d3dy53My5vcmcvMjAwMC9zdmciPjwvc3ZnPg==\" style=\"--smush-placeholder-width: 383px; --smush-placeholder-aspect-ratio: 383\/500;\" \/><\/a><div style=\"padding-bottom:66.6667%\"><\/div><\/div><\/div>\t\t<\/div>\r\n\t\t\t<\/article>\r\n\t<article class=\"w-grid-item size_1x1 post-15406 wpsl_stores type-wpsl_stores status-publish has-post-thumbnail hentry\" data-id=\"15406\">\r\n\t\t<div class=\"w-grid-item-h\">\r\n\t\t\t\t\t\t<h3 class=\"w-post-elm post_title usg_post_title_1 entry-title color_link_inherit\">Cl\u00ednica Dental Mollerussa<\/h3><div class=\"w-vwrapper usg_vwrapper_1 align_none valign_top\"><div class=\"w-post-elm post_image usg_post_image_1 has_ratio\"><a href=\"https:\/\/clinicachela.com\/ca\/clinica-dental\/clinica-dental-mollerussa\/\" aria-label=\"Cl\u00ednica Dental Mollerussa\"><img decoding=\"async\" width=\"647\" height=\"402\" data-src=\"https:\/\/clinicachela.com\/wp-content\/uploads\/2022\/05\/mollerusa-principal.jpg\" class=\"attachment-full size-full wp-post-image lazyload\" alt=\"\" src=\"data:image\/svg+xml;base64,PHN2ZyB3aWR0aD0iMSIgaGVpZ2h0PSIxIiB4bWxucz0iaHR0cDovL3d3dy53My5vcmcvMjAwMC9zdmciPjwvc3ZnPg==\" style=\"--smush-placeholder-width: 647px; --smush-placeholder-aspect-ratio: 647\/402;\" \/><\/a><div style=\"padding-bottom:66.6667%\"><\/div><\/div><\/div>\t\t<\/div>\r\n\t\t\t<\/article>\r\n\t<article class=\"w-grid-item size_1x1 post-15401 wpsl_stores type-wpsl_stores status-publish has-post-thumbnail hentry\" data-id=\"15401\">\r\n\t\t<div class=\"w-grid-item-h\">\r\n\t\t\t\t\t\t<h3 class=\"w-post-elm post_title usg_post_title_1 entry-title color_link_inherit\">Cl\u00ednica Dental Bin\u00e8far<\/h3><div class=\"w-vwrapper usg_vwrapper_1 align_none valign_top\"><div class=\"w-post-elm post_image usg_post_image_1 has_ratio\"><a href=\"https:\/\/clinicachela.com\/ca\/clinica-dental\/clinica-dental-binefar\/\" aria-label=\"Cl\u00ednica Dental Bin\u00e8far\"><img decoding=\"async\" width=\"600\" height=\"367\" data-src=\"https:\/\/clinicachela.com\/wp-content\/uploads\/2022\/04\/clinica-binefar.jpg\" class=\"attachment-full size-full wp-post-image lazyload\" alt=\"\" src=\"data:image\/svg+xml;base64,PHN2ZyB3aWR0aD0iMSIgaGVpZ2h0PSIxIiB4bWxucz0iaHR0cDovL3d3dy53My5vcmcvMjAwMC9zdmciPjwvc3ZnPg==\" style=\"--smush-placeholder-width: 600px; --smush-placeholder-aspect-ratio: 600\/367;\" \/><\/a><div style=\"padding-bottom:66.6667%\"><\/div><\/div><\/div>\t\t<\/div>\r\n\t\t\t<\/article>\r\n\t<article class=\"w-grid-item size_1x1 post-15405 wpsl_stores type-wpsl_stores status-publish has-post-thumbnail hentry\" data-id=\"15405\">\r\n\t\t<div class=\"w-grid-item-h\">\r\n\t\t\t\t\t\t<h3 class=\"w-post-elm post_title usg_post_title_1 entry-title color_link_inherit\">Cl\u00ednica Dental Monz\u00f3n<\/h3><div class=\"w-vwrapper usg_vwrapper_1 align_none valign_top\"><div class=\"w-post-elm post_image usg_post_image_1 has_ratio\"><a href=\"https:\/\/clinicachela.com\/ca\/clinica-dental\/clinica-dental-monzon\/\" aria-label=\"Cl\u00ednica Dental Monz\u00f3n\"><img decoding=\"async\" width=\"600\" height=\"369\" data-src=\"https:\/\/clinicachela.com\/wp-content\/uploads\/2022\/05\/monzon-naranja.jpg\" class=\"attachment-full size-full wp-post-image lazyload\" alt=\"\" src=\"data:image\/svg+xml;base64,PHN2ZyB3aWR0aD0iMSIgaGVpZ2h0PSIxIiB4bWxucz0iaHR0cDovL3d3dy53My5vcmcvMjAwMC9zdmciPjwvc3ZnPg==\" style=\"--smush-placeholder-width: 600px; --smush-placeholder-aspect-ratio: 600\/369;\" \/><\/a><div style=\"padding-bottom:66.6667%\"><\/div><\/div><\/div>\t\t<\/div>\r\n\t\t\t<\/article>\r\n\t<article class=\"w-grid-item size_1x1 post-15403 wpsl_stores type-wpsl_stores status-publish has-post-thumbnail hentry\" data-id=\"15403\">\r\n\t\t<div class=\"w-grid-item-h\">\r\n\t\t\t\t\t\t<h3 class=\"w-post-elm post_title usg_post_title_1 entry-title color_link_inherit\">Cl\u00ednica Dental Barbastre<\/h3><div class=\"w-vwrapper usg_vwrapper_1 align_none valign_top\"><div class=\"w-post-elm post_image usg_post_image_1 has_ratio\"><a href=\"https:\/\/clinicachela.com\/ca\/clinica-dental\/clinica-dental-barbastre\/\" aria-label=\"Cl\u00ednica Dental Barbastre\"><img decoding=\"async\" width=\"600\" height=\"371\" data-src=\"https:\/\/clinicachela.com\/wp-content\/uploads\/2022\/05\/barbastro-naranja2.jpg\" class=\"attachment-full size-full wp-post-image lazyload\" alt=\"\" src=\"data:image\/svg+xml;base64,PHN2ZyB3aWR0aD0iMSIgaGVpZ2h0PSIxIiB4bWxucz0iaHR0cDovL3d3dy53My5vcmcvMjAwMC9zdmciPjwvc3ZnPg==\" style=\"--smush-placeholder-width: 600px; --smush-placeholder-aspect-ratio: 600\/371;\" \/><\/a><div style=\"padding-bottom:66.6667%\"><\/div><\/div><\/div>\t\t<\/div>\r\n\t\t\t<\/article>\r\n<\/div><div class=\"w-grid-preloader\">\t<div class=\"g-preloader type_1\">\r\n\t\t<div><\/div>\r\n\t<\/div>\r\n\t<\/div>\t<div class=\"w-grid-json hidden\" onclick='return {&quot;action&quot;:&quot;us_ajax_grid&quot;,&quot;infinite_scroll&quot;:0,&quot;max_num_pages&quot;:1,&quot;pagination&quot;:&quot;none&quot;,&quot;template_vars&quot;:{&quot;columns&quot;:&quot;4&quot;,&quot;exclude_items&quot;:&quot;none&quot;,&quot;img_size&quot;:&quot;default&quot;,&quot;ignore_items_size&quot;:0,&quot;items_layout&quot;:&quot;624&quot;,&quot;items_offset&quot;:&quot;1&quot;,&quot;load_animation&quot;:&quot;none&quot;,&quot;overriding_link&quot;:&quot;{\\&quot;url\\&quot;:\\&quot;\\&quot;}&quot;,&quot;post_id&quot;:0,&quot;query_args&quot;:{&quot;post_type&quot;:[&quot;wpsl_stores&quot;],&quot;post_status&quot;:[&quot;publish&quot;,&quot;acf-disabled&quot;],&quot;posts_per_page&quot;:&quot;10&quot;},&quot;orderby_query_args&quot;:{&quot;orderby&quot;:&quot;custom_field_num&quot;,&quot;meta_key&quot;:&quot;orden_clinicas&quot;,&quot;order&quot;:&quot;ASC&quot;},&quot;type&quot;:&quot;grid&quot;,&quot;us_grid_post_type&quot;:&quot;wpsl_stores&quot;,&quot;us_grid_ajax_index&quot;:1,&quot;us_grid_filter_query_string&quot;:null,&quot;us_grid_index&quot;:1,&quot;page_args&quot;:[],&quot;lang&quot;:&quot;ca&quot;}}'><\/div>\r\n\t<\/div><\/div><\/div><\/div><\/div><\/div><\/section><section class=\"l-section wpb_row height_medium\"><div class=\"l-section-h i-cf\"><div class=\"g-cols vc_row via_flex valign_top type_default stacking_default\"><div class=\"vc_col-sm-12 wpb_column vc_column_container\"><div class=\"vc_column-inner\"><div class=\"wpb_wrapper\"><div class=\"g-cols wpb_row via_flex valign_top type_default stacking_default\"><div class=\"vc_col-sm-12 wpb_column vc_column_container\"><div class=\"vc_column-inner\"><div class=\"wpb_wrapper\"><h2 class=\"w-text us_custom_b2efa1d7 has_text_color\"><span class=\"w-text-h\"><span class=\"w-text-value\">Per qu\u00e8 visitar les nostres Cl\u00edniques d&#039;Implantologia Dental?<\/span><\/span><\/h2><div class=\"w-separator size_small with_line width_default thick_1 style_solid color_text align_center\"><div class=\"w-separator-h\"><\/div><\/div><\/div><\/div><\/div><\/div><div class=\"g-cols wpb_row via_flex valign_top type_default stacking_default\"><div class=\"vc_col-sm-12 wpb_column vc_column_container\"><div class=\"vc_column-inner\"><div class=\"wpb_wrapper\"><div class=\"wpb_text_column\"><div class=\"wpb_wrapper\"><p>Cadascuna de les nostres cl\u00edniques compta amb la millor tecnologia dental per a una correcta execuci\u00f3 de t\u00e8cniques d&#8217;implantologia realitzades pels millors professionals del sector.<\/p>\n<p> Aquests especialistes estan altament qualificats per fer intervencions quir\u00fargiques de les quals et transmetran en tot moment confian\u00e7a i seguretat.<\/p>\n<\/div><\/div><\/div><\/div><\/div><\/div><\/div><\/div><\/div><\/div><\/div><\/section><section class=\"l-section wpb_row height_medium\"><div class=\"l-section-h i-cf\"><div class=\"g-cols vc_row via_flex valign_top type_default stacking_default\"><div class=\"vc_col-sm-12 wpb_column vc_column_container\"><div class=\"vc_column-inner\"><div class=\"wpb_wrapper\"><style>\r\n\t#wpsl-stores .wpsl-store-thumb {height:45px !important; width:45px !important;}\r\n\t#wpsl-stores, #wpsl-direction-details, #wpsl-gmap {height:500px !important;}\r\n\t#wpsl-gmap .wpsl-info-window {max-width:225px !important;}\r\n\t.wpsl-input label, #wpsl-radius label, #wpsl-category label {width:95px;}\r\n\t#wpsl-search-input  {width:200px;}\r\n<\/style>\r\n<div id=\"wpsl-wrap\">\r\n\t<div class=\"wpsl-search wpsl-clearfix \">\r\n\t\t<div id=\"wpsl-search-wrap\">\r\n\t\t\t<form autocomplete=\"off\">\r\n\t\t\t<div class=\"wpsl-input\">\r\n\t\t\t\t<div><label for=\"wpsl-search-input\">La vostra ubicaci\u00f3<\/label><\/div>\r\n\t\t\t\t<input id=\"wpsl-search-input\" type=\"text\" value=\"\" name=\"wpsl-search-input\" placeholder=\"\" aria-required=\"true\" \/>\r\n\t\t\t<\/div>\r\n\t\t\t<div class=\"wpsl-select-wrap\">\r\n\t\t\t\t<div id=\"wpsl-radius\">\r\n\t\t\t\t\t<label for=\"wpsl-radius-dropdown\">Radi de cerca<\/label>\r\n\t\t\t\t\t<select id=\"wpsl-radius-dropdown\" class=\"wpsl-dropdown\" name=\"wpsl-radius\">\r\n\t\t\t\t\t\t<option value=\"10\">10 km<\/option><option value=\"25\">25 km<\/option><option value=\"50\">50 km<\/option><option selected=\"selected\" value=\"100\">100 km<\/option><option value=\"200\">200 km<\/option>\r\n\t\t\t\t\t<\/select>\r\n\t\t\t\t<\/div>\r\n\t\t\t\t<div id=\"wpsl-results\">\r\n\t\t\t\t\t<label for=\"wpsl-results-dropdown\">Resultats<\/label>\r\n\t\t\t\t\t<select id=\"wpsl-results-dropdown\" class=\"wpsl-dropdown\" name=\"wpsl-results\">\r\n\t\t\t\t\t\t<option selected=\"selected\" value=\"25\">25<\/option><option value=\"50\">50<\/option><option value=\"75\">75<\/option><option value=\"100\">100<\/option>\r\n\t\t\t\t\t<\/select>\r\n\t\t\t\t<\/div>\r\n\t\t\t<\/div>\r\n\t\t\t\t<div class=\"wpsl-search-btn-wrap\"><input id=\"wpsl-search-btn\" type=\"submit\" value=\"Cerca\"><\/div>\r\n\t\t<\/form>\r\n\t\t<\/div>\r\n\t<\/div>\r\n\t<div id=\"wpsl-gmap\" class=\"wpsl-gmap-canvas\"><\/div>\r\n\t<div id=\"wpsl-result-list\">\r\n\t\t<div id=\"wpsl-stores\" >\r\n\t\t\t<ul><\/ul>\r\n\t\t<\/div>\r\n\t\t<div id=\"wpsl-direction-details\">\r\n\t\t\t<ul><\/ul>\r\n\t\t<\/div>\r\n\t<\/div>\r\n<\/div>\r\n<\/div><\/div><\/div><\/div><\/div><\/section>\n","protected":false},"excerpt":{"rendered":"Especialistes en implants dentals i est\u00e8tica dental a Barbastro CLINICACHELAIMPLANTOLOGIA Barbastro, capital de la comarca del Somontano, compta amb tecnologia d'avantguarda i un equip d'especialistes a totes les \u00e0rees de l'odontologia. La formaci\u00f3 dels nostres dentistes en alts \u00e0mbits de l'odontologia \u00e9s la clau per oferir un servei \u00f2ptim a tots els nostres clients. Estem...","protected":false},"author":5,"featured_media":0,"parent":0,"menu_order":0,"comment_status":"closed","ping_status":"closed","template":"","meta":{"_acf_changed":false,"footnotes":""},"class_list":["post-14963","page","type-page","status-publish","hentry"],"acf":[],"_links":{"self":[{"href":"https:\/\/clinicachela.com\/ca\/wp-json\/wp\/v2\/pages\/14963"}],"collection":[{"href":"https:\/\/clinicachela.com\/ca\/wp-json\/wp\/v2\/pages"}],"about":[{"href":"https:\/\/clinicachela.com\/ca\/wp-json\/wp\/v2\/types\/page"}],"author":[{"embeddable":true,"href":"https:\/\/clinicachela.com\/ca\/wp-json\/wp\/v2\/users\/5"}],"replies":[{"embeddable":true,"href":"https:\/\/clinicachela.com\/ca\/wp-json\/wp\/v2\/comments?post=14963"}],"version-history":[{"count":3,"href":"https:\/\/clinicachela.com\/ca\/wp-json\/wp\/v2\/pages\/14963\/revisions"}],"predecessor-version":[{"id":15264,"href":"https:\/\/clinicachela.com\/ca\/wp-json\/wp\/v2\/pages\/14963\/revisions\/15264"}],"wp:attachment":[{"href":"https:\/\/clinicachela.com\/ca\/wp-json\/wp\/v2\/media?parent=14963"}],"curies":[{"name":"wp","href":"https:\/\/api.w.org\/{rel}","templated":true}]}}