{"id":14976,"date":"2022-05-11T15:37:52","date_gmt":"2022-05-11T15:37:52","guid":{"rendered":"https:\/\/clinicachela.com\/invisalign-ortodoncia-invisible\/"},"modified":"2026-03-26T08:51:11","modified_gmt":"2026-03-26T08:51:11","slug":"invisalign-ortodoncia-invisible","status":"publish","type":"page","link":"https:\/\/clinicachela.com\/ca\/invisalign-ortodoncia-invisible\/","title":{"rendered":"Invisalign: Ortod\u00f2ncia Invisible"},"content":{"rendered":"<section class=\"l-section wpb_row us_custom_4439aa16 height_medium width_full\"><div class=\"l-section-h i-cf\"><div class=\"g-cols vc_row via_flex valign_top type_default stacking_default\"><div class=\"vc_col-sm-12 wpb_column vc_column_container\"><div class=\"vc_column-inner\"><div class=\"wpb_wrapper\"><div class=\"g-cols wpb_row us_custom_96abebca service-breadcrumbs has_text_color via_flex valign_top type_default stacking_default\"><div class=\"vc_col-sm-12 wpb_column vc_column_container\"><div class=\"vc_column-inner\"><div class=\"wpb_wrapper\"><span><span><a href=\"https:\/\/clinicachela.com\/ca\/inici2\/\">Inicio<\/a><\/span><\/span><\/div><\/div><\/div><\/div><div class=\"w-image us_custom_1c8143e8 align_center\"><div class=\"w-image-h\"><img decoding=\"async\" width=\"150\" height=\"150\" data-src=\"https:\/\/clinicachela.com\/wp-content\/uploads\/2022\/05\/vector-20.svg\" class=\"attachment-thumbnail size-thumbnail lazyload\" alt=\"\" src=\"data:image\/svg+xml;base64,PHN2ZyB3aWR0aD0iMSIgaGVpZ2h0PSIxIiB4bWxucz0iaHR0cDovL3d3dy53My5vcmcvMjAwMC9zdmciPjwvc3ZnPg==\" style=\"--smush-placeholder-width: 150px; --smush-placeholder-aspect-ratio: 150\/150;\" \/><\/div><\/div><h1 class=\"w-text us_custom_40a79c96\"><span class=\"w-text-h\"><span class=\"w-text-value\">Invisalign<\/span><\/span><\/h1><\/div><\/div><\/div><\/div><\/div><\/section><section class=\"l-section wpb_row us_custom_b2dec193 height_medium\"><div class=\"l-section-h i-cf\"><div class=\"g-cols vc_row via_flex valign_top type_default stacking_default\"><div class=\"vc_col-sm-12 wpb_column vc_column_container\"><div class=\"vc_column-inner\"><div class=\"wpb_wrapper\"><\/div><\/div><\/div><\/div><\/div><\/section><section class=\"l-section wpb_row height_large\"><div class=\"l-section-h i-cf\"><div class=\"g-cols vc_row via_flex valign_top type_default stacking_default\"><div class=\"vc_col-sm-12 wpb_column vc_column_container\"><div class=\"vc_column-inner\"><div class=\"wpb_wrapper\"><div class=\"wpb_text_column\"><div class=\"wpb_wrapper\"><p>A Cl\u00ednica Chela som experts en aquest nou sistema d&#8217;ortod\u00f2ncia. Mitjan\u00e7ant l&#8217;\u00fas de f\u00e8rules transparents, previ estudi personalitzat, realitzem moviments graduals de les peces dentals, aconseguint un perfecte alineament i un excel\u00b7lent resultat est\u00e8tic. <\/p>\n<p><strong>A CL\u00cdNICAXELAIMPLANTOLOGIA som experts en aquest nou sistema<\/strong> . Despr\u00e9s de fer un exhaustiu estudi de la dentadura, elaborem un pla de tractament amb els moviments graduals que es necessiten per assolir l&#8217;objectiu. Al final, aix\u00f2 es tradueix en un joc d&#8217;alineadors que es van canviant i substituint per anar produint els moviments als maxil\u00b7lars.<\/p>\n<\/div><\/div><div class=\"g-cols wpb_row us_custom_26e815b0 via_flex valign_top type_default stacking_default\"><div class=\"vc_col-sm-12 wpb_column vc_column_container\"><div class=\"vc_column-inner\"><div class=\"wpb_wrapper\"><h2 class=\"w-text us_custom_b2efa1d7 has_text_color\"><span class=\"w-text-h\"><span class=\"w-text-value\">Qu\u00e8 cal saber sobre l&#039;ortod\u00f2ncia Invisalign?<\/span><\/span><\/h2><div class=\"w-separator size_small with_line width_default thick_1 style_solid color_text align_center\"><div class=\"w-separator-h\"><\/div><\/div><\/div><\/div><\/div><\/div><div class=\"g-cols wpb_row via_flex valign_top type_default stacking_default\"><div class=\"vc_col-sm-3 wpb_column vc_column_container\"><div class=\"vc_column-inner us_custom_ab574d1d\"><div class=\"wpb_wrapper\"><div class=\"w-image us_custom_4f24afa8 fullwidth has_ratio align_none\"><div class=\"w-image-h\"><div style=\"padding-bottom:100%\"><\/div><img decoding=\"async\" width=\"714\" height=\"648\" data-src=\"https:\/\/clinicachela.com\/wp-content\/uploads\/2022\/05\/img-invisalign-06.jpg\" class=\"attachment-full size-full lazyload\" alt=\"\" src=\"data:image\/svg+xml;base64,PHN2ZyB3aWR0aD0iMSIgaGVpZ2h0PSIxIiB4bWxucz0iaHR0cDovL3d3dy53My5vcmcvMjAwMC9zdmciPjwvc3ZnPg==\" style=\"--smush-placeholder-width: 714px; --smush-placeholder-aspect-ratio: 714\/648;\" \/><\/div><\/div><div class=\"wpb_text_column\"><div class=\"wpb_wrapper\"><p><strong>S\u00f3n transparents.  <\/strong>Aquest tipus d&#8217;ortod\u00f2ncia \u00e9s gaireb\u00e9 imperceptible a la vista, cosa que la converteix en altament est\u00e8tica i ning\u00fa no s&#8217;adonar\u00e0 que la portes.<\/p>\n<\/div><\/div><\/div><\/div><\/div><div class=\"vc_col-sm-3 wpb_column vc_column_container\"><div class=\"vc_column-inner us_custom_ab574d1d\"><div class=\"wpb_wrapper\"><div class=\"w-image us_custom_4f24afa8 fullwidth has_ratio align_none\"><div class=\"w-image-h\"><div style=\"padding-bottom:100%\"><\/div><img decoding=\"async\" width=\"714\" height=\"648\" data-src=\"https:\/\/clinicachela.com\/wp-content\/uploads\/2022\/05\/img-invisalign-05.jpg\" class=\"attachment-full size-full lazyload\" alt=\"\" src=\"data:image\/svg+xml;base64,PHN2ZyB3aWR0aD0iMSIgaGVpZ2h0PSIxIiB4bWxucz0iaHR0cDovL3d3dy53My5vcmcvMjAwMC9zdmciPjwvc3ZnPg==\" style=\"--smush-placeholder-width: 714px; --smush-placeholder-aspect-ratio: 714\/648;\" \/><\/div><\/div><div class=\"wpb_text_column\"><div class=\"wpb_wrapper\"><p><strong>S\u00f3n removibles.<\/strong>  Es poden treure i tornar a posar de manera puntual. \u00c9s recomanable portar-les com a m\u00ednim 22 hores al dia.<\/p>\n<\/div><\/div><\/div><\/div><\/div><div class=\"vc_col-sm-3 wpb_column vc_column_container\"><div class=\"vc_column-inner us_custom_ab574d1d\"><div class=\"wpb_wrapper\"><div class=\"w-image us_custom_4f24afa8 fullwidth has_ratio align_none\"><div class=\"w-image-h\"><div style=\"padding-bottom:100%\"><\/div><img decoding=\"async\" width=\"1527\" height=\"1017\" data-src=\"https:\/\/clinicachela.com\/wp-content\/uploads\/2022\/05\/img-invisalign-02.jpg\" class=\"attachment-full size-full lazyload\" alt=\"\" src=\"data:image\/svg+xml;base64,PHN2ZyB3aWR0aD0iMSIgaGVpZ2h0PSIxIiB4bWxucz0iaHR0cDovL3d3dy53My5vcmcvMjAwMC9zdmciPjwvc3ZnPg==\" style=\"--smush-placeholder-width: 1527px; --smush-placeholder-aspect-ratio: 1527\/1017;\" \/><\/div><\/div><div class=\"wpb_text_column\"><div class=\"wpb_wrapper\"><p><strong>Personalitzaci\u00f3<\/strong> . Es fa a mida per a cada pacient, cosa que proporciona una gran efic\u00e0cia.<\/p>\n<\/div><\/div><\/div><\/div><\/div><div class=\"vc_col-sm-3 wpb_column vc_column_container\"><div class=\"vc_column-inner us_custom_ab574d1d\"><div class=\"wpb_wrapper\"><div class=\"w-image us_custom_4f24afa8 fullwidth has_ratio align_none\"><div class=\"w-image-h\"><div style=\"padding-bottom:100%\"><\/div><img decoding=\"async\" width=\"714\" height=\"648\" data-src=\"https:\/\/clinicachela.com\/wp-content\/uploads\/2022\/05\/img-invisalign-03.jpg\" class=\"attachment-full size-full lazyload\" alt=\"\" src=\"data:image\/svg+xml;base64,PHN2ZyB3aWR0aD0iMSIgaGVpZ2h0PSIxIiB4bWxucz0iaHR0cDovL3d3dy53My5vcmcvMjAwMC9zdmciPjwvc3ZnPg==\" style=\"--smush-placeholder-width: 714px; --smush-placeholder-aspect-ratio: 714\/648;\" \/><\/div><\/div><div class=\"wpb_text_column\"><div class=\"wpb_wrapper\"><p><strong>Higiene<\/strong> . Com que tu mateix pots treure-te-les, podr\u00e0s raspallar-te les dents i netejar les f\u00e8rules de forma separada, cosa que fa que la higiene sigui molt m\u00e9s efectiva.<\/p>\n<\/div><\/div><\/div><\/div><\/div><\/div><\/div><\/div><\/div><\/div><\/div><\/section><section class=\"l-section wpb_row height_small\"><div class=\"l-section-h i-cf\"><div class=\"g-cols vc_row via_flex valign_top type_default stacking_default\"><div class=\"vc_col-sm-6 wpb_column vc_column_container\"><div class=\"vc_column-inner\"><div class=\"wpb_wrapper\"><div class=\"w-image fullwidth align_none\"><div class=\"w-image-h\"><img decoding=\"async\" width=\"904\" height=\"720\" data-src=\"https:\/\/clinicachela.com\/wp-content\/uploads\/2022\/10\/i-1.png\" class=\"attachment-large size-large lazyload\" alt=\"\" src=\"data:image\/svg+xml;base64,PHN2ZyB3aWR0aD0iMSIgaGVpZ2h0PSIxIiB4bWxucz0iaHR0cDovL3d3dy53My5vcmcvMjAwMC9zdmciPjwvc3ZnPg==\" style=\"--smush-placeholder-width: 904px; --smush-placeholder-aspect-ratio: 904\/720;\" \/><\/div><\/div><\/div><\/div><\/div><div class=\"vc_col-sm-6 wpb_column vc_column_container\"><div class=\"vc_column-inner\"><div class=\"wpb_wrapper\"><div class=\"w-image align_none\"><div class=\"w-image-h\"><img decoding=\"async\" width=\"1024\" height=\"341\" data-src=\"https:\/\/clinicachela.com\/wp-content\/uploads\/2022\/05\/img-invisalign-07-1024x341.jpg\" class=\"attachment-large size-large lazyload\" alt=\"\" data-srcset=\"https:\/\/clinicachela.com\/wp-content\/uploads\/2022\/05\/img-invisalign-07-1024x341.jpg 1024w, https:\/\/clinicachela.com\/wp-content\/uploads\/2022\/05\/img-invisalign-07-300x100.jpg 300w, https:\/\/clinicachela.com\/wp-content\/uploads\/2022\/05\/img-invisalign-07.jpg 1494w\" data-sizes=\"(max-width: 1024px) 100vw, 1024px\" src=\"data:image\/svg+xml;base64,PHN2ZyB3aWR0aD0iMSIgaGVpZ2h0PSIxIiB4bWxucz0iaHR0cDovL3d3dy53My5vcmcvMjAwMC9zdmciPjwvc3ZnPg==\" style=\"--smush-placeholder-width: 1024px; --smush-placeholder-aspect-ratio: 1024\/341;\" \/><\/div><\/div><\/div><\/div><\/div><\/div><\/div><\/section><section class=\"l-section wpb_row height_large\"><div class=\"l-section-h i-cf\"><div class=\"g-cols vc_row via_flex valign_top type_default stacking_default\"><div class=\"vc_col-sm-12 wpb_column vc_column_container\"><div class=\"vc_column-inner\"><div class=\"wpb_wrapper\"><h2 class=\"w-text us_custom_cd795cfd has_text_color\"><span class=\"w-text-h\"><span class=\"w-text-value\">Tamb\u00e9 us pot interessar<\/span><\/span><\/h2><div class=\"w-separator us_custom_f2eec366 size_small with_line width_default thick_1 style_solid color_text align_center\"><div class=\"w-separator-h\"><\/div><\/div><div class=\"w-grid type_grid layout_330 cols_3\" id=\"us_grid_1\" style=\"--columns:3;--gap:4rem;\"><style>@media (max-width:1024px){#us_grid_1{--columns:2!important}}@media (max-width:600px){#us_grid_1{--columns:1!important}}.layout_330 .w-grid-item-h{box-shadow:0 0.1rem 0.2rem rgba(0,0,0,0.1),0 0.33rem 1rem rgba(0,0,0,0.1);transition-duration:0.3s}.no-touch .layout_330 .w-grid-item-h:hover{box-shadow:0 0rem 0rem rgba(0,0,0,0.1),0 0rem 0rem rgba(0,0,0,0.15);z-index:4}.layout_330 .usg_vwrapper_1{background:rgba(255,255,255,0.75) no-repeat center center \/ 30rem!important;padding:1.5rem 1.5rem 4.5rem 1.5rem!important}.layout_330 .usg_post_image_1{width:8rem!important;margin-left:auto!important;margin-right:auto!important}.layout_330 .usg_post_title_1{font-weight:700!important;font-size:1.4rem!important;margin-bottom:.6rem!important;padding-bottom:.6rem!important;border-bottom-width:2px!important;border-color:#262626!important;border-bottom-style:solid!important}.layout_330 .usg_post_content_1{font-size:.8rem!important}.layout_330 .usg_btn_1{font-family:var(--font-family)!important;font-weight:400!important;font-size:2rem!important;width:fit-content!important;position:absolute!important;bottom:1.5rem!important;background:transparent!important;padding:.2rem .8rem .2rem .8rem!important}<\/style><div class=\"w-grid-list\">\t<article class=\"w-grid-item size_1x1 post-15461 tratamientos type-tratamientos status-publish has-post-thumbnail hentry\" data-id=\"15461\">\r\n\t\t<div class=\"w-grid-item-h\">\r\n\t\t\t\t\t\t<div class=\"w-vwrapper usg_vwrapper_1 align_none valign_top\"><div class=\"w-post-elm post_image usg_post_image_1 has_width\"><a href=\"https:\/\/clinicachela.com\/ortodoncia-estetica\/\" aria-label=\"Ortod\u00f2ncia Est\u00e8tica\"><img decoding=\"async\" data-src=\"https:\/\/clinicachela.com\/wp-content\/uploads\/2022\/05\/vector-21.svg\" class=\"attachment-full size-full wp-post-image lazyload\" alt=\"\" src=\"data:image\/svg+xml;base64,PHN2ZyB3aWR0aD0iMSIgaGVpZ2h0PSIxIiB4bWxucz0iaHR0cDovL3d3dy53My5vcmcvMjAwMC9zdmciPjwvc3ZnPg==\" \/><\/a><\/div><h3 class=\"w-post-elm post_title usg_post_title_1 titulo-grid entry-title color_link_inherit\"><a href=\"https:\/\/clinicachela.com\/ortodoncia-estetica\/\">Ortod\u00f2ncia Est\u00e8tica<\/a><\/h3><div class=\"w-post-elm post_content usg_post_content_1\"><p>Utilitza una s\u00e8rie d&#8217;arcs i brackets amb unes caracter\u00edstiques est\u00e8tiques especials, que fan millorar la imatge de l&#8217;ortod\u00f2ncia, deixant una aparen\u00e7a imperceptible.<\/p>\n<\/div><a class=\"w-btn us-btn-style_1 usg_btn_1\" href=\"https:\/\/clinicachela.com\/ortodoncia-estetica\/\"><span class=\"w-btn-label\">><\/span><\/a><\/div>\t\t<\/div>\r\n\t\t\t<\/article>\r\n\t<article class=\"w-grid-item size_1x1 post-15459 tratamientos type-tratamientos status-publish has-post-thumbnail hentry\" data-id=\"15459\">\r\n\t\t<div class=\"w-grid-item-h\">\r\n\t\t\t\t\t\t<div class=\"w-vwrapper usg_vwrapper_1 align_none valign_top\"><div class=\"w-post-elm post_image usg_post_image_1 has_width\"><a href=\"https:\/\/clinicachela.com\/ortodoncia-autoligable\/\" aria-label=\"Ortod\u00f2ncia Autoligable \u201cUniversal Smile\u201d\"><img decoding=\"async\" data-src=\"https:\/\/clinicachela.com\/wp-content\/uploads\/2022\/05\/vector-22.svg\" class=\"attachment-full size-full wp-post-image lazyload\" alt=\"\" src=\"data:image\/svg+xml;base64,PHN2ZyB3aWR0aD0iMSIgaGVpZ2h0PSIxIiB4bWxucz0iaHR0cDovL3d3dy53My5vcmcvMjAwMC9zdmciPjwvc3ZnPg==\" \/><\/a><\/div><h3 class=\"w-post-elm post_title usg_post_title_1 titulo-grid entry-title color_link_inherit\"><a href=\"https:\/\/clinicachela.com\/ortodoncia-autoligable\/\">Ortod\u00f2ncia Autoligable \u201cUniversal Smile\u201d<\/a><\/h3><div class=\"w-post-elm post_content usg_post_content_1\"><p>\u00c9s un tipus de tractament que mou les dents a trav\u00e9s de les forces exercides per arcs amb mem\u00f2ria el\u00e0stica, les quals es transmeten a la dent a trav\u00e9s dels br\u00e0quets.<\/p>\n<\/div><a class=\"w-btn us-btn-style_1 usg_btn_1\" href=\"https:\/\/clinicachela.com\/ortodoncia-autoligable\/\"><span class=\"w-btn-label\">><\/span><\/a><\/div>\t\t<\/div>\r\n\t\t\t<\/article>\r\n<\/div><div class=\"w-grid-preloader\">\t<div class=\"g-preloader type_1\">\r\n\t\t<div><\/div>\r\n\t<\/div>\r\n\t<\/div>\t<div class=\"w-grid-json hidden\" onclick='return {&quot;action&quot;:&quot;us_ajax_grid&quot;,&quot;infinite_scroll&quot;:0,&quot;max_num_pages&quot;:1,&quot;pagination&quot;:&quot;none&quot;,&quot;template_vars&quot;:{&quot;columns&quot;:&quot;3&quot;,&quot;exclude_items&quot;:&quot;none&quot;,&quot;img_size&quot;:&quot;default&quot;,&quot;ignore_items_size&quot;:0,&quot;items_layout&quot;:&quot;330&quot;,&quot;items_offset&quot;:&quot;1&quot;,&quot;load_animation&quot;:&quot;none&quot;,&quot;overriding_link&quot;:&quot;{\\&quot;url\\&quot;:\\&quot;\\&quot;}&quot;,&quot;post_id&quot;:0,&quot;query_args&quot;:{&quot;ignore_sticky_posts&quot;:1,&quot;post_type&quot;:&quot;any&quot;,&quot;post__in&quot;:[&quot;357&quot;,&quot;358&quot;],&quot;posts_per_page&quot;:&quot;10&quot;},&quot;orderby_query_args&quot;:{&quot;orderby&quot;:{&quot;post__in&quot;:&quot;ASC&quot;},&quot;order&quot;:&quot;ASC&quot;},&quot;type&quot;:&quot;grid&quot;,&quot;us_grid_post_type&quot;:&quot;ids&quot;,&quot;us_grid_ajax_index&quot;:1,&quot;us_grid_filter_query_string&quot;:null,&quot;us_grid_index&quot;:1,&quot;page_args&quot;:[],&quot;lang&quot;:&quot;ca&quot;}}'><\/div>\r\n\t<\/div><\/div><\/div><\/div><\/div><\/div><\/section>\n","protected":false},"excerpt":{"rendered":"\u00c9s un tipus de tractament que mou les dents a trav\u00e9s de les forces exercides per arcs amb mem\u00f2ria el\u00e0stica, les quals es transmeten a la dent a trav\u00e9s dels br\u00e0quets.","protected":false},"author":5,"featured_media":0,"parent":14980,"menu_order":0,"comment_status":"closed","ping_status":"closed","template":"","meta":{"_acf_changed":false,"footnotes":""},"class_list":["post-14976","page","type-page","status-publish","hentry"],"acf":[],"_links":{"self":[{"href":"https:\/\/clinicachela.com\/ca\/wp-json\/wp\/v2\/pages\/14976"}],"collection":[{"href":"https:\/\/clinicachela.com\/ca\/wp-json\/wp\/v2\/pages"}],"about":[{"href":"https:\/\/clinicachela.com\/ca\/wp-json\/wp\/v2\/types\/page"}],"author":[{"embeddable":true,"href":"https:\/\/clinicachela.com\/ca\/wp-json\/wp\/v2\/users\/5"}],"replies":[{"embeddable":true,"href":"https:\/\/clinicachela.com\/ca\/wp-json\/wp\/v2\/comments?post=14976"}],"version-history":[{"count":3,"href":"https:\/\/clinicachela.com\/ca\/wp-json\/wp\/v2\/pages\/14976\/revisions"}],"predecessor-version":[{"id":38555,"href":"https:\/\/clinicachela.com\/ca\/wp-json\/wp\/v2\/pages\/14976\/revisions\/38555"}],"up":[{"embeddable":true,"href":"https:\/\/clinicachela.com\/ca\/wp-json\/wp\/v2\/pages\/14980"}],"wp:attachment":[{"href":"https:\/\/clinicachela.com\/ca\/wp-json\/wp\/v2\/media?parent=14976"}],"curies":[{"name":"wp","href":"https:\/\/api.w.org\/{rel}","templated":true}]}}