{"id":14981,"date":"2022-05-11T15:34:54","date_gmt":"2022-05-11T15:34:54","guid":{"rendered":"https:\/\/clinicachela.com\/tractaments\/caries\/"},"modified":"2026-03-26T08:34:41","modified_gmt":"2026-03-26T08:34:41","slug":"caries","status":"publish","type":"page","link":"https:\/\/clinicachela.com\/ca\/tractaments\/caries\/","title":{"rendered":"C\u00e0ries"},"content":{"rendered":"<section class=\"l-section wpb_row us_custom_a63b1183 height_medium width_full\"><div class=\"l-section-h i-cf\"><div class=\"g-cols vc_row via_flex valign_top type_default stacking_default\"><div class=\"vc_col-sm-12 wpb_column vc_column_container\"><div class=\"vc_column-inner\"><div class=\"wpb_wrapper\"><div class=\"g-cols wpb_row us_custom_96abebca service-breadcrumbs has_text_color via_flex valign_top type_default stacking_default\"><div class=\"vc_col-sm-12 wpb_column vc_column_container\"><div class=\"vc_column-inner\"><div class=\"wpb_wrapper\"><span><span><a href=\"https:\/\/clinicachela.com\/ca\/inici2\/\">Inicio<\/a><\/span><\/span><\/div><\/div><\/div><\/div><div class=\"w-image us_custom_1c8143e8 align_center\"><div class=\"w-image-h\"><img decoding=\"async\" width=\"150\" height=\"150\" data-src=\"https:\/\/clinicachela.com\/wp-content\/uploads\/2022\/05\/vector-16.svg\" class=\"attachment-thumbnail size-thumbnail lazyload\" alt=\"\" src=\"data:image\/svg+xml;base64,PHN2ZyB3aWR0aD0iMSIgaGVpZ2h0PSIxIiB4bWxucz0iaHR0cDovL3d3dy53My5vcmcvMjAwMC9zdmciPjwvc3ZnPg==\" style=\"--smush-placeholder-width: 150px; --smush-placeholder-aspect-ratio: 150\/150;\" \/><\/div><\/div><h1 class=\"w-text us_custom_4451380f\"><span class=\"w-text-h\"><span class=\"w-text-value\">C\u00e0ries<\/span><\/span><\/h1><\/div><\/div><\/div><\/div><\/div><\/section><section class=\"l-section wpb_row us_custom_225728c5 height_medium\"><div class=\"l-section-h i-cf\"><div class=\"g-cols vc_row via_flex valign_top type_default stacking_default\"><div class=\"vc_col-sm-12 wpb_column vc_column_container\"><div class=\"vc_column-inner\"><div class=\"wpb_wrapper\"><\/div><\/div><\/div><\/div><\/div><\/section><section class=\"l-section wpb_row height_large\"><div class=\"l-section-h i-cf\"><div class=\"g-cols vc_row via_flex valign_top type_default stacking_default\"><div class=\"vc_col-sm-12 wpb_column vc_column_container\"><div class=\"vc_column-inner\"><div class=\"wpb_wrapper\"><div class=\"wpb_text_column\"><div class=\"wpb_wrapper\"><p>La c\u00e0ries \u00e9s una patologia que <strong>destrueix els teixits dentals a causa de la placa bacteriana<\/strong> . Es produeix com a conseq\u00fc\u00e8ncia de m\u00faltiples factors com bacteris de la cavitat oral, ingesta excessiva de sucres i \u00e0cids en menjars i begudes o una mala higiene bucodental.<\/p>\n<\/div><\/div><\/div><\/div><\/div><\/div><\/div><\/section><section class=\"l-section wpb_row us_custom_e47d7875 height_large\"><div class=\"l-section-h i-cf\"><div class=\"g-cols vc_row via_flex valign_top type_default stacking_default\"><div class=\"vc_col-sm-12 wpb_column vc_column_container\"><div class=\"vc_column-inner\"><div class=\"wpb_wrapper\"><div class=\"g-cols wpb_row via_flex valign_top type_default stacking_default\" style=\"--additional-gap:1.5rem;\"><div class=\"vc_col-sm-4 wpb_column vc_column_container\"><div class=\"vc_column-inner us_custom_92b2762d\"><div class=\"wpb_wrapper\"><h2 class=\"w-text us_custom_a16e6009\"><span class=\"w-text-h\"><span class=\"w-text-value\">S\u00edmptomes de la c\u00e0ries<\/span><\/span><\/h2><div class=\"w-separator us_custom_c5787b44 size_small with_line width_default thick_1 style_solid color_text align_center\"><div class=\"w-separator-h\"><\/div><\/div><div class=\"wpb_text_column\"><div class=\"wpb_wrapper\"><p>Dolor espontani o en mastegar.<\/p>\n<p> Sensibilitat i\/o dolor lleu o agut en menjar o beure una mica dol\u00e7, calent o fred.<\/p>\n<p> Forats visibles a les dents.<\/p>\n<p> Taques de color marr\u00f3, negre o blanc a qualsevol superf\u00edcie de la dent.<\/p>\n<p> Mal al\u00e8.<\/p>\n<\/div><\/div><\/div><\/div><\/div><div class=\"vc_col-sm-4 wpb_column vc_column_container\"><div class=\"vc_column-inner us_custom_92b2762d\"><div class=\"wpb_wrapper\"><h2 class=\"w-text us_custom_a16e6009\"><span class=\"w-text-h\"><span class=\"w-text-value\">Tipus de c\u00e0ries<\/span><\/span><\/h2><div class=\"w-separator us_custom_c5787b44 size_small with_line width_default thick_1 style_solid color_text align_center\"><div class=\"w-separator-h\"><\/div><\/div><div class=\"wpb_text_column\"><div class=\"wpb_wrapper\"><p><strong>C\u00e0ries coronal:<\/strong> \u00c9s la m\u00e9s freq\u00fcent, especialment en els nens i adults joves, i com el seu nom ho indica afecta qualsevol superf\u00edcie de la corona de la dent.<\/p>\n<p> <strong>C\u00e0ries radicular:<\/strong> S&#8217;associa normalment a pacients de m\u00e9s edat amb problemes periodontals en qu\u00e8 queda exposada l&#8217;arrel de la dent.<\/p>\n<p> <strong>C\u00e0ries recurrent:<\/strong> \u00c9s aquella que apareix a sota dels empastaments o de les fundes que s&#8217;han col\u00b7locat pr\u00e8viament per al tractament d&#8217;altres c\u00e0ries o en altres circumst\u00e0ncies.<\/p>\n<\/div><\/div><\/div><\/div><\/div><div class=\"vc_col-sm-4 wpb_column vc_column_container\"><div class=\"vc_column-inner us_custom_92b2762d\"><div class=\"wpb_wrapper\"><h2 class=\"w-text us_custom_a16e6009\"><span class=\"w-text-h\"><span class=\"w-text-value\">Com et podem ajudar?<\/span><\/span><\/h2><div class=\"w-separator us_custom_c5787b44 size_small with_line width_default thick_1 style_solid color_text align_center\"><div class=\"w-separator-h\"><\/div><\/div><div class=\"wpb_text_column\"><div class=\"wpb_wrapper\"><p>A <strong>CL\u00cdNICACHELAIMPLANTOLOGIA<\/strong> disposem de les eines m\u00e9s innovadores per tractar qualsevol fase de la c\u00e0ries, oferint tractaments efica\u00e7os i meticulosos en benefici de la teva salut. Per tant, acudir a l&#8217;odont\u00f2leg amb regularitat \u00e9s imprescindible per con\u00e8ixer l&#8217;estat de la boca i frenar qualsevol infecci\u00f3 o malaltia.<\/p>\n<\/div><\/div><\/div><\/div><\/div><\/div><\/div><\/div><\/div><\/div><\/div><\/section><section class=\"l-section wpb_row height_large\"><div class=\"l-section-h i-cf\"><div class=\"g-cols vc_row via_flex valign_top type_default stacking_default\"><div class=\"vc_col-sm-12 wpb_column vc_column_container\"><div class=\"vc_column-inner\"><div class=\"wpb_wrapper\"><h2 class=\"w-text us_custom_cd795cfd has_text_color\"><span class=\"w-text-h\"><span class=\"w-text-value\">Tamb\u00e9 us pot interessar<\/span><\/span><\/h2><div class=\"w-separator us_custom_f2eec366 size_small with_line width_default thick_1 style_solid color_text align_center\"><div class=\"w-separator-h\"><\/div><\/div><div class=\"w-grid type_grid layout_330 cols_3\" id=\"us_grid_1\" style=\"--columns:3;--gap:4rem;\"><style>@media (max-width:1024px){#us_grid_1{--columns:2!important}}@media (max-width:600px){#us_grid_1{--columns:1!important}}.layout_330 .w-grid-item-h{box-shadow:0 0.1rem 0.2rem rgba(0,0,0,0.1),0 0.33rem 1rem rgba(0,0,0,0.1);transition-duration:0.3s}.no-touch .layout_330 .w-grid-item-h:hover{box-shadow:0 0rem 0rem rgba(0,0,0,0.1),0 0rem 0rem rgba(0,0,0,0.15);z-index:4}.layout_330 .usg_vwrapper_1{background:rgba(255,255,255,0.75) no-repeat center center \/ 30rem!important;padding:1.5rem 1.5rem 4.5rem 1.5rem!important}.layout_330 .usg_post_image_1{width:8rem!important;margin-left:auto!important;margin-right:auto!important}.layout_330 .usg_post_title_1{font-weight:700!important;font-size:1.4rem!important;margin-bottom:.6rem!important;padding-bottom:.6rem!important;border-bottom-width:2px!important;border-color:#262626!important;border-bottom-style:solid!important}.layout_330 .usg_post_content_1{font-size:.8rem!important}.layout_330 .usg_btn_1{font-family:var(--font-family)!important;font-weight:400!important;font-size:2rem!important;width:fit-content!important;position:absolute!important;bottom:1.5rem!important;background:transparent!important;padding:.2rem .8rem .2rem .8rem!important}<\/style><div class=\"w-grid-list\">\t<article class=\"w-grid-item size_1x1 post-15469 tratamientos type-tratamientos status-publish has-post-thumbnail hentry\" data-id=\"15469\">\r\n\t\t<div class=\"w-grid-item-h\">\r\n\t\t\t\t\t\t<div class=\"w-vwrapper usg_vwrapper_1 align_none valign_top\"><div class=\"w-post-elm post_image usg_post_image_1 has_width\"><a href=\"https:\/\/clinicachela.com\/estetica-dental\/\" aria-label=\"Est\u00e8tica dental\"><img decoding=\"async\" data-src=\"https:\/\/clinicachela.com\/wp-content\/uploads\/2022\/05\/vector-12.svg\" class=\"attachment-full size-full wp-post-image lazyload\" alt=\"\" src=\"data:image\/svg+xml;base64,PHN2ZyB3aWR0aD0iMSIgaGVpZ2h0PSIxIiB4bWxucz0iaHR0cDovL3d3dy53My5vcmcvMjAwMC9zdmciPjwvc3ZnPg==\" \/><\/a><\/div><h3 class=\"w-post-elm post_title usg_post_title_1 titulo-grid entry-title color_link_inherit\"><a href=\"https:\/\/clinicachela.com\/estetica-dental\/\">Est\u00e8tica dental<\/a><\/h3><div class=\"w-post-elm post_content usg_post_content_1\"><p>L&#8217;objectiu d&#8217;aquesta pr\u00e0ctica \u00e9s embellir les dents amb diferents possibilitats i resultats excel\u00b7lents.<\/p>\n<\/div><a class=\"w-btn us-btn-style_1 usg_btn_1\" href=\"https:\/\/clinicachela.com\/estetica-dental\/\"><span class=\"w-btn-label\">><\/span><\/a><\/div>\t\t<\/div>\r\n\t\t\t<\/article>\r\n\t<article class=\"w-grid-item size_1x1 post-15478 tratamientos type-tratamientos status-publish has-post-thumbnail hentry\" data-id=\"15478\">\r\n\t\t<div class=\"w-grid-item-h\">\r\n\t\t\t\t\t\t<div class=\"w-vwrapper usg_vwrapper_1 align_none valign_top\"><div class=\"w-post-elm post_image usg_post_image_1 has_width\"><a href=\"https:\/\/clinicachela.com\/implantes-cigomaticos\/\" aria-label=\"Implants zigom\u00e0tics\"><img decoding=\"async\" data-src=\"https:\/\/clinicachela.com\/wp-content\/uploads\/2022\/05\/vector-07.svg\" class=\"attachment-full size-full wp-post-image lazyload\" alt=\"\" src=\"data:image\/svg+xml;base64,PHN2ZyB3aWR0aD0iMSIgaGVpZ2h0PSIxIiB4bWxucz0iaHR0cDovL3d3dy53My5vcmcvMjAwMC9zdmciPjwvc3ZnPg==\" \/><\/a><\/div><h3 class=\"w-post-elm post_title usg_post_title_1 titulo-grid entry-title color_link_inherit\"><a href=\"https:\/\/clinicachela.com\/implantes-cigomaticos\/\">Implants zigom\u00e0tics<\/a><\/h3><div class=\"w-post-elm post_content usg_post_content_1\"><p>Aquests implants es col\u00b7loquen a l&#8217;os del p\u00f2mul i estan orientats a aquells pacients que pateixen una atr\u00f2fia a l&#8217;os maxil\u00b7lar, permetent aix\u00ed un excel\u00b7lent resultat quant a funci\u00f3 i est\u00e8tica. El Dr. Chela dicta confer\u00e8ncies a nivell nacional sobre aquesta t\u00e8cnica. <\/p>\n<\/div><a class=\"w-btn us-btn-style_1 usg_btn_1\" href=\"https:\/\/clinicachela.com\/implantes-cigomaticos\/\"><span class=\"w-btn-label\">><\/span><\/a><\/div>\t\t<\/div>\r\n\t\t\t<\/article>\r\n\t<article class=\"w-grid-item size_1x1 post-15470 tratamientos type-tratamientos status-publish has-post-thumbnail hentry\" data-id=\"15470\">\r\n\t\t<div class=\"w-grid-item-h\">\r\n\t\t\t\t\t\t<div class=\"w-vwrapper usg_vwrapper_1 align_none valign_top\"><div class=\"w-post-elm post_image usg_post_image_1 has_width\"><a href=\"https:\/\/clinicachela.com\/caries\/\" aria-label=\"C\u00e0ries\"><img decoding=\"async\" data-src=\"https:\/\/clinicachela.com\/wp-content\/uploads\/2022\/05\/vector-16.svg\" class=\"attachment-full size-full wp-post-image lazyload\" alt=\"\" src=\"data:image\/svg+xml;base64,PHN2ZyB3aWR0aD0iMSIgaGVpZ2h0PSIxIiB4bWxucz0iaHR0cDovL3d3dy53My5vcmcvMjAwMC9zdmciPjwvc3ZnPg==\" \/><\/a><\/div><h3 class=\"w-post-elm post_title usg_post_title_1 titulo-grid entry-title color_link_inherit\"><a href=\"https:\/\/clinicachela.com\/caries\/\">C\u00e0ries<\/a><\/h3><div class=\"w-post-elm post_content usg_post_content_1\"><p>S\u00f3n zones danyades de forma permanent a la superf\u00edcie de les dents que es converteixen en petites obertures o orificis, causades per la desmineralitzaci\u00f3 de l&#8217;esmalt que produeixen els \u00e0cids formats a partir de la fermentaci\u00f3 de sucres i midons presents a la placa bacteriana.<\/p>\n<\/div><a class=\"w-btn us-btn-style_1 usg_btn_1\" href=\"https:\/\/clinicachela.com\/caries\/\"><span class=\"w-btn-label\">><\/span><\/a><\/div>\t\t<\/div>\r\n\t\t\t<\/article>\r\n<\/div><div class=\"w-grid-preloader\">\t<div class=\"g-preloader type_1\">\r\n\t\t<div><\/div>\r\n\t<\/div>\r\n\t<\/div>\t<div class=\"w-grid-json hidden\" onclick='return {&quot;action&quot;:&quot;us_ajax_grid&quot;,&quot;infinite_scroll&quot;:0,&quot;max_num_pages&quot;:1,&quot;pagination&quot;:&quot;none&quot;,&quot;template_vars&quot;:{&quot;columns&quot;:&quot;3&quot;,&quot;exclude_items&quot;:&quot;none&quot;,&quot;img_size&quot;:&quot;default&quot;,&quot;ignore_items_size&quot;:0,&quot;items_layout&quot;:&quot;330&quot;,&quot;items_offset&quot;:&quot;1&quot;,&quot;load_animation&quot;:&quot;none&quot;,&quot;overriding_link&quot;:&quot;{\\&quot;url\\&quot;:\\&quot;\\&quot;}&quot;,&quot;post_id&quot;:0,&quot;query_args&quot;:{&quot;ignore_sticky_posts&quot;:1,&quot;post_type&quot;:&quot;any&quot;,&quot;post__in&quot;:[&quot;323&quot;,&quot;316&quot;,&quot;352&quot;],&quot;posts_per_page&quot;:&quot;10&quot;},&quot;orderby_query_args&quot;:{&quot;orderby&quot;:{&quot;post__in&quot;:&quot;ASC&quot;},&quot;order&quot;:&quot;ASC&quot;},&quot;type&quot;:&quot;grid&quot;,&quot;us_grid_post_type&quot;:&quot;ids&quot;,&quot;us_grid_ajax_index&quot;:1,&quot;us_grid_filter_query_string&quot;:null,&quot;us_grid_index&quot;:1,&quot;page_args&quot;:[],&quot;lang&quot;:&quot;ca&quot;}}'><\/div>\r\n\t<\/div><\/div><\/div><\/div><\/div><\/div><\/section>\n","protected":false},"excerpt":{"rendered":"S\u00f3n zones danyades de forma permanent a la superf\u00edcie de les dents que es converteixen en petites obertures o orificis, causades per la desmineralitzaci\u00f3 de l'esmalt que produeixen els \u00e0cids formats a partir de la fermentaci\u00f3 de sucres i midons presents a la placa bacteriana.","protected":false},"author":5,"featured_media":0,"parent":14902,"menu_order":0,"comment_status":"closed","ping_status":"closed","template":"","meta":{"_acf_changed":false,"footnotes":""},"class_list":["post-14981","page","type-page","status-publish","hentry"],"acf":[],"_links":{"self":[{"href":"https:\/\/clinicachela.com\/ca\/wp-json\/wp\/v2\/pages\/14981"}],"collection":[{"href":"https:\/\/clinicachela.com\/ca\/wp-json\/wp\/v2\/pages"}],"about":[{"href":"https:\/\/clinicachela.com\/ca\/wp-json\/wp\/v2\/types\/page"}],"author":[{"embeddable":true,"href":"https:\/\/clinicachela.com\/ca\/wp-json\/wp\/v2\/users\/5"}],"replies":[{"embeddable":true,"href":"https:\/\/clinicachela.com\/ca\/wp-json\/wp\/v2\/comments?post=14981"}],"version-history":[{"count":5,"href":"https:\/\/clinicachela.com\/ca\/wp-json\/wp\/v2\/pages\/14981\/revisions"}],"predecessor-version":[{"id":38539,"href":"https:\/\/clinicachela.com\/ca\/wp-json\/wp\/v2\/pages\/14981\/revisions\/38539"}],"up":[{"embeddable":true,"href":"https:\/\/clinicachela.com\/ca\/wp-json\/wp\/v2\/pages\/14902"}],"wp:attachment":[{"href":"https:\/\/clinicachela.com\/ca\/wp-json\/wp\/v2\/media?parent=14981"}],"curies":[{"name":"wp","href":"https:\/\/api.w.org\/{rel}","templated":true}]}}