{"id":14985,"date":"2022-05-11T15:34:28","date_gmt":"2022-05-11T15:34:28","guid":{"rendered":"https:\/\/clinicachela.com\/tractaments\/cirurgia-dental\/"},"modified":"2026-03-25T12:00:01","modified_gmt":"2026-03-25T12:00:01","slug":"cirurgia-dental","status":"publish","type":"page","link":"https:\/\/clinicachela.com\/ca\/tractaments\/cirurgia-dental\/","title":{"rendered":"Cirurgia Dental"},"content":{"rendered":"<section class=\"l-section wpb_row us_custom_9f6155f5 height_medium width_full\"><div class=\"l-section-h i-cf\"><div class=\"g-cols vc_row via_flex valign_middle type_default stacking_default\"><div class=\"vc_col-sm-12 wpb_column vc_column_container\"><div class=\"vc_column-inner\"><div class=\"wpb_wrapper\"><div class=\"g-cols wpb_row us_custom_eb9413fd service-breadcrumbs has_text_color via_flex valign_top type_default stacking_default\"><div class=\"vc_col-sm-12 wpb_column vc_column_container\"><div class=\"vc_column-inner\"><div class=\"wpb_wrapper\"><span><span><a href=\"https:\/\/clinicachela.com\/ca\/inici2\/\">Inicio<\/a><\/span><\/span><\/div><\/div><\/div><\/div><div class=\"w-image us_custom_1c8143e8 align_center\"><div class=\"w-image-h\"><img decoding=\"async\" width=\"150\" height=\"150\" data-src=\"https:\/\/clinicachela.com\/wp-content\/uploads\/2022\/05\/vector-15.svg\" class=\"attachment-thumbnail size-thumbnail lazyload\" alt=\"\" src=\"data:image\/svg+xml;base64,PHN2ZyB3aWR0aD0iMSIgaGVpZ2h0PSIxIiB4bWxucz0iaHR0cDovL3d3dy53My5vcmcvMjAwMC9zdmciPjwvc3ZnPg==\" style=\"--smush-placeholder-width: 150px; --smush-placeholder-aspect-ratio: 150\/150;\" \/><\/div><\/div><h1 class=\"w-text us_custom_ab536c55\"><span class=\"w-text-h\"><span class=\"w-text-value\">Cirurgia dental<\/span><\/span><\/h1><\/div><\/div><\/div><\/div><\/div><\/section><section class=\"l-section wpb_row us_custom_8f066e52 height_medium\"><div class=\"l-section-h i-cf\"><div class=\"g-cols vc_row via_flex valign_top type_default stacking_default\"><div class=\"vc_col-sm-12 wpb_column vc_column_container\"><div class=\"vc_column-inner\"><div class=\"wpb_wrapper\"><\/div><\/div><\/div><\/div><\/div><\/section><section class=\"l-section wpb_row height_large\"><div class=\"l-section-h i-cf\"><div class=\"g-cols vc_row via_flex valign_top type_default stacking_default\"><div class=\"vc_col-sm-12 wpb_column vc_column_container\"><div class=\"vc_column-inner\"><div class=\"wpb_wrapper\"><div class=\"wpb_text_column\"><div class=\"wpb_wrapper\"><p>A m\u00e9s de solucionar les malalties severes de les dents, la cirurgia dental \u00e9s una especialitat que s&#8217;ocupa del diagn\u00f2stic i tractament quir\u00fargic de les anomalies bucals, els maxil\u00b7lars i els teixits tous.<\/p>\n<p> A <strong>Cl\u00ednica Chela<\/strong> comptem amb un equip especialitzat de cirurgians que units als nostres sistemes d&#8217;\u00faltima generaci\u00f3 ofereixen una \u00e0mplia gamma de tractaments quir\u00fargics que donen resposta a tot tipus de patologies bucodentals.<\/p>\n<\/div><\/div><\/div><\/div><\/div><\/div><\/div><\/section><section class=\"l-section wpb_row us_custom_e47d7875 height_medium\"><div class=\"l-section-h i-cf\"><div class=\"g-cols vc_row via_flex valign_top type_default stacking_default\"><div class=\"vc_col-sm-6 wpb_column vc_column_container\"><div class=\"vc_column-inner\"><div class=\"wpb_wrapper\"><div class=\"w-image fullwidth align_none\"><div class=\"w-image-h\"><img decoding=\"async\" width=\"1848\" height=\"1848\" data-src=\"https:\/\/clinicachela.com\/wp-content\/uploads\/2022\/06\/img-cirugia-dental-03.jpg\" class=\"attachment-full size-full lazyload\" alt=\"\" data-srcset=\"https:\/\/clinicachela.com\/wp-content\/uploads\/2022\/06\/img-cirugia-dental-03.jpg 1848w, https:\/\/clinicachela.com\/wp-content\/uploads\/2022\/06\/img-cirugia-dental-03-300x300.jpg 300w, https:\/\/clinicachela.com\/wp-content\/uploads\/2022\/06\/img-cirugia-dental-03-1024x1024.jpg 1024w, https:\/\/clinicachela.com\/wp-content\/uploads\/2022\/06\/img-cirugia-dental-03-150x150.jpg 150w\" data-sizes=\"(max-width: 1848px) 100vw, 1848px\" src=\"data:image\/svg+xml;base64,PHN2ZyB3aWR0aD0iMSIgaGVpZ2h0PSIxIiB4bWxucz0iaHR0cDovL3d3dy53My5vcmcvMjAwMC9zdmciPjwvc3ZnPg==\" style=\"--smush-placeholder-width: 1848px; --smush-placeholder-aspect-ratio: 1848\/1848;\" \/><\/div><\/div><\/div><\/div><\/div><div class=\"vc_col-sm-3 wpb_column vc_column_container\"><div class=\"vc_column-inner\"><div class=\"wpb_wrapper\"><h2 class=\"w-text us_custom_a16e6009\"><span class=\"w-text-h\"><span class=\"w-text-value\">Cirurgies orals<\/span><\/span><\/h2><div class=\"w-separator size_small with_line width_default thick_1 style_solid color_text align_center\"><div class=\"w-separator-h\"><\/div><\/div><div class=\"wpb_text_column us_custom_4f24afa8\"><div class=\"wpb_wrapper\"><p>Comprenen tota mena d&#8217;extraccions a causa de traumatismes, c\u00e0ries o malaltia periodontal, extirpaci\u00f3 de lesions orals, col\u00b7locaci\u00f3 d&#8217;implants, empelts d&#8217;os o geniva, cirurgia de frenets, quists, entre d&#8217;altres.<\/p>\n<\/div><\/div><h2 class=\"w-text us_custom_a16e6009\"><span class=\"w-text-h\"><span class=\"w-text-value\">Extraccions dentals complexes<\/span><\/span><\/h2><div class=\"w-separator size_small with_line width_default thick_1 style_solid color_text align_center\"><div class=\"w-separator-h\"><\/div><\/div><div class=\"wpb_text_column us_custom_4f24afa8\"><div class=\"wpb_wrapper\"><p>Moltes vegades l&#8217;extracci\u00f3 d&#8217;una pe\u00e7a que ja est\u00e0 a la boca pot ser m\u00e9s complicada del que \u00e9s habitual pel fet que es troba destru\u00efda la seva corona, est\u00e0 endodonciada o per algun altre motiu, i requereixen de l&#8217;habilitat dels nostres professionals per solucionar el problema.<\/p>\n<\/div><\/div><h2 class=\"w-text us_custom_a16e6009\"><span class=\"w-text-h\"><span class=\"w-text-value\">Cirurgia apical (apicectomia)<\/span><\/span><\/h2><div class=\"w-separator size_small with_line width_default thick_1 style_solid color_text align_center\"><div class=\"w-separator-h\"><\/div><\/div><div class=\"wpb_text_column us_custom_4f24afa8\"><div class=\"wpb_wrapper\"><p>Quan una endod\u00f2ncia fracassa o \u00e9s insuficient a causa de la gravetat de la infecci\u00f3, com a conseq\u00fc\u00e8ncia es forma un quist al voltant de l&#8217;arrel de la dent que ha de ser extirpat mitjan\u00e7ant una petita intervenci\u00f3 quir\u00fargica, aquest procediment s&#8217;anomena apicectomia.<\/p>\n<\/div><\/div><\/div><\/div><\/div><div class=\"vc_col-sm-3 wpb_column vc_column_container\"><div class=\"vc_column-inner\"><div class=\"wpb_wrapper\"><h2 class=\"w-text us_custom_a16e6009\"><span class=\"w-text-h\"><span class=\"w-text-value\">Extracci\u00f3 de carenes i dents incloses<\/span><\/span><\/h2><div class=\"w-separator size_small with_line width_default thick_1 style_solid color_text align_center\"><div class=\"w-separator-h\"><\/div><\/div><div class=\"wpb_text_column us_custom_4f24afa8\"><div class=\"wpb_wrapper\"><p>Les carenes o queixals del judici com habitualment les coneixem, s\u00f3n peces que a causa de l&#8217;evoluci\u00f3 generacional, cada vegada donen m\u00e9s problemes a causa de la manca d&#8217;espai que condiciona una correcta posici\u00f3 d&#8217;aquestes en intentar sortir als maxil\u00b7lars causant danys a les peces ve\u00efnes i apinyament (amuntegament) de les dents.<\/p>\n<p> Les dents incloses s\u00f3n dents que a causa de diversos factors no han pogut erupcionar en la seva totalitat o ho han fet parcialment quedant impactats dins de l&#8217;os.<\/p>\n<\/div><\/div><h2 class=\"w-text us_custom_a16e6009\"><span class=\"w-text-h\"><span class=\"w-text-value\">Cirurgia preprot\u00e8sica<\/span><\/span><\/h2><div class=\"w-separator size_small with_line width_default thick_1 style_solid color_text align_center\"><div class=\"w-separator-h\"><\/div><\/div><div class=\"wpb_text_column us_custom_4f24afa8\"><div class=\"wpb_wrapper\"><p>Consisteix en el condicionament de l&#8217;os maxil\u00b7lar i\/o mandibular i de la geniva pr\u00e8viament a la col\u00b7locaci\u00f3 d&#8217;una pr\u00f2tesi per assegurar i facilitar-ne una millor adaptaci\u00f3.<\/p>\n<\/div><\/div><\/div><\/div><\/div><\/div><\/div><\/section>\n","protected":false},"excerpt":{"rendered":"InicioCirurgia dentalA m\u00e9s de solucionar les malalties severes de les dents, la cirurgia dental \u00e9s una especialitat que s&#8217;ocupa del diagn\u00f2stic i tractament quir\u00fargic de les anomalies bucals, els maxil\u00b7lars i els teixits tous. A Cl\u00ednica Chela comptem amb un equip especialitzat de cirurgians que units als nostres sistemes d&#8217;\u00faltima generaci\u00f3 ofereixen una \u00e0mplia gamma...","protected":false},"author":5,"featured_media":0,"parent":14902,"menu_order":0,"comment_status":"closed","ping_status":"closed","template":"","meta":{"_acf_changed":false,"footnotes":""},"class_list":["post-14985","page","type-page","status-publish","hentry"],"acf":[],"_links":{"self":[{"href":"https:\/\/clinicachela.com\/ca\/wp-json\/wp\/v2\/pages\/14985"}],"collection":[{"href":"https:\/\/clinicachela.com\/ca\/wp-json\/wp\/v2\/pages"}],"about":[{"href":"https:\/\/clinicachela.com\/ca\/wp-json\/wp\/v2\/types\/page"}],"author":[{"embeddable":true,"href":"https:\/\/clinicachela.com\/ca\/wp-json\/wp\/v2\/users\/5"}],"replies":[{"embeddable":true,"href":"https:\/\/clinicachela.com\/ca\/wp-json\/wp\/v2\/comments?post=14985"}],"version-history":[{"count":9,"href":"https:\/\/clinicachela.com\/ca\/wp-json\/wp\/v2\/pages\/14985\/revisions"}],"predecessor-version":[{"id":38524,"href":"https:\/\/clinicachela.com\/ca\/wp-json\/wp\/v2\/pages\/14985\/revisions\/38524"}],"up":[{"embeddable":true,"href":"https:\/\/clinicachela.com\/ca\/wp-json\/wp\/v2\/pages\/14902"}],"wp:attachment":[{"href":"https:\/\/clinicachela.com\/ca\/wp-json\/wp\/v2\/media?parent=14985"}],"curies":[{"name":"wp","href":"https:\/\/api.w.org\/{rel}","templated":true}]}}