{"id":14991,"date":"2022-05-11T15:33:49","date_gmt":"2022-05-11T15:33:49","guid":{"rendered":"https:\/\/clinicachela.com\/tractaments\/endodoncia\/"},"modified":"2026-03-24T10:42:27","modified_gmt":"2026-03-24T10:42:27","slug":"endodoncia","status":"publish","type":"page","link":"https:\/\/clinicachela.com\/ca\/tractaments\/endodoncia\/","title":{"rendered":"Endod\u00f2ncia"},"content":{"rendered":"<section class=\"l-section wpb_row us_custom_9f6155f5 height_medium width_full\"><div class=\"l-section-h i-cf\"><div class=\"g-cols vc_row via_flex valign_middle type_default stacking_default\"><div class=\"vc_col-sm-12 wpb_column vc_column_container\"><div class=\"vc_column-inner\"><div class=\"wpb_wrapper\"><div class=\"g-cols wpb_row us_custom_eb9413fd service-breadcrumbs has_text_color via_flex valign_top type_default stacking_default\"><div class=\"vc_col-sm-12 wpb_column vc_column_container\"><div class=\"vc_column-inner\"><div class=\"wpb_wrapper\"><span><span><a href=\"https:\/\/clinicachela.com\/ca\/inici2\/\">Inicio<\/a><\/span><\/span><\/div><\/div><\/div><\/div><div class=\"w-image us_custom_409d8f27 align_center\"><div class=\"w-image-h\"><img decoding=\"async\" width=\"150\" height=\"150\" data-src=\"https:\/\/clinicachela.com\/wp-content\/uploads\/2022\/05\/vector-14.svg\" class=\"attachment-thumbnail size-thumbnail lazyload\" alt=\"\" src=\"data:image\/svg+xml;base64,PHN2ZyB3aWR0aD0iMSIgaGVpZ2h0PSIxIiB4bWxucz0iaHR0cDovL3d3dy53My5vcmcvMjAwMC9zdmciPjwvc3ZnPg==\" style=\"--smush-placeholder-width: 150px; --smush-placeholder-aspect-ratio: 150\/150;\" \/><\/div><\/div><h1 class=\"w-text us_custom_a8ee03a9\"><span class=\"w-text-h\"><span class=\"w-text-value\">Endod\u00f2ncia<\/span><\/span><\/h1><\/div><\/div><\/div><\/div><\/div><\/section><section class=\"l-section wpb_row us_custom_4bf6fd37 height_medium\"><div class=\"l-section-h i-cf\"><div class=\"g-cols vc_row via_flex valign_top type_default stacking_default\"><div class=\"vc_col-sm-12 wpb_column vc_column_container\"><div class=\"vc_column-inner\"><div class=\"wpb_wrapper\"><\/div><\/div><\/div><\/div><\/div><\/section><section class=\"l-section wpb_row us_custom_f1bdabef height_medium\"><div class=\"l-section-h i-cf\"><div class=\"g-cols vc_row via_flex valign_top type_default stacking_default\"><div class=\"vc_col-sm-12 wpb_column vc_column_container\"><div class=\"vc_column-inner\"><div class=\"wpb_wrapper\"><div class=\"wpb_text_column\"><div class=\"wpb_wrapper\"><p>L&#8217;endod\u00f2ncia \u00e9s un procediment que tracta el teixit malalt que es troba a l&#8217;interior de la dent, comunament anomenat \u201cnervi\u201d quan aquest t\u00e9 un dany irreversible a causa de c\u00e0ries profundes, traumatismes o malaltia periodontal. Tamb\u00e9 es fa per evitar la sensibilitat extrema en una dent que necessita ser tallada de manera important.<\/p>\n<\/div><\/div><\/div><\/div><\/div><\/div><\/div><\/section><section class=\"l-section wpb_row height_medium\"><div class=\"l-section-h i-cf\"><div class=\"g-cols vc_row via_flex valign_top type_default stacking_default\"><div class=\"vc_col-sm-6 wpb_column vc_column_container\"><div class=\"vc_column-inner\"><div class=\"wpb_wrapper\"><h2 class=\"w-text us_custom_cd795cfd has_text_color\"><span class=\"w-text-h\"><span class=\"w-text-value\">Realitzar una endod\u00f2ncia a temps suposa\u2026<\/span><\/span><\/h2><div class=\"w-separator size_small with_line width_default thick_1 style_solid color_text align_center\"><div class=\"w-separator-h\"><\/div><\/div><div class=\"wpb_text_column check-list\"><div class=\"wpb_wrapper\"><ul>\n<li>Eliminar el dolor<\/li>\n<li>Preservar la quantitat m\u00e9s gran de teixit dental natural<\/li>\n<li>Evitar l&#8217;extracci\u00f3 d&#8217;una dent<\/li>\n<li>Prevenir un tractament m\u00e9s agressiu<\/li>\n<\/ul>\n<\/div><\/div><\/div><\/div><\/div><div class=\"vc_col-sm-6 wpb_column vc_column_container\"><div class=\"vc_column-inner\"><div class=\"wpb_wrapper\"><div class=\"w-image us_custom_a7458c9f fullwidth align_none\"><div class=\"w-image-h\"><img decoding=\"async\" width=\"1000\" height=\"1000\" data-src=\"https:\/\/clinicachela.com\/wp-content\/uploads\/2022\/10\/Endodoncia-2.png\" class=\"attachment-full size-full lazyload\" alt=\"\" src=\"data:image\/svg+xml;base64,PHN2ZyB3aWR0aD0iMSIgaGVpZ2h0PSIxIiB4bWxucz0iaHR0cDovL3d3dy53My5vcmcvMjAwMC9zdmciPjwvc3ZnPg==\" style=\"--smush-placeholder-width: 1000px; --smush-placeholder-aspect-ratio: 1000\/1000;\" \/><\/div><\/div><\/div><\/div><\/div><\/div><\/div><\/section><section class=\"l-section wpb_row us_custom_e47d7875 height_medium\"><div class=\"l-section-h i-cf\"><div class=\"g-cols vc_row via_flex valign_top type_default stacking_default\" style=\"--additional-gap:2.5rem;\"><div class=\"vc_col-sm-4 wpb_column vc_column_container\"><div class=\"vc_column-inner us_custom_92b2762d\"><div class=\"wpb_wrapper\"><h2 class=\"w-text us_custom_cd795cfd has_text_color\"><span class=\"w-text-h\"><span class=\"w-text-value\">Com es fa una endod\u00f2ncia?<\/span><\/span><\/h2><div class=\"w-separator size_medium\"><\/div><div class=\"w-separator size_small with_line width_default thick_1 style_solid color_text align_center\"><div class=\"w-separator-h\"><\/div><\/div><div class=\"wpb_text_column\"><div class=\"wpb_wrapper\"><p>El primer pas per fer una endod\u00f2ncia consisteix en l&#8217;aplicaci\u00f3 d&#8217;anest\u00e8sia local a la zona. Un cop fet aix\u00f2, es perfora una cavitat que permet accedir a l&#8217;interior de la dent. Despr\u00e9s es netegen els conductes radiculars i s&#8217;omplen amb el material adequat.  <\/p>\n<p>Depenent de l&#8217;estat previ de la dent i de l&#8217;anatomia que presenti, poden ser necess\u00e0ries una o m\u00e9s sessions.<\/p>\n<\/div><\/div><\/div><\/div><\/div><div class=\"vc_col-sm-4 wpb_column vc_column_container\"><div class=\"vc_column-inner us_custom_92b2762d\"><div class=\"wpb_wrapper\"><h2 class=\"w-text us_custom_cd795cfd has_text_color\"><span class=\"w-text-h\"><span class=\"w-text-value\">\u00c9s dolor\u00f3s el procediment?<\/span><\/span><\/h2><div class=\"w-separator size_medium\"><\/div><div class=\"w-separator size_small with_line width_default thick_1 style_solid color_text align_center\"><div class=\"w-separator-h\"><\/div><\/div><div class=\"wpb_text_column\"><div class=\"wpb_wrapper\"><p><strong>No.<\/strong> Encara que \u00e9s un procediment delicat es fa amb anest\u00e8sia local, aix\u00ed que no resulta dolor\u00f3s per al pacient.<\/p>\n<\/div><\/div><\/div><\/div><\/div><div class=\"vc_col-sm-4 wpb_column vc_column_container\"><div class=\"vc_column-inner us_custom_92b2762d\"><div class=\"wpb_wrapper\"><h2 class=\"w-text us_custom_cd795cfd has_text_color\"><span class=\"w-text-h\"><span class=\"w-text-value\">Quins s\u00edmptomes o situacions es pot trobar el pacient despr\u00e9s d&#039;haver fet l&#039;endod\u00f2ncia?<\/span><\/span><\/h2><div class=\"w-separator size_small with_line width_default thick_1 style_solid color_text align_center\"><div class=\"w-separator-h\"><\/div><\/div><div class=\"wpb_text_column\"><div class=\"wpb_wrapper\"><p>El mateix dia o en dies posteriors al tractament el pacient es pot trobar amb algunes mol\u00e8sties en mastegar, aquestes remeten amb l&#8217;analg\u00e8sic o antiinflamatori que solem prescriure per controlar-les.<\/p>\n<p> Tamb\u00e9 podria notar que la dent canvia de color i es torna una mica m\u00e9s fosc com a conseq\u00fc\u00e8ncia de l&#8217;extirpaci\u00f3 del nervi.<br \/>\n Recomanem acudir a les revisions perqu\u00e8 l&#8217;especialista pugui supervisar l&#8217;evoluci\u00f3 i es pugui fer la rehabilitaci\u00f3 de la pe\u00e7a tan aviat com sigui possible.<\/p>\n<\/div><\/div><\/div><\/div><\/div><\/div><\/div><\/section>\n","protected":false},"excerpt":{"rendered":"InicioEndod\u00f2nciaL&#8217;endod\u00f2ncia \u00e9s un procediment que tracta el teixit malalt que es troba a l&#8217;interior de la dent, comunament anomenat \u201cnervi\u201d quan aquest t\u00e9 un dany irreversible a causa de c\u00e0ries profundes, traumatismes o malaltia periodontal. Tamb\u00e9 es fa per evitar la sensibilitat extrema en una dent que necessita ser tallada de manera important. Realitzar una...","protected":false},"author":5,"featured_media":0,"parent":14902,"menu_order":0,"comment_status":"closed","ping_status":"closed","template":"","meta":{"_acf_changed":false,"footnotes":""},"class_list":["post-14991","page","type-page","status-publish","hentry"],"acf":[],"_links":{"self":[{"href":"https:\/\/clinicachela.com\/ca\/wp-json\/wp\/v2\/pages\/14991"}],"collection":[{"href":"https:\/\/clinicachela.com\/ca\/wp-json\/wp\/v2\/pages"}],"about":[{"href":"https:\/\/clinicachela.com\/ca\/wp-json\/wp\/v2\/types\/page"}],"author":[{"embeddable":true,"href":"https:\/\/clinicachela.com\/ca\/wp-json\/wp\/v2\/users\/5"}],"replies":[{"embeddable":true,"href":"https:\/\/clinicachela.com\/ca\/wp-json\/wp\/v2\/comments?post=14991"}],"version-history":[{"count":3,"href":"https:\/\/clinicachela.com\/ca\/wp-json\/wp\/v2\/pages\/14991\/revisions"}],"predecessor-version":[{"id":38506,"href":"https:\/\/clinicachela.com\/ca\/wp-json\/wp\/v2\/pages\/14991\/revisions\/38506"}],"up":[{"embeddable":true,"href":"https:\/\/clinicachela.com\/ca\/wp-json\/wp\/v2\/pages\/14902"}],"wp:attachment":[{"href":"https:\/\/clinicachela.com\/ca\/wp-json\/wp\/v2\/media?parent=14991"}],"curies":[{"name":"wp","href":"https:\/\/api.w.org\/{rel}","templated":true}]}}