{"id":14992,"date":"2022-05-11T15:36:19","date_gmt":"2022-05-11T15:36:19","guid":{"rendered":"https:\/\/clinicachela.com\/tractaments\/odontopediatria\/"},"modified":"2026-03-26T08:48:48","modified_gmt":"2026-03-26T08:48:48","slug":"odontopediatria","status":"publish","type":"page","link":"https:\/\/clinicachela.com\/ca\/tractaments\/odontopediatria\/","title":{"rendered":"Odontopediatria"},"content":{"rendered":"<section class=\"l-section wpb_row us_custom_9866dea5 height_medium width_full\"><div class=\"l-section-h i-cf\"><div class=\"g-cols vc_row via_flex valign_top type_default stacking_default\"><div class=\"vc_col-sm-12 wpb_column vc_column_container\"><div class=\"vc_column-inner\"><div class=\"wpb_wrapper\"><div class=\"g-cols wpb_row us_custom_96abebca service-breadcrumbs has_text_color via_flex valign_top type_default stacking_default\"><div class=\"vc_col-sm-12 wpb_column vc_column_container\"><div class=\"vc_column-inner\"><div class=\"wpb_wrapper\"><span><span><a href=\"https:\/\/clinicachela.com\/ca\/inici2\/\">Inicio<\/a><\/span><\/span><\/div><\/div><\/div><\/div><div class=\"w-image us_custom_1c8143e8 align_center\"><div class=\"w-image-h\"><img decoding=\"async\" width=\"150\" height=\"150\" data-src=\"https:\/\/clinicachela.com\/wp-content\/uploads\/2022\/05\/vector-19.svg\" class=\"attachment-thumbnail size-thumbnail lazyload\" alt=\"\" src=\"data:image\/svg+xml;base64,PHN2ZyB3aWR0aD0iMSIgaGVpZ2h0PSIxIiB4bWxucz0iaHR0cDovL3d3dy53My5vcmcvMjAwMC9zdmciPjwvc3ZnPg==\" style=\"--smush-placeholder-width: 150px; --smush-placeholder-aspect-ratio: 150\/150;\" \/><\/div><\/div><h1 class=\"w-text us_custom_40a79c96\"><span class=\"w-text-h\"><span class=\"w-text-value\">Odontopediatria<\/span><\/span><\/h1><\/div><\/div><\/div><\/div><\/div><\/section><section class=\"l-section wpb_row us_custom_2e3a342b height_medium\"><div class=\"l-section-h i-cf\"><div class=\"g-cols vc_row via_flex valign_top type_default stacking_default\"><div class=\"vc_col-sm-12 wpb_column vc_column_container\"><div class=\"vc_column-inner\"><div class=\"wpb_wrapper\"><\/div><\/div><\/div><\/div><\/div><\/section><section class=\"l-section wpb_row height_large\"><div class=\"l-section-h i-cf\"><div class=\"g-cols vc_row via_flex valign_top type_default stacking_default\"><div class=\"vc_col-sm-12 wpb_column vc_column_container\"><div class=\"vc_column-inner\"><div class=\"wpb_wrapper\"><div class=\"wpb_text_column\"><div class=\"wpb_wrapper\"><p>Aquesta especialitat de l&#8217;odontologia preveu futurs problemes bucodentals als nens.<\/p>\n<p> L&#8217; <strong>educaci\u00f3 a l&#8217;hora de cuidar la seva salut bucal<\/strong> des de ben petit \u00e9s molt important, ja que repercutir\u00e0 d&#8217;una manera important en el benestar tant est\u00e8tic com funcional a la seva edat adulta.<\/p>\n<p> El <strong>primer any de vida<\/strong> \u00e9s idoni per fer la primera visita a l&#8217;odont\u00f2leg.<\/p>\n<p> Els m\u00e9s petits estan en mans dels nostres millors especialistes que els brinden seguretat i comoditat a l&#8217;hora de fer qualsevol procediment.<\/p>\n<p> A <strong>CL\u00cdNICAXELAIMPLANTOLOGIA<\/strong> podem ajudar-te perqu\u00e8 s\u00e0pigues cuidar la salut bucodental dels m\u00e9s petits.<\/p>\n<\/div><\/div><div class=\"g-cols wpb_row us_custom_26e815b0 via_flex valign_top type_default stacking_default\"><div class=\"vc_col-sm-12 wpb_column vc_column_container\"><div class=\"vc_column-inner\"><div class=\"wpb_wrapper\"><h2 class=\"w-text us_custom_b2efa1d7 has_text_color\"><span class=\"w-text-h\"><span class=\"w-text-value\">Tractaments m\u00e9s freq\u00fcents<\/span><\/span><\/h2><div class=\"w-separator size_small with_line width_default thick_1 style_solid color_text align_center\"><div class=\"w-separator-h\"><\/div><\/div><\/div><\/div><\/div><\/div><div class=\"g-cols wpb_row us_custom_57d932eb via_flex valign_top type_default stacking_default\"><div class=\"vc_col-sm-6 wpb_column vc_column_container\"><div class=\"vc_column-inner\"><div class=\"wpb_wrapper\"><div class=\"w-image fullwidth align_none\"><div class=\"w-image-h\"><img decoding=\"async\" width=\"1560\" height=\"951\" data-src=\"https:\/\/clinicachela.com\/wp-content\/uploads\/2022\/06\/img-odontopediatria-06.jpg\" class=\"attachment-full size-full lazyload\" alt=\"\" data-srcset=\"https:\/\/clinicachela.com\/wp-content\/uploads\/2022\/06\/img-odontopediatria-06.jpg 1560w, https:\/\/clinicachela.com\/wp-content\/uploads\/2022\/06\/img-odontopediatria-06-300x183.jpg 300w, https:\/\/clinicachela.com\/wp-content\/uploads\/2022\/06\/img-odontopediatria-06-1024x624.jpg 1024w\" data-sizes=\"(max-width: 1560px) 100vw, 1560px\" src=\"data:image\/svg+xml;base64,PHN2ZyB3aWR0aD0iMSIgaGVpZ2h0PSIxIiB4bWxucz0iaHR0cDovL3d3dy53My5vcmcvMjAwMC9zdmciPjwvc3ZnPg==\" style=\"--smush-placeholder-width: 1560px; --smush-placeholder-aspect-ratio: 1560\/951;\" \/><\/div><\/div><\/div><\/div><\/div><div class=\"vc_col-sm-6 wpb_column vc_column_container\"><div class=\"vc_column-inner\"><div class=\"wpb_wrapper\"><h2 class=\"w-text us_custom_f96bbe4f has_text_color\"><span class=\"w-text-h\"><span class=\"w-text-value\">Segelladors de solcs i fissures<\/span><\/span><\/h2><div class=\"w-separator us_custom_c5787b44 size_small with_line width_default thick_1 style_solid color_text align_center\"><div class=\"w-separator-h\"><\/div><\/div><div class=\"wpb_text_column\"><div class=\"wpb_wrapper\"><p>Consisteix a emplenar les esquerdes dels molars deixant superf\u00edcies llises, f\u00e0cils de netejar i que eviten l&#8217;aparici\u00f3 de possibles c\u00e0ries.<\/p>\n<\/div><\/div><\/div><\/div><\/div><\/div><div class=\"g-cols wpb_row us_custom_57d932eb via_flex valign_top type_default reversed stacking_default\"><div class=\"vc_col-sm-6 wpb_column vc_column_container\"><div class=\"vc_column-inner\"><div class=\"wpb_wrapper\"><h2 class=\"w-text us_custom_f96bbe4f has_text_color\"><span class=\"w-text-h\"><span class=\"w-text-value\">Pulpectomia<\/span><\/span><\/h2><div class=\"w-separator us_custom_c5787b44 size_small with_line width_default thick_1 style_solid color_text align_center\"><div class=\"w-separator-h\"><\/div><\/div><div class=\"wpb_text_column\"><div class=\"wpb_wrapper\"><p>Molt semblant a l&#8217;endod\u00f2ncia, \u00e9s la remoci\u00f3 del nervi de la porci\u00f3 coronal, afectada per una c\u00e0ries molt profunda.<\/p>\n<\/div><\/div><\/div><\/div><\/div><div class=\"vc_col-sm-6 wpb_column vc_column_container\"><div class=\"vc_column-inner\"><div class=\"wpb_wrapper\"><div class=\"w-image fullwidth align_none\"><div class=\"w-image-h\"><img decoding=\"async\" class=\"g-placeholder lazyload\" data-src=\"https:\/\/clinicachela.com\/wp-content\/plugins\/us-core\/assets\/images\/placeholder.svg\" width=\"\" height=\"\" alt src=\"data:image\/svg+xml;base64,PHN2ZyB3aWR0aD0iMSIgaGVpZ2h0PSIxIiB4bWxucz0iaHR0cDovL3d3dy53My5vcmcvMjAwMC9zdmciPjwvc3ZnPg==\"><\/div><\/div><\/div><\/div><\/div><\/div><div class=\"g-cols wpb_row us_custom_57d932eb via_flex valign_top type_default stacking_default\"><div class=\"vc_col-sm-6 wpb_column vc_column_container\"><div class=\"vc_column-inner\"><div class=\"wpb_wrapper\"><div class=\"w-image fullwidth align_none\"><div class=\"w-image-h\"><img decoding=\"async\" class=\"g-placeholder lazyload\" data-src=\"https:\/\/clinicachela.com\/wp-content\/plugins\/us-core\/assets\/images\/placeholder.svg\" width=\"\" height=\"\" alt src=\"data:image\/svg+xml;base64,PHN2ZyB3aWR0aD0iMSIgaGVpZ2h0PSIxIiB4bWxucz0iaHR0cDovL3d3dy53My5vcmcvMjAwMC9zdmciPjwvc3ZnPg==\"><\/div><\/div><\/div><\/div><\/div><div class=\"vc_col-sm-6 wpb_column vc_column_container\"><div class=\"vc_column-inner\"><div class=\"wpb_wrapper\"><h2 class=\"w-text us_custom_f96bbe4f has_text_color\"><span class=\"w-text-h\"><span class=\"w-text-value\">Obturaci\u00f3 o Reconstrucci\u00f3 dental<\/span><\/span><\/h2><div class=\"w-separator us_custom_c5787b44 size_small with_line width_default thick_1 style_solid color_text align_center\"><div class=\"w-separator-h\"><\/div><\/div><div class=\"wpb_text_column\"><div class=\"wpb_wrapper\"><p>Conegudes habitualment com a \u201cempastaments dentals\u201d, estan indicats per al <strong>tractament de la c\u00e0ries<\/strong> d&#8217;una o m\u00e9s superf\u00edcies dentals danyades, per a detectar-les a temps aconsellem revisions peri\u00f2diques.<\/p>\n<\/div><\/div><\/div><\/div><\/div><\/div><div class=\"g-cols wpb_row us_custom_57d932eb via_flex valign_top type_default reversed stacking_default\"><div class=\"vc_col-sm-6 wpb_column vc_column_container\"><div class=\"vc_column-inner\"><div class=\"wpb_wrapper\"><h2 class=\"w-text us_custom_f96bbe4f has_text_color\"><span class=\"w-text-h\"><span class=\"w-text-value\">Aplicaci\u00f3 de fluor<\/span><\/span><\/h2><div class=\"w-separator us_custom_c5787b44 size_small with_line width_default thick_1 style_solid color_text align_center\"><div class=\"w-separator-h\"><\/div><\/div><div class=\"wpb_text_column\"><div class=\"wpb_wrapper\"><p>L&#8217;\u00fas de fluor de forma controlada <strong>permet que les dents dels m\u00e9s petits es desenvolupin correctament<\/strong> , ja que aconseguim un enduriment de l&#8217;esmalt de les peces dentals.<\/p>\n<\/div><\/div><\/div><\/div><\/div><div class=\"vc_col-sm-6 wpb_column vc_column_container\"><div class=\"vc_column-inner\"><div class=\"wpb_wrapper\"><div class=\"w-image fullwidth align_none\"><div class=\"w-image-h\"><img decoding=\"async\" width=\"1560\" height=\"951\" data-src=\"https:\/\/clinicachela.com\/wp-content\/uploads\/2022\/06\/img-odontopediatria-03.jpg\" class=\"attachment-full size-full lazyload\" alt=\"\" data-srcset=\"https:\/\/clinicachela.com\/wp-content\/uploads\/2022\/06\/img-odontopediatria-03.jpg 1560w, https:\/\/clinicachela.com\/wp-content\/uploads\/2022\/06\/img-odontopediatria-03-300x183.jpg 300w, https:\/\/clinicachela.com\/wp-content\/uploads\/2022\/06\/img-odontopediatria-03-1024x624.jpg 1024w\" data-sizes=\"(max-width: 1560px) 100vw, 1560px\" src=\"data:image\/svg+xml;base64,PHN2ZyB3aWR0aD0iMSIgaGVpZ2h0PSIxIiB4bWxucz0iaHR0cDovL3d3dy53My5vcmcvMjAwMC9zdmciPjwvc3ZnPg==\" style=\"--smush-placeholder-width: 1560px; --smush-placeholder-aspect-ratio: 1560\/951;\" \/><\/div><\/div><\/div><\/div><\/div><\/div><\/div><\/div><\/div><\/div><\/div><\/section>\n","protected":false},"excerpt":{"rendered":"InicioOdontopediatriaAquesta especialitat de l&#8217;odontologia preveu futurs problemes bucodentals als nens. L&#8217; educaci\u00f3 a l&#8217;hora de cuidar la seva salut bucal des de ben petit \u00e9s molt important, ja que repercutir\u00e0 d&#8217;una manera important en el benestar tant est\u00e8tic com funcional a la seva edat adulta. El primer any de vida \u00e9s idoni per fer la...","protected":false},"author":5,"featured_media":0,"parent":14902,"menu_order":0,"comment_status":"closed","ping_status":"closed","template":"","meta":{"_acf_changed":false,"footnotes":""},"class_list":["post-14992","page","type-page","status-publish","hentry"],"acf":[],"_links":{"self":[{"href":"https:\/\/clinicachela.com\/ca\/wp-json\/wp\/v2\/pages\/14992"}],"collection":[{"href":"https:\/\/clinicachela.com\/ca\/wp-json\/wp\/v2\/pages"}],"about":[{"href":"https:\/\/clinicachela.com\/ca\/wp-json\/wp\/v2\/types\/page"}],"author":[{"embeddable":true,"href":"https:\/\/clinicachela.com\/ca\/wp-json\/wp\/v2\/users\/5"}],"replies":[{"embeddable":true,"href":"https:\/\/clinicachela.com\/ca\/wp-json\/wp\/v2\/comments?post=14992"}],"version-history":[{"count":3,"href":"https:\/\/clinicachela.com\/ca\/wp-json\/wp\/v2\/pages\/14992\/revisions"}],"predecessor-version":[{"id":38551,"href":"https:\/\/clinicachela.com\/ca\/wp-json\/wp\/v2\/pages\/14992\/revisions\/38551"}],"up":[{"embeddable":true,"href":"https:\/\/clinicachela.com\/ca\/wp-json\/wp\/v2\/pages\/14902"}],"wp:attachment":[{"href":"https:\/\/clinicachela.com\/ca\/wp-json\/wp\/v2\/media?parent=14992"}],"curies":[{"name":"wp","href":"https:\/\/api.w.org\/{rel}","templated":true}]}}