{"id":14999,"date":"2022-05-11T15:35:51","date_gmt":"2022-05-11T15:35:51","guid":{"rendered":"https:\/\/clinicachela.com\/tractaments\/higiene-dental\/"},"modified":"2026-03-26T08:46:09","modified_gmt":"2026-03-26T08:46:09","slug":"higiene-dental","status":"publish","type":"page","link":"https:\/\/clinicachela.com\/ca\/tractaments\/higiene-dental\/","title":{"rendered":"Higiene Dental"},"content":{"rendered":"<section class=\"l-section wpb_row us_custom_1135d0d0 height_medium width_full\"><div class=\"l-section-h i-cf\"><div class=\"g-cols vc_row via_flex valign_top type_default stacking_default\"><div class=\"vc_col-sm-12 wpb_column vc_column_container\"><div class=\"vc_column-inner\"><div class=\"wpb_wrapper\"><div class=\"g-cols wpb_row us_custom_96abebca service-breadcrumbs has_text_color via_flex valign_top type_default stacking_default\"><div class=\"vc_col-sm-12 wpb_column vc_column_container\"><div class=\"vc_column-inner\"><div class=\"wpb_wrapper\"><span><span><a href=\"https:\/\/clinicachela.com\/ca\/inici2\/\">Inicio<\/a><\/span><\/span><\/div><\/div><\/div><\/div><div class=\"w-image us_custom_1c8143e8 align_center\"><div class=\"w-image-h\"><img decoding=\"async\" width=\"150\" height=\"150\" data-src=\"https:\/\/clinicachela.com\/wp-content\/uploads\/2022\/05\/vector-18.svg\" class=\"attachment-thumbnail size-thumbnail lazyload\" alt=\"\" src=\"data:image\/svg+xml;base64,PHN2ZyB3aWR0aD0iMSIgaGVpZ2h0PSIxIiB4bWxucz0iaHR0cDovL3d3dy53My5vcmcvMjAwMC9zdmciPjwvc3ZnPg==\" style=\"--smush-placeholder-width: 150px; --smush-placeholder-aspect-ratio: 150\/150;\" \/><\/div><\/div><h1 class=\"w-text us_custom_40a79c96\"><span class=\"w-text-h\"><span class=\"w-text-value\">Higiene dental<\/span><\/span><\/h1><\/div><\/div><\/div><\/div><\/div><\/section><section class=\"l-section wpb_row us_custom_096cc995 height_medium\"><div class=\"l-section-h i-cf\"><div class=\"g-cols vc_row via_flex valign_top type_default stacking_default\"><div class=\"vc_col-sm-12 wpb_column vc_column_container\"><div class=\"vc_column-inner\"><div class=\"wpb_wrapper\"><\/div><\/div><\/div><\/div><\/div><\/section><section class=\"l-section wpb_row height_large\"><div class=\"l-section-h i-cf\"><div class=\"g-cols vc_row via_flex valign_top type_default stacking_default\"><div class=\"vc_col-sm-12 wpb_column vc_column_container\"><div class=\"vc_column-inner\"><div class=\"wpb_wrapper\"><div class=\"wpb_text_column\"><div class=\"wpb_wrapper\"><p>La higiene dental \u00e9s fonamental per mantenir una boca sana. Per a una correcta prevenci\u00f3 i manteniment, les visites a l&#8217;odont\u00f2leg han de ser regulars (almenys una vegada a l&#8217;any), i la cura di\u00e0ria recomanada per l&#8217;odont\u00f2leg ha de ser cont\u00ednua. <\/p>\n<p>A <strong>CL\u00cdNICACHELAIMPLANTOLOGIA<\/strong> som especialistes en neteges bucals personalitzades, exhaustives i eficaces perqu\u00e8 la teva boca tingui una salut \u00f2ptima i el teu somriure sigui perfecte.<\/p>\n<\/div><\/div><div class=\"g-cols wpb_row us_custom_26e815b0 via_flex valign_top type_default stacking_default\"><div class=\"vc_col-sm-12 wpb_column vc_column_container\"><div class=\"vc_column-inner\"><div class=\"wpb_wrapper\"><h2 class=\"w-text us_custom_b2efa1d7 has_text_color\"><span class=\"w-text-h\"><span class=\"w-text-value\">Consells per aconseguir una bona higiene dental<\/span><\/span><\/h2><div class=\"w-separator size_small with_line width_default thick_1 style_solid color_text align_center\"><div class=\"w-separator-h\"><\/div><\/div><\/div><\/div><\/div><\/div><div class=\"g-cols wpb_row via_flex valign_top type_default stacking_default\"><div class=\"vc_col-sm-3 wpb_column vc_column_container\"><div class=\"vc_column-inner us_custom_ab574d1d\"><div class=\"wpb_wrapper\"><div class=\"w-image us_custom_4f24afa8 fullwidth align_none\"><div class=\"w-image-h\"><img decoding=\"async\" width=\"714\" height=\"408\" data-src=\"https:\/\/clinicachela.com\/wp-content\/uploads\/2022\/06\/img-higiene-dental-03.jpg\" class=\"attachment-full size-full lazyload\" alt=\"\" data-srcset=\"https:\/\/clinicachela.com\/wp-content\/uploads\/2022\/06\/img-higiene-dental-03.jpg 714w, https:\/\/clinicachela.com\/wp-content\/uploads\/2022\/06\/img-higiene-dental-03-300x171.jpg 300w\" data-sizes=\"(max-width: 714px) 100vw, 714px\" src=\"data:image\/svg+xml;base64,PHN2ZyB3aWR0aD0iMSIgaGVpZ2h0PSIxIiB4bWxucz0iaHR0cDovL3d3dy53My5vcmcvMjAwMC9zdmciPjwvc3ZnPg==\" style=\"--smush-placeholder-width: 714px; --smush-placeholder-aspect-ratio: 714\/408;\" \/><\/div><\/div><div class=\"wpb_text_column\"><div class=\"wpb_wrapper\"><p><strong>Raspalla&#8217;t les dents i genives cada dia<\/strong> , despr\u00e9s dels \u00e0pats, tres vegades al dia.<\/p>\n<\/div><\/div><\/div><\/div><\/div><div class=\"vc_col-sm-3 wpb_column vc_column_container\"><div class=\"vc_column-inner us_custom_ab574d1d\"><div class=\"wpb_wrapper\"><div class=\"w-image us_custom_4f24afa8 fullwidth align_none\"><div class=\"w-image-h\"><img decoding=\"async\" width=\"714\" height=\"408\" data-src=\"https:\/\/clinicachela.com\/wp-content\/uploads\/2022\/06\/img-higiene-dental-04.jpg\" class=\"attachment-full size-full lazyload\" alt=\"\" data-srcset=\"https:\/\/clinicachela.com\/wp-content\/uploads\/2022\/06\/img-higiene-dental-04.jpg 714w, https:\/\/clinicachela.com\/wp-content\/uploads\/2022\/06\/img-higiene-dental-04-300x171.jpg 300w\" data-sizes=\"(max-width: 714px) 100vw, 714px\" src=\"data:image\/svg+xml;base64,PHN2ZyB3aWR0aD0iMSIgaGVpZ2h0PSIxIiB4bWxucz0iaHR0cDovL3d3dy53My5vcmcvMjAwMC9zdmciPjwvc3ZnPg==\" style=\"--smush-placeholder-width: 714px; --smush-placeholder-aspect-ratio: 714\/408;\" \/><\/div><\/div><div class=\"wpb_text_column\"><div class=\"wpb_wrapper\"><p><strong>Escull el raspall i pasta de dents<\/strong> adequades a la teva morfologia bucondental.<\/p>\n<\/div><\/div><\/div><\/div><\/div><div class=\"vc_col-sm-3 wpb_column vc_column_container\"><div class=\"vc_column-inner us_custom_ab574d1d\"><div class=\"wpb_wrapper\"><div class=\"w-image us_custom_4f24afa8 fullwidth align_none\"><div class=\"w-image-h\"><img decoding=\"async\" width=\"714\" height=\"408\" data-src=\"https:\/\/clinicachela.com\/wp-content\/uploads\/2022\/06\/img-higiene-dental-05.jpg\" class=\"attachment-full size-full lazyload\" alt=\"\" data-srcset=\"https:\/\/clinicachela.com\/wp-content\/uploads\/2022\/06\/img-higiene-dental-05.jpg 714w, https:\/\/clinicachela.com\/wp-content\/uploads\/2022\/06\/img-higiene-dental-05-300x171.jpg 300w\" data-sizes=\"(max-width: 714px) 100vw, 714px\" src=\"data:image\/svg+xml;base64,PHN2ZyB3aWR0aD0iMSIgaGVpZ2h0PSIxIiB4bWxucz0iaHR0cDovL3d3dy53My5vcmcvMjAwMC9zdmciPjwvc3ZnPg==\" style=\"--smush-placeholder-width: 714px; --smush-placeholder-aspect-ratio: 714\/408;\" \/><\/div><\/div><div class=\"wpb_text_column\"><div class=\"wpb_wrapper\"><p><strong>Utilitza la seda dental<\/strong> per eliminar els aliments acumulats entre les dents, en espais petits.<\/p>\n<\/div><\/div><\/div><\/div><\/div><div class=\"vc_col-sm-3 wpb_column vc_column_container\"><div class=\"vc_column-inner us_custom_ab574d1d\"><div class=\"wpb_wrapper\"><div class=\"w-image us_custom_4f24afa8 fullwidth align_none\"><div class=\"w-image-h\"><img decoding=\"async\" width=\"714\" height=\"408\" data-src=\"https:\/\/clinicachela.com\/wp-content\/uploads\/2022\/06\/img-higiene-dental-06.jpg\" class=\"attachment-full size-full lazyload\" alt=\"\" data-srcset=\"https:\/\/clinicachela.com\/wp-content\/uploads\/2022\/06\/img-higiene-dental-06.jpg 714w, https:\/\/clinicachela.com\/wp-content\/uploads\/2022\/06\/img-higiene-dental-06-300x171.jpg 300w\" data-sizes=\"(max-width: 714px) 100vw, 714px\" src=\"data:image\/svg+xml;base64,PHN2ZyB3aWR0aD0iMSIgaGVpZ2h0PSIxIiB4bWxucz0iaHR0cDovL3d3dy53My5vcmcvMjAwMC9zdmciPjwvc3ZnPg==\" style=\"--smush-placeholder-width: 714px; --smush-placeholder-aspect-ratio: 714\/408;\" \/><\/div><\/div><div class=\"wpb_text_column\"><div class=\"wpb_wrapper\"><p><strong>Utilitza els raspalls interdentals<\/strong> si lespai que queda entre les dents \u00e9s ampli.<\/p>\n<\/div><\/div><\/div><\/div><\/div><\/div><div class=\"g-cols wpb_row via_flex valign_top type_default stacking_default\"><div class=\"vc_col-sm-3 wpb_column vc_column_container\"><div class=\"vc_column-inner us_custom_ab574d1d\"><div class=\"wpb_wrapper\"><div class=\"w-image us_custom_4f24afa8 fullwidth align_none\"><div class=\"w-image-h\"><img decoding=\"async\" width=\"714\" height=\"408\" data-src=\"https:\/\/clinicachela.com\/wp-content\/uploads\/2022\/06\/img-higiene-dental-07.jpg\" class=\"attachment-full size-full lazyload\" alt=\"\" data-srcset=\"https:\/\/clinicachela.com\/wp-content\/uploads\/2022\/06\/img-higiene-dental-07.jpg 714w, https:\/\/clinicachela.com\/wp-content\/uploads\/2022\/06\/img-higiene-dental-07-300x171.jpg 300w\" data-sizes=\"(max-width: 714px) 100vw, 714px\" src=\"data:image\/svg+xml;base64,PHN2ZyB3aWR0aD0iMSIgaGVpZ2h0PSIxIiB4bWxucz0iaHR0cDovL3d3dy53My5vcmcvMjAwMC9zdmciPjwvc3ZnPg==\" style=\"--smush-placeholder-width: 714px; --smush-placeholder-aspect-ratio: 714\/408;\" \/><\/div><\/div><div class=\"wpb_text_column\"><div class=\"wpb_wrapper\"><p>Al final de la neteja utilitza <strong>esbandida bucal<\/strong> .<\/p>\n<\/div><\/div><\/div><\/div><\/div><div class=\"vc_col-sm-3 wpb_column vc_column_container\"><div class=\"vc_column-inner us_custom_ab574d1d\"><div class=\"wpb_wrapper\"><div class=\"w-image us_custom_4f24afa8 fullwidth align_none\"><div class=\"w-image-h\"><img decoding=\"async\" width=\"714\" height=\"408\" data-src=\"https:\/\/clinicachela.com\/wp-content\/uploads\/2022\/06\/img-higiene-dental-08.jpg\" class=\"attachment-full size-full lazyload\" alt=\"\" data-srcset=\"https:\/\/clinicachela.com\/wp-content\/uploads\/2022\/06\/img-higiene-dental-08.jpg 714w, https:\/\/clinicachela.com\/wp-content\/uploads\/2022\/06\/img-higiene-dental-08-300x171.jpg 300w\" data-sizes=\"(max-width: 714px) 100vw, 714px\" src=\"data:image\/svg+xml;base64,PHN2ZyB3aWR0aD0iMSIgaGVpZ2h0PSIxIiB4bWxucz0iaHR0cDovL3d3dy53My5vcmcvMjAwMC9zdmciPjwvc3ZnPg==\" style=\"--smush-placeholder-width: 714px; --smush-placeholder-aspect-ratio: 714\/408;\" \/><\/div><\/div><div class=\"wpb_text_column\"><div class=\"wpb_wrapper\"><p><strong>Canvia el teu raspall de dents<\/strong> cada 3 o 4 mesos i el raspall interdental cada 4 o 5 dies.<\/p>\n<\/div><\/div><\/div><\/div><\/div><div class=\"vc_col-sm-3 wpb_column vc_column_container\"><div class=\"vc_column-inner us_custom_ab574d1d\"><div class=\"wpb_wrapper\"><div class=\"w-image us_custom_4f24afa8 fullwidth align_none\"><div class=\"w-image-h\"><img decoding=\"async\" width=\"714\" height=\"408\" data-src=\"https:\/\/clinicachela.com\/wp-content\/uploads\/2022\/06\/img-higiene-dental-09.jpg\" class=\"attachment-full size-full lazyload\" alt=\"\" data-srcset=\"https:\/\/clinicachela.com\/wp-content\/uploads\/2022\/06\/img-higiene-dental-09.jpg 714w, https:\/\/clinicachela.com\/wp-content\/uploads\/2022\/06\/img-higiene-dental-09-300x171.jpg 300w\" data-sizes=\"(max-width: 714px) 100vw, 714px\" src=\"data:image\/svg+xml;base64,PHN2ZyB3aWR0aD0iMSIgaGVpZ2h0PSIxIiB4bWxucz0iaHR0cDovL3d3dy53My5vcmcvMjAwMC9zdmciPjwvc3ZnPg==\" style=\"--smush-placeholder-width: 714px; --smush-placeholder-aspect-ratio: 714\/408;\" \/><\/div><\/div><div class=\"wpb_text_column\"><div class=\"wpb_wrapper\"><p><strong>Evita fumar.<\/strong><\/p>\n<\/div><\/div><\/div><\/div><\/div><div class=\"vc_col-sm-3 wpb_column vc_column_container\"><div class=\"vc_column-inner us_custom_ab574d1d\"><div class=\"wpb_wrapper\"><div class=\"w-image us_custom_4f24afa8 fullwidth align_none\"><div class=\"w-image-h\"><img decoding=\"async\" width=\"714\" height=\"408\" data-src=\"https:\/\/clinicachela.com\/wp-content\/uploads\/2022\/06\/img-higiene-dental-10.jpg\" class=\"attachment-full size-full lazyload\" alt=\"\" data-srcset=\"https:\/\/clinicachela.com\/wp-content\/uploads\/2022\/06\/img-higiene-dental-10.jpg 714w, https:\/\/clinicachela.com\/wp-content\/uploads\/2022\/06\/img-higiene-dental-10-300x171.jpg 300w\" data-sizes=\"(max-width: 714px) 100vw, 714px\" src=\"data:image\/svg+xml;base64,PHN2ZyB3aWR0aD0iMSIgaGVpZ2h0PSIxIiB4bWxucz0iaHR0cDovL3d3dy53My5vcmcvMjAwMC9zdmciPjwvc3ZnPg==\" style=\"--smush-placeholder-width: 714px; --smush-placeholder-aspect-ratio: 714\/408;\" \/><\/div><\/div><div class=\"wpb_text_column\"><div class=\"wpb_wrapper\"><p><strong>Visita&#8217;ns 1 o 2 cops l&#8217;any i<\/strong> fes una <strong>neteja dental<\/strong> cada any.<\/p>\n<\/div><\/div><\/div><\/div><\/div><\/div><\/div><\/div><\/div><\/div><\/div><\/section><section class=\"l-section wpb_row height_large\"><div class=\"l-section-h i-cf\"><div class=\"g-cols vc_row via_flex valign_top type_default stacking_default\"><div class=\"vc_col-sm-12 wpb_column vc_column_container\"><div class=\"vc_column-inner\"><div class=\"wpb_wrapper\"><h2 class=\"w-text us_custom_cd795cfd has_text_color\"><span class=\"w-text-h\"><span class=\"w-text-value\">Tamb\u00e9 us pot interessar<\/span><\/span><\/h2><div class=\"w-separator us_custom_f2eec366 size_small with_line width_default thick_1 style_solid color_text align_center\"><div class=\"w-separator-h\"><\/div><\/div><div class=\"w-grid type_grid layout_330 cols_3\" id=\"us_grid_1\" style=\"--columns:3;--gap:4rem;\"><style>@media (max-width:1024px){#us_grid_1{--columns:2!important}}@media (max-width:600px){#us_grid_1{--columns:1!important}}.layout_330 .w-grid-item-h{box-shadow:0 0.1rem 0.2rem rgba(0,0,0,0.1),0 0.33rem 1rem rgba(0,0,0,0.1);transition-duration:0.3s}.no-touch .layout_330 .w-grid-item-h:hover{box-shadow:0 0rem 0rem rgba(0,0,0,0.1),0 0rem 0rem rgba(0,0,0,0.15);z-index:4}.layout_330 .usg_vwrapper_1{background:rgba(255,255,255,0.75) no-repeat center center \/ 30rem!important;padding:1.5rem 1.5rem 4.5rem 1.5rem!important}.layout_330 .usg_post_image_1{width:8rem!important;margin-left:auto!important;margin-right:auto!important}.layout_330 .usg_post_title_1{font-weight:700!important;font-size:1.4rem!important;margin-bottom:.6rem!important;padding-bottom:.6rem!important;border-bottom-width:2px!important;border-color:#262626!important;border-bottom-style:solid!important}.layout_330 .usg_post_content_1{font-size:.8rem!important}.layout_330 .usg_btn_1{font-family:var(--font-family)!important;font-weight:400!important;font-size:2rem!important;width:fit-content!important;position:absolute!important;bottom:1.5rem!important;background:transparent!important;padding:.2rem .8rem .2rem .8rem!important}<\/style><div class=\"w-grid-list\">\t<article class=\"w-grid-item size_1x1 post-15476 tratamientos type-tratamientos status-publish has-post-thumbnail hentry\" data-id=\"15476\">\r\n\t\t<div class=\"w-grid-item-h\">\r\n\t\t\t\t\t\t<div class=\"w-vwrapper usg_vwrapper_1 align_none valign_top\"><div class=\"w-post-elm post_image usg_post_image_1 has_width\"><a href=\"https:\/\/clinicachela.com\/periodoncia\/\" aria-label=\"Period\u00f2ncia\"><img decoding=\"async\" data-src=\"https:\/\/clinicachela.com\/wp-content\/uploads\/2022\/05\/vector-13.svg\" class=\"attachment-full size-full wp-post-image lazyload\" alt=\"\" src=\"data:image\/svg+xml;base64,PHN2ZyB3aWR0aD0iMSIgaGVpZ2h0PSIxIiB4bWxucz0iaHR0cDovL3d3dy53My5vcmcvMjAwMC9zdmciPjwvc3ZnPg==\" \/><\/a><\/div><h3 class=\"w-post-elm post_title usg_post_title_1 titulo-grid entry-title color_link_inherit\"><a href=\"https:\/\/clinicachela.com\/periodoncia\/\">Period\u00f2ncia<\/a><\/h3><div class=\"w-post-elm post_content usg_post_content_1\"><p>La Period\u00f2ncia \u00e9s l&#8217;especialitat de l&#8217;Odontologia que s&#8217;encarrega de millorar la salut i l&#8217;est\u00e8tica de les genives que envolten les dents.<\/p>\n<\/div><a class=\"w-btn us-btn-style_1 usg_btn_1\" href=\"https:\/\/clinicachela.com\/periodoncia\/\"><span class=\"w-btn-label\">><\/span><\/a><\/div>\t\t<\/div>\r\n\t\t\t<\/article>\r\n\t<article class=\"w-grid-item size_1x1 post-15469 tratamientos type-tratamientos status-publish has-post-thumbnail hentry\" data-id=\"15469\">\r\n\t\t<div class=\"w-grid-item-h\">\r\n\t\t\t\t\t\t<div class=\"w-vwrapper usg_vwrapper_1 align_none valign_top\"><div class=\"w-post-elm post_image usg_post_image_1 has_width\"><a href=\"https:\/\/clinicachela.com\/estetica-dental\/\" aria-label=\"Est\u00e8tica dental\"><img decoding=\"async\" data-src=\"https:\/\/clinicachela.com\/wp-content\/uploads\/2022\/05\/vector-12.svg\" class=\"attachment-full size-full wp-post-image lazyload\" alt=\"\" src=\"data:image\/svg+xml;base64,PHN2ZyB3aWR0aD0iMSIgaGVpZ2h0PSIxIiB4bWxucz0iaHR0cDovL3d3dy53My5vcmcvMjAwMC9zdmciPjwvc3ZnPg==\" \/><\/a><\/div><h3 class=\"w-post-elm post_title usg_post_title_1 titulo-grid entry-title color_link_inherit\"><a href=\"https:\/\/clinicachela.com\/estetica-dental\/\">Est\u00e8tica dental<\/a><\/h3><div class=\"w-post-elm post_content usg_post_content_1\"><p>L&#8217;objectiu d&#8217;aquesta pr\u00e0ctica \u00e9s embellir les dents amb diferents possibilitats i resultats excel\u00b7lents.<\/p>\n<\/div><a class=\"w-btn us-btn-style_1 usg_btn_1\" href=\"https:\/\/clinicachela.com\/estetica-dental\/\"><span class=\"w-btn-label\">><\/span><\/a><\/div>\t\t<\/div>\r\n\t\t\t<\/article>\r\n\t<article class=\"w-grid-item size_1x1 post-15470 tratamientos type-tratamientos status-publish has-post-thumbnail hentry\" data-id=\"15470\">\r\n\t\t<div class=\"w-grid-item-h\">\r\n\t\t\t\t\t\t<div class=\"w-vwrapper usg_vwrapper_1 align_none valign_top\"><div class=\"w-post-elm post_image usg_post_image_1 has_width\"><a href=\"https:\/\/clinicachela.com\/caries\/\" aria-label=\"C\u00e0ries\"><img decoding=\"async\" data-src=\"https:\/\/clinicachela.com\/wp-content\/uploads\/2022\/05\/vector-16.svg\" class=\"attachment-full size-full wp-post-image lazyload\" alt=\"\" src=\"data:image\/svg+xml;base64,PHN2ZyB3aWR0aD0iMSIgaGVpZ2h0PSIxIiB4bWxucz0iaHR0cDovL3d3dy53My5vcmcvMjAwMC9zdmciPjwvc3ZnPg==\" \/><\/a><\/div><h3 class=\"w-post-elm post_title usg_post_title_1 titulo-grid entry-title color_link_inherit\"><a href=\"https:\/\/clinicachela.com\/caries\/\">C\u00e0ries<\/a><\/h3><div class=\"w-post-elm post_content usg_post_content_1\"><p>S\u00f3n zones danyades de forma permanent a la superf\u00edcie de les dents que es converteixen en petites obertures o orificis, causades per la desmineralitzaci\u00f3 de l&#8217;esmalt que produeixen els \u00e0cids formats a partir de la fermentaci\u00f3 de sucres i midons presents a la placa bacteriana.<\/p>\n<\/div><a class=\"w-btn us-btn-style_1 usg_btn_1\" href=\"https:\/\/clinicachela.com\/caries\/\"><span class=\"w-btn-label\">><\/span><\/a><\/div>\t\t<\/div>\r\n\t\t\t<\/article>\r\n<\/div><div class=\"w-grid-preloader\">\t<div class=\"g-preloader type_1\">\r\n\t\t<div><\/div>\r\n\t<\/div>\r\n\t<\/div>\t<div class=\"w-grid-json hidden\" onclick='return {&quot;action&quot;:&quot;us_ajax_grid&quot;,&quot;infinite_scroll&quot;:0,&quot;max_num_pages&quot;:1,&quot;pagination&quot;:&quot;none&quot;,&quot;template_vars&quot;:{&quot;columns&quot;:&quot;3&quot;,&quot;exclude_items&quot;:&quot;none&quot;,&quot;img_size&quot;:&quot;default&quot;,&quot;ignore_items_size&quot;:0,&quot;items_layout&quot;:&quot;330&quot;,&quot;items_offset&quot;:&quot;1&quot;,&quot;load_animation&quot;:&quot;none&quot;,&quot;overriding_link&quot;:&quot;{\\&quot;url\\&quot;:\\&quot;\\&quot;}&quot;,&quot;post_id&quot;:0,&quot;query_args&quot;:{&quot;ignore_sticky_posts&quot;:1,&quot;post_type&quot;:&quot;any&quot;,&quot;post__in&quot;:[&quot;324&quot;,&quot;323&quot;,&quot;352&quot;],&quot;posts_per_page&quot;:&quot;10&quot;},&quot;orderby_query_args&quot;:{&quot;orderby&quot;:{&quot;post__in&quot;:&quot;ASC&quot;},&quot;order&quot;:&quot;ASC&quot;},&quot;type&quot;:&quot;grid&quot;,&quot;us_grid_post_type&quot;:&quot;ids&quot;,&quot;us_grid_ajax_index&quot;:1,&quot;us_grid_filter_query_string&quot;:null,&quot;us_grid_index&quot;:1,&quot;page_args&quot;:[],&quot;lang&quot;:&quot;ca&quot;}}'><\/div>\r\n\t<\/div><\/div><\/div><\/div><\/div><\/div><\/section>\n","protected":false},"excerpt":{"rendered":"S\u00f3n zones danyades de forma permanent a la superf\u00edcie de les dents que es converteixen en petites obertures o orificis, causades per la desmineralitzaci\u00f3 de l'esmalt que produeixen els \u00e0cids formats a partir de la fermentaci\u00f3 de sucres i midons presents a la placa bacteriana.","protected":false},"author":5,"featured_media":0,"parent":14902,"menu_order":0,"comment_status":"closed","ping_status":"closed","template":"","meta":{"_acf_changed":false,"footnotes":""},"class_list":["post-14999","page","type-page","status-publish","hentry"],"acf":[],"_links":{"self":[{"href":"https:\/\/clinicachela.com\/ca\/wp-json\/wp\/v2\/pages\/14999"}],"collection":[{"href":"https:\/\/clinicachela.com\/ca\/wp-json\/wp\/v2\/pages"}],"about":[{"href":"https:\/\/clinicachela.com\/ca\/wp-json\/wp\/v2\/types\/page"}],"author":[{"embeddable":true,"href":"https:\/\/clinicachela.com\/ca\/wp-json\/wp\/v2\/users\/5"}],"replies":[{"embeddable":true,"href":"https:\/\/clinicachela.com\/ca\/wp-json\/wp\/v2\/comments?post=14999"}],"version-history":[{"count":3,"href":"https:\/\/clinicachela.com\/ca\/wp-json\/wp\/v2\/pages\/14999\/revisions"}],"predecessor-version":[{"id":38547,"href":"https:\/\/clinicachela.com\/ca\/wp-json\/wp\/v2\/pages\/14999\/revisions\/38547"}],"up":[{"embeddable":true,"href":"https:\/\/clinicachela.com\/ca\/wp-json\/wp\/v2\/pages\/14902"}],"wp:attachment":[{"href":"https:\/\/clinicachela.com\/ca\/wp-json\/wp\/v2\/media?parent=14999"}],"curies":[{"name":"wp","href":"https:\/\/api.w.org\/{rel}","templated":true}]}}