{"id":15001,"date":"2022-05-11T15:32:27","date_gmt":"2022-05-11T15:32:27","guid":{"rendered":"https:\/\/clinicachela.com\/tractaments\/estetica-dental\/carilles-de-porcellana\/"},"modified":"2026-03-24T10:00:26","modified_gmt":"2026-03-24T10:00:26","slug":"carilles-de-porcellana","status":"publish","type":"page","link":"https:\/\/clinicachela.com\/ca\/tractaments\/estetica-dental\/carilles-de-porcellana\/","title":{"rendered":"Carilles de Porcellana"},"content":{"rendered":"<section class=\"l-section wpb_row us_custom_c8b75766 height_medium width_full\"><div class=\"l-section-h i-cf\"><div class=\"g-cols vc_row via_flex valign_middle type_default stacking_default\"><div class=\"vc_col-sm-12 wpb_column vc_column_container\"><div class=\"vc_column-inner\"><div class=\"wpb_wrapper\"><span><span><a href=\"https:\/\/clinicachela.com\/ca\/inici2\/\">Inicio<\/a><\/span><\/span><div class=\"w-image us_custom_dd7fbc3d align_center\"><div class=\"w-image-h\"><img decoding=\"async\" width=\"150\" height=\"150\" data-src=\"https:\/\/clinicachela.com\/wp-content\/uploads\/2022\/05\/vector-12.svg\" class=\"attachment-thumbnail size-thumbnail lazyload\" alt=\"\" src=\"data:image\/svg+xml;base64,PHN2ZyB3aWR0aD0iMSIgaGVpZ2h0PSIxIiB4bWxucz0iaHR0cDovL3d3dy53My5vcmcvMjAwMC9zdmciPjwvc3ZnPg==\" style=\"--smush-placeholder-width: 150px; --smush-placeholder-aspect-ratio: 150\/150;\" \/><\/div><\/div><h1 class=\"w-text us_custom_b56b878b\"><span class=\"w-text-h\"><span class=\"w-text-value\">Carilles Dentals<\/span><\/span><\/h1><\/div><\/div><\/div><\/div><\/div><\/section><section class=\"l-section wpb_row us_custom_f040db8d height_medium\"><div class=\"l-section-h i-cf\"><div class=\"g-cols vc_row via_flex valign_top type_default stacking_default\"><div class=\"vc_col-sm-12 wpb_column vc_column_container\"><div class=\"vc_column-inner\"><div class=\"wpb_wrapper\"><\/div><\/div><\/div><\/div><\/div><\/section><section class=\"l-section wpb_row height_medium\"><div class=\"l-section-h i-cf\"><div class=\"g-cols vc_row via_flex valign_top type_default stacking_default\"><div class=\"vc_col-sm-6 wpb_column vc_column_container\"><div class=\"vc_column-inner\"><div class=\"wpb_wrapper\"><h2 class=\"w-text us_custom_cd795cfd has_text_color\"><span class=\"w-text-h\"><span class=\"w-text-value\">Avantatges<\/span><\/span><\/h2><div class=\"w-separator size_small with_line width_default thick_1 style_solid color_text align_center\"><div class=\"w-separator-h\"><\/div><\/div><div class=\"wpb_text_column check-list\"><div class=\"wpb_wrapper\"><ul>\n<li>No requereixen intervenci\u00f3 quir\u00fargica.<\/li>\n<li>\u00c9s un tractament indolor.<\/li>\n<li>Tornen el color natural a les dents.<\/li>\n<li>Milloren la morfologia dental.<\/li>\n<li>S\u00f3n de gran resist\u00e8ncia i durabilitat.<\/li>\n<li>Es fabriquen a mida segons color i mida.<\/li>\n<li>\u00c9s un tractament poc invasiu.<\/li>\n<li>No retenen placa bacteriana.<\/li>\n<li>Adaptables segons la morfologia de les dents.<\/li>\n<li>Milloren significativament la masticaci\u00f3 i est\u00e8tica.<\/li>\n<\/ul>\n<\/div><\/div><\/div><\/div><\/div><div class=\"vc_col-sm-6 wpb_column vc_column_container\"><div class=\"vc_column-inner\"><div class=\"wpb_wrapper\"><div class=\"w-image us_custom_a7458c9f fullwidth align_none\"><div class=\"w-image-h\"><img decoding=\"async\" width=\"1602\" height=\"1485\" data-src=\"https:\/\/clinicachela.com\/wp-content\/uploads\/2022\/06\/img-carillas-dentales-03.jpg\" class=\"attachment-full size-full lazyload\" alt=\"\" data-srcset=\"https:\/\/clinicachela.com\/wp-content\/uploads\/2022\/06\/img-carillas-dentales-03.jpg 1602w, https:\/\/clinicachela.com\/wp-content\/uploads\/2022\/06\/img-carillas-dentales-03-300x278.jpg 300w, https:\/\/clinicachela.com\/wp-content\/uploads\/2022\/06\/img-carillas-dentales-03-1024x949.jpg 1024w\" data-sizes=\"(max-width: 1602px) 100vw, 1602px\" src=\"data:image\/svg+xml;base64,PHN2ZyB3aWR0aD0iMSIgaGVpZ2h0PSIxIiB4bWxucz0iaHR0cDovL3d3dy53My5vcmcvMjAwMC9zdmciPjwvc3ZnPg==\" style=\"--smush-placeholder-width: 1602px; --smush-placeholder-aspect-ratio: 1602\/1485;\" \/><\/div><\/div><\/div><\/div><\/div><\/div><\/div><\/section><section class=\"l-section wpb_row height_medium\"><div class=\"l-section-h i-cf\"><div class=\"g-cols vc_row via_flex valign_top type_default reversed stacking_default\"><div class=\"vc_col-sm-6 wpb_column vc_column_container\"><div class=\"vc_column-inner us_custom_f03ee871\"><div class=\"wpb_wrapper\"><div class=\"w-image us_custom_a7458c9f fullwidth align_none\"><div class=\"w-image-h\"><img decoding=\"async\" width=\"904\" height=\"720\" data-src=\"https:\/\/clinicachela.com\/wp-content\/uploads\/2022\/10\/carillas.png\" class=\"attachment-full size-full lazyload\" alt=\"\" src=\"data:image\/svg+xml;base64,PHN2ZyB3aWR0aD0iMSIgaGVpZ2h0PSIxIiB4bWxucz0iaHR0cDovL3d3dy53My5vcmcvMjAwMC9zdmciPjwvc3ZnPg==\" style=\"--smush-placeholder-width: 904px; --smush-placeholder-aspect-ratio: 904\/720;\" \/><\/div><\/div><\/div><\/div><\/div><div class=\"vc_col-sm-6 wpb_column vc_column_container\"><div class=\"vc_column-inner us_custom_8224efc5\"><div class=\"wpb_wrapper\"><h2 class=\"w-text us_custom_cd795cfd has_text_color\"><span class=\"w-text-h\"><span class=\"w-text-value\">Quan s\u00f3n necess\u00e0ries?<\/span><\/span><\/h2><div class=\"w-separator size_small with_line width_default thick_1 style_solid color_text align_center\"><div class=\"w-separator-h\"><\/div><\/div><div class=\"wpb_text_column check-list\"><div class=\"wpb_wrapper\"><ul>\n<li>En desgasts dentals<\/li>\n<li>Taques<\/li>\n<li>Dents no alineades<\/li>\n<li>Dents separades<\/li>\n<li>Unificar color<\/li>\n<li>Millorar l&#8217;est\u00e8tica<\/li>\n<\/ul>\n<\/div><\/div><\/div><\/div><\/div><\/div><\/div><\/section>\n","protected":false},"excerpt":{"rendered":"InicioCarilles DentalsAvantatges No requereixen intervenci\u00f3 quir\u00fargica. \u00c9s un tractament indolor. Tornen el color natural a les dents. Milloren la morfologia dental. S\u00f3n de gran resist\u00e8ncia i durabilitat. Es fabriquen a mida segons color i mida. \u00c9s un tractament poc invasiu. No retenen placa bacteriana. Adaptables segons la morfologia de les dents. Milloren significativament la masticaci\u00f3...","protected":false},"author":5,"featured_media":0,"parent":14926,"menu_order":0,"comment_status":"closed","ping_status":"closed","template":"","meta":{"_acf_changed":false,"footnotes":""},"class_list":["post-15001","page","type-page","status-publish","hentry"],"acf":[],"_links":{"self":[{"href":"https:\/\/clinicachela.com\/ca\/wp-json\/wp\/v2\/pages\/15001"}],"collection":[{"href":"https:\/\/clinicachela.com\/ca\/wp-json\/wp\/v2\/pages"}],"about":[{"href":"https:\/\/clinicachela.com\/ca\/wp-json\/wp\/v2\/types\/page"}],"author":[{"embeddable":true,"href":"https:\/\/clinicachela.com\/ca\/wp-json\/wp\/v2\/users\/5"}],"replies":[{"embeddable":true,"href":"https:\/\/clinicachela.com\/ca\/wp-json\/wp\/v2\/comments?post=15001"}],"version-history":[{"count":11,"href":"https:\/\/clinicachela.com\/ca\/wp-json\/wp\/v2\/pages\/15001\/revisions"}],"predecessor-version":[{"id":38497,"href":"https:\/\/clinicachela.com\/ca\/wp-json\/wp\/v2\/pages\/15001\/revisions\/38497"}],"up":[{"embeddable":true,"href":"https:\/\/clinicachela.com\/ca\/wp-json\/wp\/v2\/pages\/14926"}],"wp:attachment":[{"href":"https:\/\/clinicachela.com\/ca\/wp-json\/wp\/v2\/media?parent=15001"}],"curies":[{"name":"wp","href":"https:\/\/api.w.org\/{rel}","templated":true}]}}