{"id":15005,"date":"2022-05-11T15:35:19","date_gmt":"2022-05-11T15:35:19","guid":{"rendered":"https:\/\/clinicachela.com\/tractaments\/prostodoncia-o-protesis-dentals\/"},"modified":"2026-03-26T08:37:10","modified_gmt":"2026-03-26T08:37:10","slug":"prostodoncia-o-protesis-dentals","status":"publish","type":"page","link":"https:\/\/clinicachela.com\/ca\/tractaments\/prostodoncia-o-protesis-dentals\/","title":{"rendered":"Prostod\u00f2ncia o Pr\u00f2tesis Dentals"},"content":{"rendered":"<section class=\"l-section wpb_row us_custom_15e6aa35 height_medium width_full\"><div class=\"l-section-h i-cf\"><div class=\"g-cols vc_row via_flex valign_top type_default stacking_default\"><div class=\"vc_col-sm-12 wpb_column vc_column_container\"><div class=\"vc_column-inner\"><div class=\"wpb_wrapper\"><div class=\"g-cols wpb_row us_custom_96abebca service-breadcrumbs has_text_color via_flex valign_top type_default stacking_default\"><div class=\"vc_col-sm-12 wpb_column vc_column_container\"><div class=\"vc_column-inner\"><div class=\"wpb_wrapper\"><span><span><a href=\"https:\/\/clinicachela.com\/ca\/inici2\/\">Inicio<\/a><\/span><\/span><\/div><\/div><\/div><\/div><div class=\"w-image us_custom_efae155e align_center\"><div class=\"w-image-h\"><img decoding=\"async\" width=\"150\" height=\"150\" data-src=\"https:\/\/clinicachela.com\/wp-content\/uploads\/2022\/05\/vector-17.svg\" class=\"attachment-thumbnail size-thumbnail lazyload\" alt=\"\" src=\"data:image\/svg+xml;base64,PHN2ZyB3aWR0aD0iMSIgaGVpZ2h0PSIxIiB4bWxucz0iaHR0cDovL3d3dy53My5vcmcvMjAwMC9zdmciPjwvc3ZnPg==\" style=\"--smush-placeholder-width: 150px; --smush-placeholder-aspect-ratio: 150\/150;\" \/><\/div><\/div><h1 class=\"w-text us_custom_40a79c96\"><span class=\"w-text-h\"><span class=\"w-text-value\">Pr\u00f2tesis dentals<\/span><\/span><\/h1><\/div><\/div><\/div><\/div><\/div><\/section><section class=\"l-section wpb_row us_custom_4861d8d8 height_medium\"><div class=\"l-section-h i-cf\"><div class=\"g-cols vc_row via_flex valign_top type_default stacking_default\"><div class=\"vc_col-sm-12 wpb_column vc_column_container\"><div class=\"vc_column-inner\"><div class=\"wpb_wrapper\"><\/div><\/div><\/div><\/div><\/div><\/section><section class=\"l-section wpb_row height_large\"><div class=\"l-section-h i-cf\"><div class=\"g-cols vc_row via_flex valign_top type_default stacking_default\"><div class=\"vc_col-sm-12 wpb_column vc_column_container\"><div class=\"vc_column-inner\"><div class=\"wpb_wrapper\"><div class=\"wpb_text_column\"><div class=\"wpb_wrapper\"><p><strong>L&#8217;abs\u00e8ncia parcial o total de les peces dentals<\/strong> suposa un gran problema <strong>tant a nivell est\u00e8tic com funcional<\/strong> , moltes vegades es veu compromesa la fon\u00e8tica pel fet que la seva abs\u00e8ncia impedeix articular alguns sons.<\/p>\n<p> Les pr\u00f2tesis dentals s\u00f3n peces fabricades i dissenyades amb la finalitat de <strong>restaurar les dents perdudes o danyades<\/strong> i aix\u00ed poder solucionar els problemes de cada pacient.<\/p>\n<\/div><\/div><div class=\"g-cols wpb_row us_custom_56a59181 via_flex valign_top type_default stacking_default\"><div class=\"vc_col-sm-12 wpb_column vc_column_container\"><div class=\"vc_column-inner\"><div class=\"wpb_wrapper\"><h2 class=\"w-text us_custom_b2efa1d7 has_text_color\"><span class=\"w-text-h\"><span class=\"w-text-value\">Quin tipus de pr\u00f2tesis dentals oferim?<\/span><\/span><\/h2><div class=\"w-separator size_small with_line width_default thick_1 style_solid color_text align_center\"><div class=\"w-separator-h\"><\/div><\/div><\/div><\/div><\/div><\/div><div class=\"g-cols wpb_row via_flex valign_top type_default stacking_default\" style=\"--additional-gap:3rem;\"><div class=\"vc_col-sm-6 wpb_column vc_column_container\"><div class=\"vc_column-inner us_custom_2aaa34b3\"><div class=\"wpb_wrapper\"><div class=\"w-image us_custom_4f24afa8 fullwidth align_none\"><div class=\"w-image-h\"><img decoding=\"async\" class=\"g-placeholder lazyload\" data-src=\"https:\/\/clinicachela.com\/wp-content\/plugins\/us-core\/assets\/images\/placeholder.svg\" width=\"\" height=\"\" alt src=\"data:image\/svg+xml;base64,PHN2ZyB3aWR0aD0iMSIgaGVpZ2h0PSIxIiB4bWxucz0iaHR0cDovL3d3dy53My5vcmcvMjAwMC9zdmciPjwvc3ZnPg==\"><\/div><\/div><h2 class=\"w-text us_custom_a16e6009\"><span class=\"w-text-h\"><span class=\"w-text-value\">Pr\u00f2tesi dental sobre dent natural<\/span><\/span><\/h2><div class=\"w-separator us_custom_c5787b44 size_small with_line width_default thick_1 style_solid color_text align_center\"><div class=\"w-separator-h\"><\/div><\/div><div class=\"wpb_text_column\"><div class=\"wpb_wrapper\"><p><strong>Corona unit\u00e0ria<\/strong> : Pr\u00f2tesi individual per millorar una pe\u00e7a dental.<\/p>\n<p> <strong>Pont dental<\/strong> : Reempla\u00e7a una o diverses peces absents subjectant-les a les seves dents contig\u00fces.<\/p>\n<p> <strong>Incrustaci\u00f3<\/strong> : \u00c9s una restauraci\u00f3 conservadora que es realitza a l&#8217;interior de la corona dental per reparar part de l&#8217;estructura perduda i preservar la sana.<\/p>\n<\/div><\/div><\/div><\/div><\/div><div class=\"vc_col-sm-6 wpb_column vc_column_container\"><div class=\"vc_column-inner us_custom_2aaa34b3\"><div class=\"wpb_wrapper\"><div class=\"w-image us_custom_4f24afa8 fullwidth align_none\"><div class=\"w-image-h\"><img decoding=\"async\" width=\"1542\" height=\"1140\" data-src=\"https:\/\/clinicachela.com\/wp-content\/uploads\/2022\/06\/img-protesis-dentales-03.jpg\" class=\"attachment-full size-full lazyload\" alt=\"\" data-srcset=\"https:\/\/clinicachela.com\/wp-content\/uploads\/2022\/06\/img-protesis-dentales-03.jpg 1542w, https:\/\/clinicachela.com\/wp-content\/uploads\/2022\/06\/img-protesis-dentales-03-300x222.jpg 300w, https:\/\/clinicachela.com\/wp-content\/uploads\/2022\/06\/img-protesis-dentales-03-1024x757.jpg 1024w\" data-sizes=\"(max-width: 1542px) 100vw, 1542px\" src=\"data:image\/svg+xml;base64,PHN2ZyB3aWR0aD0iMSIgaGVpZ2h0PSIxIiB4bWxucz0iaHR0cDovL3d3dy53My5vcmcvMjAwMC9zdmciPjwvc3ZnPg==\" style=\"--smush-placeholder-width: 1542px; --smush-placeholder-aspect-ratio: 1542\/1140;\" \/><\/div><\/div><h2 class=\"w-text us_custom_a16e6009\"><span class=\"w-text-h\"><span class=\"w-text-value\">Pr\u00f2tesi dental fixa sobre implant<\/span><\/span><\/h2><div class=\"w-separator us_custom_c5787b44 size_small with_line width_default thick_1 style_solid color_text align_center\"><div class=\"w-separator-h\"><\/div><\/div><div class=\"wpb_text_column\"><div class=\"wpb_wrapper\"><p><strong>Corona sobre implant<\/strong> : Rehabilita una \u00fanica dent.<\/p>\n<p> <strong>Pont sobre Implant<\/strong> : Reempla\u00e7a diverses dents en una mateixa arcada.<\/p>\n<p> <strong>Pr\u00f2tesi Completa<\/strong> : Substitueix la totalitat de les dents.<\/p>\n<\/div><\/div><\/div><\/div><\/div><\/div><div class=\"g-cols wpb_row via_flex valign_top type_default stacking_default\" style=\"--additional-gap:3rem;\"><div class=\"vc_col-sm-6 wpb_column vc_column_container\"><div class=\"vc_column-inner us_custom_2aaa34b3\"><div class=\"wpb_wrapper\"><div class=\"w-image us_custom_4f24afa8 fullwidth align_none\"><div class=\"w-image-h\"><img decoding=\"async\" width=\"1542\" height=\"1149\" data-src=\"https:\/\/clinicachela.com\/wp-content\/uploads\/2022\/06\/img-protesis-dentales-04.jpg\" class=\"attachment-full size-full lazyload\" alt=\"\" data-srcset=\"https:\/\/clinicachela.com\/wp-content\/uploads\/2022\/06\/img-protesis-dentales-04.jpg 1542w, https:\/\/clinicachela.com\/wp-content\/uploads\/2022\/06\/img-protesis-dentales-04-300x224.jpg 300w, https:\/\/clinicachela.com\/wp-content\/uploads\/2022\/06\/img-protesis-dentales-04-1024x763.jpg 1024w\" data-sizes=\"(max-width: 1542px) 100vw, 1542px\" src=\"data:image\/svg+xml;base64,PHN2ZyB3aWR0aD0iMSIgaGVpZ2h0PSIxIiB4bWxucz0iaHR0cDovL3d3dy53My5vcmcvMjAwMC9zdmciPjwvc3ZnPg==\" style=\"--smush-placeholder-width: 1542px; --smush-placeholder-aspect-ratio: 1542\/1149;\" \/><\/div><\/div><h2 class=\"w-text us_custom_a16e6009\"><span class=\"w-text-h\"><span class=\"w-text-value\">Pr\u00f2tesi parcial removible<\/span><\/span><\/h2><div class=\"w-separator us_custom_c5787b44 size_small with_line width_default thick_1 style_solid color_text align_center\"><div class=\"w-separator-h\"><\/div><\/div><div class=\"wpb_text_column\"><div class=\"wpb_wrapper\"><p><strong>Les peces faltants<\/strong> van ancorades a un element met\u00e0l\u00b7lic o un altre tipus de material, i <strong>se subjecten<\/strong> a les dents naturals existents. Es poden treure i posar manualment.<\/p>\n<\/div><\/div><\/div><\/div><\/div><div class=\"vc_col-sm-6 wpb_column vc_column_container\"><div class=\"vc_column-inner us_custom_2aaa34b3\"><div class=\"wpb_wrapper\"><div class=\"w-image us_custom_4f24afa8 fullwidth align_none\"><div class=\"w-image-h\"><img decoding=\"async\" width=\"1542\" height=\"1137\" data-src=\"https:\/\/clinicachela.com\/wp-content\/uploads\/2022\/06\/img-protesis-dentales-05.jpg\" class=\"attachment-full size-full lazyload\" alt=\"\" data-srcset=\"https:\/\/clinicachela.com\/wp-content\/uploads\/2022\/06\/img-protesis-dentales-05.jpg 1542w, https:\/\/clinicachela.com\/wp-content\/uploads\/2022\/06\/img-protesis-dentales-05-300x221.jpg 300w, https:\/\/clinicachela.com\/wp-content\/uploads\/2022\/06\/img-protesis-dentales-05-1024x755.jpg 1024w\" data-sizes=\"(max-width: 1542px) 100vw, 1542px\" src=\"data:image\/svg+xml;base64,PHN2ZyB3aWR0aD0iMSIgaGVpZ2h0PSIxIiB4bWxucz0iaHR0cDovL3d3dy53My5vcmcvMjAwMC9zdmciPjwvc3ZnPg==\" style=\"--smush-placeholder-width: 1542px; --smush-placeholder-aspect-ratio: 1542\/1137;\" \/><\/div><\/div><h2 class=\"w-text us_custom_a16e6009\"><span class=\"w-text-h\"><span class=\"w-text-value\">Pr\u00f2tesis completes removibles<\/span><\/span><\/h2><div class=\"w-separator us_custom_c5787b44 size_small with_line width_default thick_1 style_solid color_text align_center\"><div class=\"w-separator-h\"><\/div><\/div><div class=\"wpb_text_column\"><div class=\"wpb_wrapper\"><p>S\u00f3n pr\u00f2tesis que <strong>se subjecten a les genives<\/strong> i reemplacen <strong>\u00edntegrament una arcada dental<\/strong> , tornant la masticaci\u00f3 i est\u00e8tica als pacients.<\/p>\n<\/div><\/div><\/div><\/div><\/div><\/div><\/div><\/div><\/div><\/div><\/div><\/section>\n","protected":false},"excerpt":{"rendered":"InicioPr\u00f2tesis dentalsL&#8217;abs\u00e8ncia parcial o total de les peces dentals suposa un gran problema tant a nivell est\u00e8tic com funcional , moltes vegades es veu compromesa la fon\u00e8tica pel fet que la seva abs\u00e8ncia impedeix articular alguns sons. Les pr\u00f2tesis dentals s\u00f3n peces fabricades i dissenyades amb la finalitat de restaurar les dents perdudes o danyades...","protected":false},"author":5,"featured_media":0,"parent":14902,"menu_order":0,"comment_status":"closed","ping_status":"closed","template":"","meta":{"_acf_changed":false,"footnotes":""},"class_list":["post-15005","page","type-page","status-publish","hentry"],"acf":[],"_links":{"self":[{"href":"https:\/\/clinicachela.com\/ca\/wp-json\/wp\/v2\/pages\/15005"}],"collection":[{"href":"https:\/\/clinicachela.com\/ca\/wp-json\/wp\/v2\/pages"}],"about":[{"href":"https:\/\/clinicachela.com\/ca\/wp-json\/wp\/v2\/types\/page"}],"author":[{"embeddable":true,"href":"https:\/\/clinicachela.com\/ca\/wp-json\/wp\/v2\/users\/5"}],"replies":[{"embeddable":true,"href":"https:\/\/clinicachela.com\/ca\/wp-json\/wp\/v2\/comments?post=15005"}],"version-history":[{"count":3,"href":"https:\/\/clinicachela.com\/ca\/wp-json\/wp\/v2\/pages\/15005\/revisions"}],"predecessor-version":[{"id":38543,"href":"https:\/\/clinicachela.com\/ca\/wp-json\/wp\/v2\/pages\/15005\/revisions\/38543"}],"up":[{"embeddable":true,"href":"https:\/\/clinicachela.com\/ca\/wp-json\/wp\/v2\/pages\/14902"}],"wp:attachment":[{"href":"https:\/\/clinicachela.com\/ca\/wp-json\/wp\/v2\/media?parent=15005"}],"curies":[{"name":"wp","href":"https:\/\/api.w.org\/{rel}","templated":true}]}}