{"id":15062,"date":"2022-06-13T18:51:49","date_gmt":"2022-06-13T18:51:49","guid":{"rendered":"https:\/\/clinicachela.com\/tractaments\/cirurgia-dental\/dents-incloses\/"},"modified":"2026-03-25T12:03:36","modified_gmt":"2026-03-25T12:03:36","slug":"dents-incloses","status":"publish","type":"page","link":"https:\/\/clinicachela.com\/ca\/tractaments\/cirurgia-dental\/dents-incloses\/","title":{"rendered":"Dents incloses"},"content":{"rendered":"<section class=\"l-section wpb_row us_custom_9f6155f5 height_medium width_full\"><div class=\"l-section-h i-cf\"><div class=\"g-cols vc_row via_flex valign_middle type_default stacking_default\"><div class=\"vc_col-sm-12 wpb_column vc_column_container\"><div class=\"vc_column-inner\"><div class=\"wpb_wrapper\"><span><span><a href=\"https:\/\/clinicachela.com\/ca\/inici2\/\">Inicio<\/a><\/span><\/span><div class=\"w-image us_custom_1c8143e8 align_center\"><div class=\"w-image-h\"><img decoding=\"async\" width=\"150\" height=\"150\" data-src=\"https:\/\/clinicachela.com\/wp-content\/uploads\/2022\/06\/vector-26.svg\" class=\"attachment-thumbnail size-thumbnail lazyload\" alt=\"\" src=\"data:image\/svg+xml;base64,PHN2ZyB3aWR0aD0iMSIgaGVpZ2h0PSIxIiB4bWxucz0iaHR0cDovL3d3dy53My5vcmcvMjAwMC9zdmciPjwvc3ZnPg==\" style=\"--smush-placeholder-width: 150px; --smush-placeholder-aspect-ratio: 150\/150;\" \/><\/div><\/div><h1 class=\"w-text us_custom_054f2baa\"><span class=\"w-text-h\"><span class=\"w-text-value\">Dents incloses<\/span><\/span><\/h1><\/div><\/div><\/div><\/div><\/div><\/section><section class=\"l-section wpb_row us_custom_e47d7875 height_medium\"><div class=\"l-section-h i-cf\"><div class=\"g-cols vc_row via_flex valign_top type_default stacking_default\"><div class=\"vc_col-sm-12 wpb_column vc_column_container\"><div class=\"vc_column-inner\"><div class=\"wpb_wrapper\"><div class=\"g-cols wpb_row us_custom_efc17075 via_flex valign_top type_default stacking_default\"><div class=\"vc_col-sm-12 wpb_column vc_column_container\"><div class=\"vc_column-inner\"><div class=\"wpb_wrapper\"><h2 class=\"w-text us_custom_cd795cfd has_text_color\"><span class=\"w-text-h\"><span class=\"w-text-value\">Qu\u00e8 s\u00f3n les dents incloses?<\/span><\/span><\/h2><div class=\"w-separator size_small with_line width_default thick_1 style_solid color_text align_center\"><div class=\"w-separator-h\"><\/div><\/div><div class=\"wpb_text_column\"><div class=\"wpb_wrapper\"><p>Les <strong>dents incloses s\u00f3n aquelles que no han erupcionat o ho han fet parcialment<\/strong> . Aquestes dents no s&#8217;han desenvolupat de manera normal i s&#8217;han quedat dins de l&#8217;os. A CLINICACHELAIMPLANTOLOGIA abordem aquest tipus d&#8217;intervencions amb les millors t\u00e8cniques i especialistes amb la finalitat de promoure i oferir una salut bucodental \u00f2ptima.  <\/p>\n<p>L&#8217;elevada freq\u00fc\u00e8ncia de casos i les conseq\u00fc\u00e8ncies greus de la retenci\u00f3 de dents no sol passar desapercebuda. Un elevat percentatge de la poblaci\u00f3 pateix aquest problema, \u00e9s <strong>a partir dels 15 anys quan ens hem de preocupar per la malformaci\u00f3 o mala posici\u00f3 de les dents incloses<\/strong> . La detecci\u00f3 es realitza mitjan\u00e7ant radiografies i tomografies per con\u00e8ixer si el naixement de les dents \u00e9s el correcte o no.<\/p>\n<\/div><\/div><\/div><\/div><\/div><\/div><\/div><\/div><\/div><\/div><\/div><\/section><section class=\"l-section wpb_row height_medium\"><div class=\"l-section-h i-cf\"><div class=\"g-cols vc_row via_flex valign_top type_default stacking_default\"><div class=\"vc_col-sm-6 wpb_column vc_column_container\"><div class=\"vc_column-inner\"><div class=\"wpb_wrapper\"><h2 class=\"w-text us_custom_cd795cfd has_text_color\"><span class=\"w-text-h\"><span class=\"w-text-value\">Causes i Factors<\/span><\/span><\/h2><div class=\"w-separator size_small with_line width_default thick_1 style_solid color_text align_center\"><div class=\"w-separator-h\"><\/div><\/div><div class=\"wpb_text_column check-list\"><div class=\"wpb_wrapper\"><ul>\n<li>Alteraci\u00f3 dent\u00e0ria<\/li>\n<li>Infeccions<\/li>\n<li>Gen\u00e8tica<\/li>\n<li>Malnutrici\u00f3<\/li>\n<li>Traumatismes a la cavitat oral<\/li>\n<li>P\u00e8rdua d&#8217;espai per manca de peces dentals<\/li>\n<\/ul>\n<\/div><\/div><\/div><\/div><\/div><div class=\"vc_col-sm-6 wpb_column vc_column_container\"><div class=\"vc_column-inner\"><div class=\"wpb_wrapper\"><h2 class=\"w-text us_custom_cd795cfd has_text_color\"><span class=\"w-text-h\"><span class=\"w-text-value\">Conseq\u00fc\u00e8ncies<\/span><\/span><\/h2><div class=\"w-separator size_small with_line width_default thick_1 style_solid color_text align_center\"><div class=\"w-separator-h\"><\/div><\/div><div class=\"wpb_text_column check-list\"><div class=\"wpb_wrapper\"><ul>\n<li>Danys a l&#8217;estructura anat\u00f2mica<\/li>\n<li>Infeccions<\/li>\n<li>Malalties<\/li>\n<li>Reabsorci\u00f3 de l&#8217;arrel<\/li>\n<li>Problemes a la parla oa la masticaci\u00f3<\/li>\n<\/ul>\n<\/div><\/div><\/div><\/div><\/div><\/div><\/div><\/section><section class=\"l-section wpb_row us_custom_e47d7875 height_medium\"><div class=\"l-section-h i-cf\"><div class=\"g-cols vc_row via_flex valign_top type_default stacking_default\"><div class=\"vc_col-sm-6 wpb_column vc_column_container\"><div class=\"vc_column-inner\"><div class=\"wpb_wrapper\"><h2 class=\"w-text us_custom_cd795cfd has_text_color\"><span class=\"w-text-h\"><span class=\"w-text-value\">M\u00e9s sobre les dents incloses<\/span><\/span><\/h2><div class=\"w-separator size_small with_line width_default thick_1 style_solid color_text align_center\"><div class=\"w-separator-h\"><\/div><\/div><div class=\"wpb_text_column\"><div class=\"wpb_wrapper\"><p>L\u00b4extracci\u00f3 <strong>quir\u00fargica \u00e9s una intervenci\u00f3 molt simple.<\/strong> Molts s\u00f3n reticents a ella per por de complicacions o dolors, per\u00f2 hem de destacar els grans aven\u00e7os quant a la cirurgia oral, tant per la sistem\u00e0tica com per les eines emprades.<\/p>\n<p>L&#8217; <strong>extracci\u00f3 de dents incloses<\/strong> es realitza com a \u00faltima opci\u00f3, aquesta situaci\u00f3 es pot presentar a qualsevol dent, per\u00f2 principalment <strong>sol afectar els carenes<\/strong> (queixals del judici) tant inferiors com superiors. En els queixals del judici la inclusi\u00f3 \u00e9s perqu\u00e8 aquestes s\u00f3n les \u00faltimes peces a erupcionar i no sempre disposen del suficient espai per fer-ho. <\/p>\n<p>Davant la problem\u00e0tica de les dents incloses s&#8217;ha de ser conscient de la import\u00e0ncia de la seva extracci\u00f3, at\u00e8s que <strong>poden presentar problemes funcionals, orals i de salut<\/strong> . Com m\u00e9s aviat es tracti es podr\u00e0 prevenir el desenvolupament i l&#8217;evoluci\u00f3 d&#8217;alteracions bucodentals i les seues conseq\u00fc\u00e8ncies. <\/p>\n<p>Aquestes <strong>intervencions tornen la funcionalitat de la boca mitjan\u00e7ant l&#8217;extracci\u00f3 de les peces no erupcionades<\/strong> (molars canins, premolars, laterals i incisius) i gr\u00e0cies als aven\u00e7os en t\u00e8cniques quir\u00fargiques oferim intervencions senzilles, fiables, indolores i eficaces amb la finalitat de proporcionar i garantir els resultats.<\/p>\n<\/div><\/div><\/div><\/div><\/div><div class=\"vc_col-sm-6 wpb_column vc_column_container\"><div class=\"vc_column-inner\"><div class=\"wpb_wrapper\"><div class=\"w-image us_custom_a7458c9f fullwidth align_none\"><div class=\"w-image-h\"><img decoding=\"async\" width=\"557\" height=\"399\" data-src=\"https:\/\/clinicachela.com\/wp-content\/uploads\/2022\/06\/di.png\" class=\"attachment-full size-full lazyload\" alt=\"\" src=\"data:image\/svg+xml;base64,PHN2ZyB3aWR0aD0iMSIgaGVpZ2h0PSIxIiB4bWxucz0iaHR0cDovL3d3dy53My5vcmcvMjAwMC9zdmciPjwvc3ZnPg==\" style=\"--smush-placeholder-width: 557px; --smush-placeholder-aspect-ratio: 557\/399;\" \/><\/div><\/div><\/div><\/div><\/div><\/div><\/div><\/section>\n","protected":false},"excerpt":{"rendered":"InicioDents inclosesQu\u00e8 s\u00f3n les dents incloses?Les dents incloses s\u00f3n aquelles que no han erupcionat o ho han fet parcialment . Aquestes dents no s&#8217;han desenvolupat de manera normal i s&#8217;han quedat dins de l&#8217;os. A CLINICACHELAIMPLANTOLOGIA abordem aquest tipus d&#8217;intervencions amb les millors t\u00e8cniques i especialistes amb la finalitat de promoure i oferir una salut...","protected":false},"author":5,"featured_media":0,"parent":14985,"menu_order":0,"comment_status":"closed","ping_status":"closed","template":"","meta":{"_acf_changed":false,"footnotes":""},"class_list":["post-15062","page","type-page","status-publish","hentry"],"acf":[],"_links":{"self":[{"href":"https:\/\/clinicachela.com\/ca\/wp-json\/wp\/v2\/pages\/15062"}],"collection":[{"href":"https:\/\/clinicachela.com\/ca\/wp-json\/wp\/v2\/pages"}],"about":[{"href":"https:\/\/clinicachela.com\/ca\/wp-json\/wp\/v2\/types\/page"}],"author":[{"embeddable":true,"href":"https:\/\/clinicachela.com\/ca\/wp-json\/wp\/v2\/users\/5"}],"replies":[{"embeddable":true,"href":"https:\/\/clinicachela.com\/ca\/wp-json\/wp\/v2\/comments?post=15062"}],"version-history":[{"count":10,"href":"https:\/\/clinicachela.com\/ca\/wp-json\/wp\/v2\/pages\/15062\/revisions"}],"predecessor-version":[{"id":38528,"href":"https:\/\/clinicachela.com\/ca\/wp-json\/wp\/v2\/pages\/15062\/revisions\/38528"}],"up":[{"embeddable":true,"href":"https:\/\/clinicachela.com\/ca\/wp-json\/wp\/v2\/pages\/14985"}],"wp:attachment":[{"href":"https:\/\/clinicachela.com\/ca\/wp-json\/wp\/v2\/media?parent=15062"}],"curies":[{"name":"wp","href":"https:\/\/api.w.org\/{rel}","templated":true}]}}