{"id":15066,"date":"2022-06-13T18:24:39","date_gmt":"2022-06-13T18:24:39","guid":{"rendered":"https:\/\/clinicachela.com\/tractaments\/cirurgia-dental\/extraccio-de-queixals-del-judici\/"},"modified":"2026-03-26T08:28:40","modified_gmt":"2026-03-26T08:28:40","slug":"extraccio-de-queixals-del-seny","status":"publish","type":"page","link":"https:\/\/clinicachela.com\/ca\/tractaments\/cirurgia-dental\/extraccio-de-queixals-del-seny\/","title":{"rendered":"Extracci\u00f3 de queixals del judici"},"content":{"rendered":"<section class=\"l-section wpb_row us_custom_6064ec55 height_medium width_full\"><div class=\"l-section-h i-cf\"><div class=\"g-cols vc_row via_flex valign_top type_default stacking_default\"><div class=\"vc_col-sm-12 wpb_column vc_column_container\"><div class=\"vc_column-inner\"><div class=\"wpb_wrapper\"><div class=\"g-cols wpb_row us_custom_96abebca service-breadcrumbs has_text_color via_flex valign_top type_default stacking_default\"><div class=\"vc_col-sm-12 wpb_column vc_column_container\"><div class=\"vc_column-inner\"><div class=\"wpb_wrapper\"><span><span><a href=\"https:\/\/clinicachela.com\/ca\/inici2\/\">Inicio<\/a><\/span><\/span><\/div><\/div><\/div><\/div><div class=\"w-vwrapper us_custom_b60bd9b8 align_none valign_top\"><div class=\"w-image us_custom_cc9bb254 align_none\"><div class=\"w-image-h\"><img decoding=\"async\" width=\"1024\" height=\"1024\" data-src=\"https:\/\/clinicachela.com\/wp-content\/uploads\/2022\/06\/vector-25.svg\" class=\"attachment-large size-large lazyload\" alt=\"\" src=\"data:image\/svg+xml;base64,PHN2ZyB3aWR0aD0iMSIgaGVpZ2h0PSIxIiB4bWxucz0iaHR0cDovL3d3dy53My5vcmcvMjAwMC9zdmciPjwvc3ZnPg==\" style=\"--smush-placeholder-width: 1024px; --smush-placeholder-aspect-ratio: 1024\/1024;\" \/><\/div><\/div><h1 class=\"w-text us_custom_fd40081b\"><span class=\"w-text-h\"><span class=\"w-text-value\">Extracci\u00f3 de queixals del seny<\/span><\/span><\/h1><\/div><\/div><\/div><\/div><\/div><\/div><\/section><section class=\"l-section wpb_row height_medium\"><div class=\"l-section-h i-cf\"><div class=\"g-cols vc_row via_flex valign_top type_default stacking_default\"><div class=\"vc_col-sm-6 wpb_column vc_column_container\"><div class=\"vc_column-inner\"><div class=\"wpb_wrapper\"><h2 class=\"w-text us_custom_cd795cfd has_text_color\"><span class=\"w-text-h\"><span class=\"w-text-value\">En qu\u00e8 consisteix l&#8217;extracci\u00f3 dels queixals del seny?<\/span><\/span><\/h2><div class=\"w-separator size_small with_line width_default thick_1 style_solid color_text align_center\"><div class=\"w-separator-h\"><\/div><\/div><div class=\"wpb_text_column\"><div class=\"wpb_wrapper\"><p>A CLINICACHELAIMPLANTOLOGIA ens encarreguem de l&#8217; <strong>extracci\u00f3 de queixals del seny<\/strong> (com a molt sol durar un m\u00e0xim de 20 minuts la intervenci\u00f3). Pr\u00e8viament, mitjan\u00e7ant radiografies, <strong>analitzem la posici\u00f3 del queixal<\/strong> (o queixals) per preparar i planificar l&#8217;operatori i les t\u00e8cniques d&#8217;extracci\u00f3.<\/p>\n<p>L&#8217; <strong>extracci\u00f3 dels queixals del seny<\/strong> \u00e9s un <strong>procediment rutinari, essencial i necessari davant dels apinyaments o les retencions<\/strong> per evitar problemes en la salut oral i s&#8217;aplica anest\u00e8sia local. Les intervencions quir\u00fargiques es donen en els casos en qu\u00e8 els queixals puguin presentar problemes (inflamacions, infeccions, dolor o despla\u00e7aments dentals). Els nostres professionals qualificaran i valoraran la morfologia dental i aplicaran les mesures necess\u00e0ries. Davant de qualsevol dubte consulta&#8217;ns i t&#8217;assessorarem.<\/p>\n<\/div><\/div><\/div><\/div><\/div><div class=\"vc_col-sm-6 wpb_column vc_column_container\"><div class=\"vc_column-inner\"><div class=\"wpb_wrapper\"><div class=\"w-image us_custom_a7458c9f fullwidth has_ratio align_none\"><div class=\"w-image-h\"><div style=\"padding-bottom:75%\"><\/div><img decoding=\"async\" width=\"904\" height=\"720\" data-src=\"https:\/\/clinicachela.com\/wp-content\/uploads\/2022\/06\/dj.png\" class=\"attachment-full size-full lazyload\" alt=\"\" src=\"data:image\/svg+xml;base64,PHN2ZyB3aWR0aD0iMSIgaGVpZ2h0PSIxIiB4bWxucz0iaHR0cDovL3d3dy53My5vcmcvMjAwMC9zdmciPjwvc3ZnPg==\" style=\"--smush-placeholder-width: 904px; --smush-placeholder-aspect-ratio: 904\/720;\" \/><\/div><\/div><\/div><\/div><\/div><\/div><\/div><\/section><section class=\"l-section wpb_row height_medium\"><div class=\"l-section-h i-cf\"><div class=\"g-cols vc_row via_flex valign_top type_default reversed stacking_default\"><div class=\"vc_col-sm-6 wpb_column vc_column_container\"><div class=\"vc_column-inner us_custom_f03ee871\"><div class=\"wpb_wrapper\"><div class=\"w-image us_custom_a7458c9f fullwidth has_ratio align_none\"><div class=\"w-image-h\"><div style=\"padding-bottom:75%\"><\/div><img decoding=\"async\" width=\"1366\" height=\"911\" data-src=\"https:\/\/clinicachela.com\/wp-content\/uploads\/2022\/06\/cirugias-orales-2.jpg\" class=\"attachment-full size-full lazyload\" alt=\"\" src=\"data:image\/svg+xml;base64,PHN2ZyB3aWR0aD0iMSIgaGVpZ2h0PSIxIiB4bWxucz0iaHR0cDovL3d3dy53My5vcmcvMjAwMC9zdmciPjwvc3ZnPg==\" style=\"--smush-placeholder-width: 1366px; --smush-placeholder-aspect-ratio: 1366\/911;\" \/><\/div><\/div><\/div><\/div><\/div><div class=\"vc_col-sm-6 wpb_column vc_column_container\"><div class=\"vc_column-inner\"><div class=\"wpb_wrapper\"><h2 class=\"w-text us_custom_a74e1998 has_text_color\"><span class=\"w-text-h\"><span class=\"w-text-value\">M\u00e9s sobre els queixals del seny<\/span><\/span><\/h2><div class=\"w-separator size_small with_line width_default thick_1 style_solid color_text align_center\"><div class=\"w-separator-h\"><\/div><\/div><div class=\"wpb_text_column\"><div class=\"wpb_wrapper\"><p>Els <strong>queixals del seny<\/strong> estan ubicats a cada costat dels maxil\u00b7lars inferior i superior. <strong>S\u00f3n les darreres peces dentals que apareixen<\/strong> (a partir dels 18 anys comencen a emergir) i no sempre disposen del suficient espai per erupcionar. A dia d&#8217;avui, els queixals del seny s\u00f3n m\u00e9s aviat un maldecap que peces funcionals orals.<\/p>\n<p>\u00c9s important <strong>con\u00e8ixer, analitzar i avaluar mitjan\u00e7ant proves<\/strong> (radiografies) si cal o no extreure els queixals del seny, tot i disposar d&#8217;una dentadura perfecta i alineada aquesta es pot veure afectada en no disposar espai suficient per al creixement dels queixals del seny, podent desestructurar l&#8217;anatomia bucodental. Despr\u00e9s de l&#8217;operaci\u00f3 \u00e9s imprescindible seguir les pautes i recomanacions que proporcionem per a una recuperaci\u00f3 r\u00e0pida. (Per exemple, deixar de fumar temporalment, prendre analg\u00e8sics o antibi\u00f2tics i ingerir aliments tous)<\/p>\n<p>A CLINICACHELAIMPLANTOLOGIA proporcionem <strong>solucions definitives davant la necessitat d&#8217;extreure els queixals<\/strong> (d&#8217;un en un o tots alhora), garantint i assegurant la impossibilitat de riscos i problemes que se&#8217;n puguin derivar. Hi ha diversitat de factors que intervenen en la morfologia i formaci\u00f3 dels queixals, per aix\u00f2 \u00e9s imprescindible realitzar les proves pertinents per con\u00e8ixer i supervisar si es presenten riscos.<\/p>\n<\/div><\/div><\/div><\/div><\/div><\/div><\/div><\/section>\n","protected":false},"excerpt":{"rendered":"InicioExtracci\u00f3 de queixals del senyEn qu\u00e8 consisteix l&#8217;extracci\u00f3 dels queixals del seny?A CLINICACHELAIMPLANTOLOGIA ens encarreguem de l&#8217; extracci\u00f3 de queixals del seny (com a molt sol durar un m\u00e0xim de 20 minuts la intervenci\u00f3). Pr\u00e8viament, mitjan\u00e7ant radiografies, analitzem la posici\u00f3 del queixal (o queixals) per preparar i planificar l&#8217;operatori i les t\u00e8cniques d&#8217;extracci\u00f3. L&#8217; extracci\u00f3...","protected":false},"author":5,"featured_media":0,"parent":14985,"menu_order":0,"comment_status":"closed","ping_status":"closed","template":"","meta":{"_acf_changed":false,"footnotes":""},"class_list":["post-15066","page","type-page","status-publish","hentry"],"acf":[],"_links":{"self":[{"href":"https:\/\/clinicachela.com\/ca\/wp-json\/wp\/v2\/pages\/15066"}],"collection":[{"href":"https:\/\/clinicachela.com\/ca\/wp-json\/wp\/v2\/pages"}],"about":[{"href":"https:\/\/clinicachela.com\/ca\/wp-json\/wp\/v2\/types\/page"}],"author":[{"embeddable":true,"href":"https:\/\/clinicachela.com\/ca\/wp-json\/wp\/v2\/users\/5"}],"replies":[{"embeddable":true,"href":"https:\/\/clinicachela.com\/ca\/wp-json\/wp\/v2\/comments?post=15066"}],"version-history":[{"count":7,"href":"https:\/\/clinicachela.com\/ca\/wp-json\/wp\/v2\/pages\/15066\/revisions"}],"predecessor-version":[{"id":38532,"href":"https:\/\/clinicachela.com\/ca\/wp-json\/wp\/v2\/pages\/15066\/revisions\/38532"}],"up":[{"embeddable":true,"href":"https:\/\/clinicachela.com\/ca\/wp-json\/wp\/v2\/pages\/14985"}],"wp:attachment":[{"href":"https:\/\/clinicachela.com\/ca\/wp-json\/wp\/v2\/media?parent=15066"}],"curies":[{"name":"wp","href":"https:\/\/api.w.org\/{rel}","templated":true}]}}