{"id":15081,"date":"2022-06-12T19:38:14","date_gmt":"2022-06-12T19:38:14","guid":{"rendered":"https:\/\/clinicachela.com\/tractaments\/cirurgies-orals\/"},"modified":"2025-02-25T12:11:42","modified_gmt":"2025-02-25T12:11:42","slug":"cirurgies-orals","status":"publish","type":"page","link":"https:\/\/clinicachela.com\/ca\/tractaments\/cirurgies-orals\/","title":{"rendered":"Cirurgies Orals"},"content":{"rendered":"<section class=\"l-section wpb_row us_custom_8059a064 height_medium width_full\"><div class=\"l-section-h i-cf\"><div class=\"g-cols vc_row via_flex valign_top type_default stacking_default\"><div class=\"vc_col-sm-12 wpb_column vc_column_container\"><div class=\"vc_column-inner\"><div class=\"wpb_wrapper\"><div class=\"g-cols wpb_row us_custom_96abebca service-breadcrumbs has_text_color via_flex valign_top type_default stacking_default\"><div class=\"vc_col-sm-12 wpb_column vc_column_container\"><div class=\"vc_column-inner\"><div class=\"wpb_wrapper\"><span><span><a href=\"https:\/\/clinicachela.com\/ca\/inici2\/\">Inicio<\/a><\/span><\/span><\/div><\/div><\/div><\/div><div class=\"w-vwrapper us_custom_b60bd9b8 align_none valign_top\"><div class=\"w-image us_custom_cc9bb254 align_none\"><div class=\"w-image-h\"><img decoding=\"async\" width=\"1024\" height=\"1024\" data-src=\"https:\/\/clinicachela.com\/wp-content\/uploads\/2022\/06\/vector-24.svg\" class=\"attachment-large size-large lazyload\" alt=\"\" src=\"data:image\/svg+xml;base64,PHN2ZyB3aWR0aD0iMSIgaGVpZ2h0PSIxIiB4bWxucz0iaHR0cDovL3d3dy53My5vcmcvMjAwMC9zdmciPjwvc3ZnPg==\" style=\"--smush-placeholder-width: 1024px; --smush-placeholder-aspect-ratio: 1024\/1024;\" \/><\/div><\/div><h1 class=\"w-text us_custom_792e20c8\"><span class=\"w-text-h\"><span class=\"w-text-value\">Cirurgies Orals<\/span><\/span><\/h1><\/div><\/div><\/div><\/div><\/div><\/div><\/section><section class=\"l-section wpb_row us_custom_30b40689 height_medium\"><div class=\"l-section-h i-cf\"><div class=\"g-cols vc_row via_flex valign_top type_default stacking_default\"><div class=\"vc_col-sm-12 wpb_column vc_column_container\"><div class=\"vc_column-inner\"><div class=\"wpb_wrapper\"><\/div><\/div><\/div><\/div><\/div><\/section><section class=\"l-section wpb_row height_large\"><div class=\"l-section-h i-cf\"><div class=\"g-cols vc_row via_flex valign_top type_default stacking_default\"><div class=\"vc_col-sm-12 wpb_column vc_column_container\"><div class=\"vc_column-inner\"><div class=\"wpb_wrapper\"><div class=\"wpb_text_column\"><div class=\"wpb_wrapper\"><p>En funci\u00f3 del pron\u00f2stic i el diagn\u00f2stic dissenyem un pla de tractament interdisciplinari per <strong>tractar les diverses patologies orals.<\/strong> La cirurgia oral \u00e9s una especialitat que rehabilita aspectes est\u00e8tics i funcionals de la boca per tal d&#8217;afavorir i regenerar la salut dels pacients.<\/p>\n<p>A CLINICACHELAIMPLANTOLOGIA oferim <strong>diversitat de tractaments quant a cirurgia oral<\/strong> , tant per malalties, traumatismes, gen\u00e8tica o est\u00e8tica amb la finalitat de proporcionar un benestar f\u00edsic i saludable. Davant de qualsevol dubte consulta amb nosaltres i et resoldrem totes les teves q\u00fcestions.<\/p>\n<\/div><\/div><\/div><\/div><\/div><\/div><\/div><\/section><section class=\"l-section wpb_row us_custom_e47d7875 height_large\"><div class=\"l-section-h i-cf\"><div class=\"g-cols vc_row via_flex valign_top type_default stacking_default\"><div class=\"vc_col-sm-12 wpb_column vc_column_container\"><div class=\"vc_column-inner\"><div class=\"wpb_wrapper\"><div class=\"g-cols wpb_row via_flex valign_top type_default stacking_default\" style=\"--additional-gap:1.5rem;\"><div class=\"vc_col-sm-4 wpb_column vc_column_container\"><div class=\"vc_column-inner us_custom_92b2762d\"><div class=\"wpb_wrapper\"><h3 class=\"w-text us_custom_a16e6009\"><span class=\"w-text-h\"><span class=\"w-text-value\">Cirurgies orals<\/span><\/span><\/h3><div class=\"w-separator us_custom_c5787b44 size_small with_line width_default thick_1 style_solid color_text align_center\"><div class=\"w-separator-h\"><\/div><\/div><div class=\"wpb_text_column\"><div class=\"wpb_wrapper\"><p>La <strong>cirurgia oral<\/strong> \u00e9s una especialitat que <strong>diagnostica i tracta quir\u00fargicament malalties, defectes i traumatismes dels maxil\u00b7lars i regions contig\u00fces<\/strong> tant a petits com a grans. T\u00e9 com a finalitat la <strong>reconstrucci\u00f3 i restauraci\u00f3 de la cavitat oral<\/strong> ja sigui per cops, malformacions o malalties que involucren aspectes tant funcionals com a est\u00e8tics de la boca. <\/p>\n<p>A CLINICACHELAIMPLANTOLOGIA som professionals amb una extensa formaci\u00f3 medicoquir\u00fargica per prevenir, diagnosticar, tractar i rehabilitar tota mena de patologies bucodentals i facials.<\/p>\n<\/div><\/div><\/div><\/div><\/div><div class=\"vc_col-sm-4 wpb_column vc_column_container\"><div class=\"vc_column-inner us_custom_92b2762d\"><div class=\"wpb_wrapper\"><h3 class=\"w-text us_custom_a16e6009\"><span class=\"w-text-h\"><span class=\"w-text-value\">En qu\u00e8 consisteix la cirurgia oral?<\/span><\/span><\/h3><div class=\"w-separator us_custom_c5787b44 size_small with_line width_default thick_1 style_solid color_text align_center\"><div class=\"w-separator-h\"><\/div><\/div><div class=\"wpb_text_column\"><div class=\"wpb_wrapper\"><p>A CLINICACHELAIMPLANTOLOGIA realitzem <strong>diversos tipus de tractaments quir\u00fargics de la cavitat oral<\/strong> : extraccions dentals completes, extraccions carenes (queixals del judici), f\u00edstules, extraccions parcials, tumors benignes, implants osteointegrats, extracci\u00f3 de quists, implants pre-pro-<\/p>\n<p>Tot aix\u00f2 amb la finalitat d&#8217; <strong>evitar futurs riscos o per tractar afeccions que estan intervenint en la salut del pacient<\/strong> . Els nostres procediments m\u00e9s rutinaris consisteixen en l&#8217;extracci\u00f3 de dents, generalment els queixals del seny, encara que tamb\u00e9 realitzem operacions m\u00e9s complexes, depenent del cas i les necessitats del pacient. <strong>El nostre servei de cirurgia oral engloba diversos tractaments<\/strong> per tractar diverses patologies orals per tal d&#8217;aconseguir l&#8217;harmonia oral. <\/p>\n<p>A CLINICACHELAIMPLANTOLOGIA disposem d&#8217;un <strong>servei odontol\u00f2gic quir\u00fargic complet per realitzar tot tipus de tractaments<\/strong> . En molts casos es poden tractar amb altres t\u00e8cniques odontol\u00f2giques, per\u00f2 els quadres m\u00e9s severs s&#8217;hauran de tractar amb cirurgia per restaurar la funcionalitat i est\u00e8tica oral.<\/p>\n<\/div><\/div><\/div><\/div><\/div><div class=\"vc_col-sm-4 wpb_column vc_column_container\"><div class=\"vc_column-inner us_custom_92b2762d\"><div class=\"wpb_wrapper\"><h3 class=\"w-text us_custom_a16e6009\"><span class=\"w-text-h\"><span class=\"w-text-value\">Consideracions<\/span><\/span><\/h3><div class=\"w-separator us_custom_c5787b44 size_small with_line width_default thick_1 style_solid color_text align_center\"><div class=\"w-separator-h\"><\/div><\/div><div class=\"wpb_text_column\"><div class=\"wpb_wrapper\"><p>Despr\u00e9s de les intervencions cal tenir en compte <strong>diversos factors que intervenen en el proc\u00e9s de cicatritzaci\u00f3<\/strong> : l&#8217;edat, el pes, l&#8217;estat nutricional, la hidrataci\u00f3, la resposta immunol\u00f2gica, la pres\u00e8ncia de malalties o infeccions. Tots aquests components s\u00f3n de gran rellev\u00e0ncia per a la total <strong>rehabilitaci\u00f3 postoperat\u00f2ria del pacient<\/strong> e. Pr\u00e8viament estudiem cada cas per evitar qualsevol tipus d&#8217;incid\u00e8ncia o risc a la salut dels nostres pacients.  <\/p>\n<p>La seguretat \u00e9s, sobretot, essencial per a CLINICACHELAIMPLANTOLOGIA. La cirurgia oral ha evolucionat des dels seus inicis fins avui dia de forma vertiginosa. La destresa, els coneixements en la mat\u00e8ria, <strong>la innovaci\u00f3 de sistemes i eines aix\u00ed com la professionalitat dels nostres cirurgians garanteix la qualitat i la fiabilitat de tots i cadascun dels nostres tractaments quir\u00fargics<\/strong> . Els nostres serveis i intervencions s\u00f3n totalment indolors i senzills gr\u00e0cies al desenvolupament de t\u00e8cniques i les innovacions que s&#8217;han aplicat a l&#8217;\u00e0mbit quir\u00fargic i odontol\u00f2gic.<\/p>\n<\/div><\/div><\/div><\/div><\/div><\/div><\/div><\/div><\/div><\/div><\/div><\/section>\n","protected":false},"excerpt":{"rendered":"InicioCirurgies OralsEn funci\u00f3 del pron\u00f2stic i el diagn\u00f2stic dissenyem un pla de tractament interdisciplinari per tractar les diverses patologies orals. La cirurgia oral \u00e9s una especialitat que rehabilita aspectes est\u00e8tics i funcionals de la boca per tal d&#8217;afavorir i regenerar la salut dels pacients. A CLINICACHELAIMPLANTOLOGIA oferim diversitat de tractaments quant a cirurgia oral ,...","protected":false},"author":5,"featured_media":0,"parent":14902,"menu_order":0,"comment_status":"closed","ping_status":"closed","template":"","meta":{"_acf_changed":false,"footnotes":""},"class_list":["post-15081","page","type-page","status-publish","hentry"],"acf":[],"_links":{"self":[{"href":"https:\/\/clinicachela.com\/ca\/wp-json\/wp\/v2\/pages\/15081"}],"collection":[{"href":"https:\/\/clinicachela.com\/ca\/wp-json\/wp\/v2\/pages"}],"about":[{"href":"https:\/\/clinicachela.com\/ca\/wp-json\/wp\/v2\/types\/page"}],"author":[{"embeddable":true,"href":"https:\/\/clinicachela.com\/ca\/wp-json\/wp\/v2\/users\/5"}],"replies":[{"embeddable":true,"href":"https:\/\/clinicachela.com\/ca\/wp-json\/wp\/v2\/comments?post=15081"}],"version-history":[{"count":7,"href":"https:\/\/clinicachela.com\/ca\/wp-json\/wp\/v2\/pages\/15081\/revisions"}],"predecessor-version":[{"id":15260,"href":"https:\/\/clinicachela.com\/ca\/wp-json\/wp\/v2\/pages\/15081\/revisions\/15260"}],"up":[{"embeddable":true,"href":"https:\/\/clinicachela.com\/ca\/wp-json\/wp\/v2\/pages\/14902"}],"wp:attachment":[{"href":"https:\/\/clinicachela.com\/ca\/wp-json\/wp\/v2\/media?parent=15081"}],"curies":[{"name":"wp","href":"https:\/\/api.w.org\/{rel}","templated":true}]}}